{"id":678,"date":"2023-11-03T16:21:13","date_gmt":"2023-11-03T16:21:13","guid":{"rendered":"https:\/\/teneryfka.pl\/?page_id=678"},"modified":"2024-01-08T17:25:05","modified_gmt":"2024-01-08T17:25:05","slug":"regulamin","status":"publish","type":"page","link":"https:\/\/teneryfka.pl\/nl\/regulamin\/","title":{"rendered":"Algemene voorwaarden"},"content":{"rendered":"<div class=\"wpb-content-wrapper\"><div class=\"vc_row wpb_row vc_row-fluid\"><div class=\"wpb_column vc_column_container vc_col-sm-12\"><div class=\"vc_column-inner\"><div class=\"wpb_wrapper\">\n\t<div class=\"wpb_text_column wpb_content_element\" >\n\t\t<div class=\"wpb_wrapper\">\n\t\t\t<p><strong>Regulamin zakup\u00f3w w serwisie teneryfka.pl<\/strong><\/p>\n<p><strong>1. Algemene Informatie<\/strong><\/p>\n<ul>\n<li>Het bedrijf is geregistreerd bij de Consejeria de Turismo, Cultura y Deportes, Direccion General de Ordenacion y Promocion Turistica,<br \/>Gobierno de Canarias;<br \/>NIF: X3088332F.<\/li>\n<li>Warunki sprzeda\u017cy maj\u0105 zastosowanie do zakupu biletu dokonanego w serwisie teneryfka.pl, czyli firmy zarejestrowanej w Hiszpanii pod adresem:<br \/>Avenida Maritima 31, C.C. Playa la Arena, Lokale 25, 38683 Puerto Santiago, Santa Cruz de Tenerife, Spanje.<\/li>\n<\/ul>\n<p><!-- \/wp:post-content --><strong>2. Verwerving\/Koop\/Uitvoering van een Ticket<\/strong><\/p>\n<ul>\n<li>Alleen personen die de leeftijd van 18 jaar hebben bereikt, mogen het kopen. Tijdens de aankoop moet een bestelformulier worden ingevuld en het volledige bedrag worden betaald.<\/li>\n<li>Het klikken op de knop 'Reserveren' leidt naar de betaalpagina. Pas nadat de betaling is verricht, wordt een bevestigingsmail naar Tenerifeadventure.eu gestuurd, waardoor de bestelling van de dienst wordt afgerond.<\/li>\n<li>De minimale tijd om een ticket te kopen is 24 uur voor de uitvoering van de dienst.<\/li>\n<li>Tenerifeadventure.eu behoudt zich het recht voor om een bestelling van een klant af te wijzen als deze niet haalbaar is (bijvoorbeeld geen beschikbare plaatsen, ongunstige weersomstandigheden, onvoldoende tijd om de bestelling te verwerken). Als de klant heeft betaald en zijn bestelling wordt afgewezen, verplicht Tenerifeadventure.eu zich tot terugbetaling van het volledig betaalde bedrag.<\/li>\n<li>Het ticket kan slechts \u00e9\u00e9n keer worden ingewisseld bij het uitvoeren van de bestelling bij een partner van Tenerifeadventure.eu.<\/li>\n<li>Om het ticket in te wisselen, moet het binnen de geldigheidsperiode aan de partner worden gepresenteerd.<\/li>\n<li>Een ticket dat niet binnen de geldigheidsperiode is ingewisseld, vervalt automatisch. Een verlopen bestelling kan niet worden uitgevoerd, en de ticketbezitter heeft geen recht op terugbetaling of schadevergoeding.<\/li>\n<li>Het ticket kan alleen in zijn geheel worden ingewisseld. Het is niet onderhevig aan gedeeltelijke of geleidelijke vervulling.<\/li>\n<li>Als de partner vanwege onvoorziene omstandigheden de door Tenerifeadventure.eu aangeboden dienst niet kan leveren zoals beschreven, zal Tenerifeadventure.eu u hierover onmiddellijk per e-mail of telefoon informeren. Tenerifeadventure.eu zal u een nieuw ticket aanbieden dat vergelijkbare voordelen biedt (indien beschikbaar) of een volledige terugbetaling van de ticketprijs.<\/li>\n<li>Als de Klant het gebruik van de bestelling heeft geannuleerd en de annulering heeft plaatsgevonden binnen 48 uur of minder voor de uitvoeringsdatum van de dienst, is hij verplicht om 50% van de totale kosten van de dienst te betalen, in overeenstemming met de handelsregelgeving van reisagenten in Spanje, daterend van 25 februari 1953.<\/li>\n<li>Het ticket kan uitsluitend worden gekocht voor persoonlijk, niet-commercieel gebruik (hoewel het aan een andere persoon kan worden overgedragen voor hun persoonlijk, niet-commercieel gebruik).<\/li>\n<li>De koper is uitsluitend verantwoordelijk voor het ticket. Noch Tenerifeadventure.eu, noch de Partner zijn verantwoordelijk voor verloren of gestolen tickets.<\/li>\n<\/ul>\n<p><!-- \/wp:list-item --><!-- \/wp:list --><\/p>\n<p><!-- wp:paragraph --><strong>3. De koper verbindt zich ertoe geen valse informatie te verstrekken, inclusief valse namen, adresgegevens, contactgegevens of betalingsinformatie;<\/strong><br \/>De koper verbindt zich er ook toe geen illegale acties te ondernemen met betrekking tot de verwerving of het gebruik van het ticket, en te voorkomen dat anderen dergelijke acties ondernemen.<\/p>\n<p><!-- \/wp:paragraph --><\/p>\n<p><!-- wp:paragraph --><strong>4. Annulering, Terugbetaling en Problemen<\/strong><\/p>\n<ul>\n<li>De klant heeft het recht om zich binnen 14 kalenderdagen na de dag waarop hij de aankoopbevestiging per e-mail heeft ontvangen terug te trekken uit de ticketkoopovereenkomst.<\/li>\n<li>Door zich terug te trekken uit de inwisseling van de coupon 48 uur of minder voor de geplande servicedatum, verbindt de klant zich ertoe 50% van de totale serviceprijs te betalen, in overeenstemming met de handelsregelgeving van reisagenten in Spanje, gedateerd op 25 februari 1953.<\/li>\n<li>O odst\u0105pieniu od umowy poinformowa\u0107 mo\u017cna wype\u0142niaj\u0105c i przesy\u0142aj\u0105c formularz na stronie teneryfka.pl, w dziale kontakt poprzez kontakt e-mail lub poprzez kontakt telefoniczny<\/li>\n<li>Alle kwesties met betrekking tot terugbetalingen zullen direct worden besproken met het serviceteam van Tenerifeadventure.eu.<\/li>\n<li>De koper is zich ervan bewust dat het de Partner is, en niet Tenerifeadventure.eu, die verantwoordelijk is voor de dienst en de uitvoering ervan.<\/li>\n<\/ul>\n<p><strong>5. Klacht<\/strong><\/p>\n<p>Alle klachten worden direct met de klant besproken per telefoon of op het kantoor van Tenerife Adventure om de details te bespreken. Als een schriftelijke klacht vereist is, wordt de klant ge\u00efnformeerd. Dit kan voorkomen in gevallen waarin een dergelijke klacht vereist is door de partner waarmee Tenerife Adventure samenwerkt en die de dienst heeft uitgevoerd. Elke klacht kan door de klant schriftelijk of mondeling worden ingediend. Elke\u00a0<strong>klacht\u00a0<\/strong>zal grondig worden besproken zodat zowel de klant als Tenerife Adventure, evenals de partner waarmee Tenerife Adventure samenwerkt, tevreden zijn. Klachten worden onmiddellijk in overweging genomen.<\/p>\n\n\t\t<\/div>\n\t<\/div>\n<\/div><\/div><\/div><\/div>\n<\/div>","protected":false},"excerpt":{"rendered":"Regulamin zakup\u00f3w w serwisie teneryfka.pl 1. Informacje og\u00f3lne Firma jest zarejestrowana w Consejeria de Turismo, Cultura y Deportes, Direccion General de Ordenacion y Promocion Turistica,Gobierno de Canarias;NIF: X3088332F. Warunki sprzeda\u017cy maj\u0105 zastosowanie do zakupu biletu dokonanego w serwisie teneryfka.pl, czyli firmy zarejestrowanej w Hiszpanii pod adresem:Avenida Maritima 31, C.C. Playa la Arena lokal 25, 38683 [...]","protected":false},"author":1,"featured_media":0,"parent":0,"menu_order":0,"comment_status":"closed","ping_status":"closed","template":"","meta":{"footnotes":""},"class_list":["post-678","page","type-page","status-publish","hentry"],"yoast_head":"<!-- This site is optimized with the Yoast SEO plugin v25.3.1 - https:\/\/yoast.com\/wordpress\/plugins\/seo\/ -->\n<title>Regulamin - Tenerife Adventure<\/title>\n<meta name=\"robots\" content=\"index, follow, max-snippet:-1, max-image-preview:large, max-video-preview:-1\" \/>\n<link rel=\"canonical\" href=\"https:\/\/teneryfka.pl\/nl\/regulamin\/\" \/>\n<meta property=\"og:locale\" content=\"nl_NL\" \/>\n<meta property=\"og:type\" content=\"article\" \/>\n<meta property=\"og:title\" content=\"Regulamin - Tenerife Adventure\" \/>\n<meta property=\"og:url\" content=\"https:\/\/teneryfka.pl\/nl\/regulamin\/\" \/>\n<meta property=\"og:site_name\" content=\"Tenerife Adventure\" \/>\n<meta property=\"article:modified_time\" content=\"2024-01-08T17:25:05+00:00\" \/>\n<meta name=\"twitter:card\" content=\"summary_large_image\" \/>\n<meta name=\"twitter:label1\" content=\"Verwachte leestijd\" \/>\n\t<meta name=\"twitter:data1\" content=\"4 minuten\" \/>\n<script type=\"application\/ld+json\" class=\"yoast-schema-graph\">{\"@context\":\"https:\/\/schema.org\",\"@graph\":[{\"@type\":\"WebPage\",\"@id\":\"https:\/\/teneryfka.pl\/regulamin\/\",\"url\":\"https:\/\/teneryfka.pl\/regulamin\/\",\"name\":\"Regulamin - Tenerife Adventure\",\"isPartOf\":{\"@id\":\"https:\/\/teneryfka.pl\/#website\"},\"datePublished\":\"2023-11-03T16:21:13+00:00\",\"dateModified\":\"2024-01-08T17:25:05+00:00\",\"breadcrumb\":{\"@id\":\"https:\/\/teneryfka.pl\/regulamin\/#breadcrumb\"},\"inLanguage\":\"nl-NL\",\"potentialAction\":[{\"@type\":\"ReadAction\",\"target\":[\"https:\/\/teneryfka.pl\/regulamin\/\"]}]},{\"@type\":\"BreadcrumbList\",\"@id\":\"https:\/\/teneryfka.pl\/regulamin\/#breadcrumb\",\"itemListElement\":[{\"@type\":\"ListItem\",\"position\":1,\"name\":\"Strona g\u0142\u00f3wna\",\"item\":\"https:\/\/teneryfka.pl\/\"},{\"@type\":\"ListItem\",\"position\":2,\"name\":\"Regulamin\"}]},{\"@type\":\"WebSite\",\"@id\":\"https:\/\/teneryfka.pl\/#website\",\"url\":\"https:\/\/teneryfka.pl\/\",\"name\":\"Tenerife Adventure\",\"description\":\"\",\"publisher\":{\"@id\":\"https:\/\/teneryfka.pl\/#organization\"},\"potentialAction\":[{\"@type\":\"SearchAction\",\"target\":{\"@type\":\"EntryPoint\",\"urlTemplate\":\"https:\/\/teneryfka.pl\/?s={search_term_string}\"},\"query-input\":{\"@type\":\"PropertyValueSpecification\",\"valueRequired\":true,\"valueName\":\"search_term_string\"}}],\"inLanguage\":\"nl-NL\"},{\"@type\":\"Organization\",\"@id\":\"https:\/\/teneryfka.pl\/#organization\",\"name\":\"Tenerife Adventure\",\"url\":\"https:\/\/teneryfka.pl\/\",\"logo\":{\"@type\":\"ImageObject\",\"inLanguage\":\"nl-NL\",\"@id\":\"https:\/\/teneryfka.pl\/#\/schema\/logo\/image\/\",\"url\":\"https:\/\/teneryfka.pl\/wp-content\/uploads\/2025\/05\/cropped-cropped-cropped-NOWE-LOGO-TENERIFE-3.png\",\"contentUrl\":\"https:\/\/teneryfka.pl\/wp-content\/uploads\/2025\/05\/cropped-cropped-cropped-NOWE-LOGO-TENERIFE-3.png\",\"width\":203,\"height\":120,\"caption\":\"Tenerife Adventure\"},\"image\":{\"@id\":\"https:\/\/teneryfka.pl\/#\/schema\/logo\/image\/\"}}]}<\/script>\n<!-- \/ Yoast SEO plugin. -->","yoast_head_json":{"title":"Regulamin - Tenerife Adventure","robots":{"index":"index","follow":"follow","max-snippet":"max-snippet:-1","max-image-preview":"max-image-preview:large","max-video-preview":"max-video-preview:-1"},"canonical":"https:\/\/teneryfka.pl\/nl\/regulamin\/","og_locale":"nl_NL","og_type":"article","og_title":"Regulamin - Tenerife Adventure","og_url":"https:\/\/teneryfka.pl\/nl\/regulamin\/","og_site_name":"Tenerife Adventure","article_modified_time":"2024-01-08T17:25:05+00:00","twitter_card":"summary_large_image","twitter_misc":{"Verwachte leestijd":"4 minuten"},"schema":{"@context":"https:\/\/schema.org","@graph":[{"@type":"WebPage","@id":"https:\/\/teneryfka.pl\/regulamin\/","url":"https:\/\/teneryfka.pl\/regulamin\/","name":"Regulamin - Tenerife Adventure","isPartOf":{"@id":"https:\/\/teneryfka.pl\/#website"},"datePublished":"2023-11-03T16:21:13+00:00","dateModified":"2024-01-08T17:25:05+00:00","breadcrumb":{"@id":"https:\/\/teneryfka.pl\/regulamin\/#breadcrumb"},"inLanguage":"nl-NL","potentialAction":[{"@type":"ReadAction","target":["https:\/\/teneryfka.pl\/regulamin\/"]}]},{"@type":"BreadcrumbList","@id":"https:\/\/teneryfka.pl\/regulamin\/#breadcrumb","itemListElement":[{"@type":"ListItem","position":1,"name":"Strona g\u0142\u00f3wna","item":"https:\/\/teneryfka.pl\/"},{"@type":"ListItem","position":2,"name":"Regulamin"}]},{"@type":"WebSite","@id":"https:\/\/teneryfka.pl\/#website","url":"https:\/\/teneryfka.pl\/","name":"Tenerife Adventure","description":"","publisher":{"@id":"https:\/\/teneryfka.pl\/#organization"},"potentialAction":[{"@type":"SearchAction","target":{"@type":"EntryPoint","urlTemplate":"https:\/\/teneryfka.pl\/?s={search_term_string}"},"query-input":{"@type":"PropertyValueSpecification","valueRequired":true,"valueName":"search_term_string"}}],"inLanguage":"nl-NL"},{"@type":"Organization","@id":"https:\/\/teneryfka.pl\/#organization","name":"Tenerife Adventure","url":"https:\/\/teneryfka.pl\/","logo":{"@type":"ImageObject","inLanguage":"nl-NL","@id":"https:\/\/teneryfka.pl\/#\/schema\/logo\/image\/","url":"https:\/\/teneryfka.pl\/wp-content\/uploads\/2025\/05\/cropped-cropped-cropped-NOWE-LOGO-TENERIFE-3.png","contentUrl":"https:\/\/teneryfka.pl\/wp-content\/uploads\/2025\/05\/cropped-cropped-cropped-NOWE-LOGO-TENERIFE-3.png","width":203,"height":120,"caption":"Tenerife Adventure"},"image":{"@id":"https:\/\/teneryfka.pl\/#\/schema\/logo\/image\/"}}]}},"_links":{"self":[{"href":"https:\/\/teneryfka.pl\/nl\/wp-json\/wp\/v2\/pages\/678","targetHints":{"allow":["GET"]}}],"collection":[{"href":"https:\/\/teneryfka.pl\/nl\/wp-json\/wp\/v2\/pages"}],"about":[{"href":"https:\/\/teneryfka.pl\/nl\/wp-json\/wp\/v2\/types\/page"}],"author":[{"embeddable":true,"href":"https:\/\/teneryfka.pl\/nl\/wp-json\/wp\/v2\/users\/1"}],"replies":[{"embeddable":true,"href":"https:\/\/teneryfka.pl\/nl\/wp-json\/wp\/v2\/comments?post=678"}],"version-history":[{"count":5,"href":"https:\/\/teneryfka.pl\/nl\/wp-json\/wp\/v2\/pages\/678\/revisions"}],"predecessor-version":[{"id":6543211530,"href":"https:\/\/teneryfka.pl\/nl\/wp-json\/wp\/v2\/pages\/678\/revisions\/6543211530"}],"wp:attachment":[{"href":"https:\/\/teneryfka.pl\/nl\/wp-json\/wp\/v2\/media?parent=678"}],"curies":[{"name":"wp","href":"https:\/\/api.w.org\/{rel}","templated":true}]}}