{"id":6543215314,"date":"2025-07-24T14:52:39","date_gmt":"2025-07-24T14:52:39","guid":{"rendered":"https:\/\/teneryfka.pl\/?page_id=6543215314"},"modified":"2025-07-29T08:44:11","modified_gmt":"2025-07-29T08:44:11","slug":"e-book-teneryfa-ktora-zostaje-w-sercu","status":"publish","type":"page","link":"https:\/\/teneryfka.pl\/nl\/e-book-teneryfa-ktora-zostaje-w-sercu\/","title":{"rendered":"E-book: Teneryfa, kt\u00f3ra zostaje w sercu"},"content":{"rendered":"<div class=\"wpb-content-wrapper\"><div data-vc-full-width=\"true\" data-vc-full-width-init=\"false\" class=\"vc_row wpb_row vc_row-fluid vc_custom_1753728039258 vc_row-has-fill\"><div class=\"wpb_column vc_column_container vc_col-sm-6\"><div class=\"vc_column-inner\"><div class=\"wpb_wrapper\"><h1 style=\"font-size: 52px;color: #ffffff;line-height: 1;text-align: left;font-family:Roboto;font-weight:700;font-style:normal\" class=\"vc_custom_heading vc_do_custom_heading stylised-heading vc_custom_1753382472208\" >Teneryfa, kt\u00f3ra zostaje w sercu<\/h1>\n\t<div class=\"wpb_text_column wpb_content_element vc_custom_1753393383719\" >\n\t\t<div class=\"wpb_wrapper\">\n\t\t\t<h3><span style=\"color: #ffffff;\">E-book z dusz\u0105 i praktyk\u0105 \u2013 od kobiety, kt\u00f3ra zna wysp\u0119 jak nikt inny<\/span><\/h3>\n\n\t\t<\/div>\n\t<\/div>\n<\/div><\/div><\/div><\/div><div class=\"vc_row-full-width vc_clearfix\"><\/div><div data-vc-full-width=\"true\" data-vc-full-width-init=\"false\" class=\"vc_row wpb_row vc_row-fluid vc_custom_1753368990251 vc_row-has-fill vc_row-o-content-middle vc_row-flex\"><div class=\"wpb_column vc_column_container vc_col-sm-6\"><div class=\"vc_column-inner\"><div class=\"wpb_wrapper\"><h2 style=\"font-size: 52px;color: #424242;line-height: 1;text-align: left;font-family:Roboto;font-weight:700;font-style:normal\" class=\"vc_custom_heading vc_do_custom_heading stylised-heading vc_custom_1753382486712\" >DLACZEGO WARTO KUPI\u0106 TEN E-BOOK?<\/h2>\n\t<div class=\"wpb_text_column wpb_content_element vc_custom_1753362544997\" >\n\t\t<div class=\"wpb_wrapper\">\n\t\t\t<p>Napisa\u0142am ten e-book dla ludzi, kt\u00f3rzy \u2013 tak jak ja kiedy\u015b \u2013 pragn\u0105 poczu\u0107 co\u015b wi\u0119cej ni\u017c tylko ciep\u0142y piasek pod stopami. Dla tych, kt\u00f3rzy chc\u0105 zrozumie\u0107 dusz\u0119 Teneryfy, zobaczy\u0107 j\u0105 moimi oczami . Znam\u00a0 t\u0119 wysp\u0119 z\u00a0 \u017cycia, rozm\u00f3w z mieszka\u0144cami, z setek wycieczek, kt\u00f3re prowadzi\u0142am, z zachwyt\u00f3w ludzi, kt\u00f3rzy po raz pierwszy widz\u0105 Teide albo jedz\u0105 mojo verde z lokalnego straganu.<\/p>\n<p>Chc\u0119 Ci pokaza\u0107, gdzie warto by\u0107. Co warto poczu\u0107. Czego nie znajdziesz na Instagramie, ale zapami\u0119tasz na zawsze.<\/p>\n\n\t\t<\/div>\n\t<\/div>\n<\/div><\/div><\/div><div class=\"wpb_column vc_column_container vc_col-sm-6\"><div class=\"vc_column-inner\"><div class=\"wpb_wrapper\">\n\t<div class=\"wpb_text_column wpb_content_element\" >\n\t\t<div class=\"wpb_wrapper\">\n\t\t\t<h3>W e-booku dowiesz si\u0119:<\/h3>\n\n\t\t<\/div>\n\t<\/div>\n<div class=\"vc_separator wpb_content_element vc_separator_align_center vc_sep_width_100 vc_sep_pos_align_center vc_separator_no_text vc_sep_color_grey vc_custom_1753398980978 wpb_content_element  vc_custom_1753398980978 wpb_content_element\" ><span class=\"vc_sep_holder vc_sep_holder_l\"><span class=\"vc_sep_line\"><\/span><\/span><span class=\"vc_sep_holder vc_sep_holder_r\"><span class=\"vc_sep_line\"><\/span><\/span>\n<\/div><div class=\"widget widget-sidebar\">\t\t\n\t\t<!-- Services iconic -->\n\t\t\t\t<div class=\"iconic small-list\">\n\t\t\t\t\t<div class=\"wrapper\">\n\t\t\t\t<div class=\"row\">\n\t\t\t\t\t\t<!-- Item -->\n\t\t\t\t\t\t<div class=\"one-half\">\n\t\t\t\t\t\t\t\t\t\t\t\t\t\t\t<span class=\"circle\"><span class=\"icon material-icons\">location_on<\/span><\/span>\n\t\t\t\t\t\t\t\t\t\t\t\t\t\t\t\t\t\t\t\t\t<h4>Gdzie s\u0105 najpi\u0119kniejsze, a wci\u0105\u017c nieodkryte miejsca Teneryfy<\/h4>\n\t\t\t\t\t\t\t\t\t\t\t\t\t\t\t\t\t\t\t\t\t<div class=\"desc\"><\/div>\n\t\t\t\t\t\t\t\t\t\t\t\t\t<\/div>\n\t\t\t\t\t\t<!-- \/\/Item -->\n\t\t\t\t\t\t\t\t\t\t\t\t<!-- Item -->\n\t\t\t\t\t\t<div class=\"one-half\">\n\t\t\t\t\t\t\t\t\t\t\t\t\t\t\t<span class=\"circle\"><span class=\"icon material-icons\">wb_sunny<\/span><\/span>\n\t\t\t\t\t\t\t\t\t\t\t\t\t\t\t\t\t\t\t\t\t<h4>Kt\u00f3re pla\u017ce warto odwiedzi\u0107, a kt\u00f3re... lepiej omija\u0107<\/h4>\n\t\t\t\t\t\t\t\t\t\t\t\t\t\t\t\t\t\t\t\t\t<div class=\"desc\"><\/div>\n\t\t\t\t\t\t\t\t\t\t\t\t\t<\/div>\n\t\t\t\t\t\t<!-- \/\/Item -->\n\t\t\t\t\t\t\t\t\t\t\t\t<!-- Item -->\n\t\t\t\t\t\t<div class=\"one-half\">\n\t\t\t\t\t\t\t\t\t\t\t\t\t\t\t<span class=\"circle\"><span class=\"icon material-icons\">restaurant_menu<\/span><\/span>\n\t\t\t\t\t\t\t\t\t\t\t\t\t\t\t\t\t\t\t\t\t<h4>Gdzie naprawd\u0119 warto zje\u015b\u0107 (lokalnie, smacznie, prawdziwie)<\/h4>\n\t\t\t\t\t\t\t\t\t\t\t\t\t\t\t\t\t\t\t\t\t<div class=\"desc\"><\/div>\n\t\t\t\t\t\t\t\t\t\t\t\t\t<\/div>\n\t\t\t\t\t\t<!-- \/\/Item -->\n\t\t\t\t\t\t\t\t\t\t\t\t<!-- Item -->\n\t\t\t\t\t\t<div class=\"one-half\">\n\t\t\t\t\t\t\t\t\t\t\t\t\t\t\t<span class=\"circle\"><span class=\"icon material-icons\">child_care<\/span><\/span>\n\t\t\t\t\t\t\t\t\t\t\t\t\t\t\t\t\t\t\t\t\t<h4>Jak podr\u00f3\u017cowa\u0107 po wyspie z dzie\u0107mi, solo, albo romantycznie<\/h4>\n\t\t\t\t\t\t\t\t\t\t\t\t\t\t\t\t\t\t\t\t\t<div class=\"desc\"><\/div>\n\t\t\t\t\t\t\t\t\t\t\t\t\t<\/div>\n\t\t\t\t\t\t<!-- \/\/Item -->\n\t\t\t\t\t\t\t\t\t\t\t\t<!-- Item -->\n\t\t\t\t\t\t<div class=\"one-half\">\n\t\t\t\t\t\t\t\t\t\t\t\t\t\t\t<span class=\"circle\"><span class=\"icon material-icons\">landscape<\/span><\/span>\n\t\t\t\t\t\t\t\t\t\t\t\t\t\t\t\t\t\t\t\t\t<h4>Jak unikn\u0105\u0107 turystycznych pu\u0142apek i zobaczy\u0107 wysp\u0119 tak\u0105, jaka naprawd\u0119 jest<\/h4>\n\t\t\t\t\t\t\t\t\t\t\t\t\t\t\t\t\t\t\t\t\t<div class=\"desc\"><\/div>\n\t\t\t\t\t\t\t\t\t\t\t\t\t<\/div>\n\t\t\t\t\t\t<!-- \/\/Item -->\n\t\t\t\t\t\t\t\t\t\t\n\t\t\t\t<\/div>\n\t\t\t<\/div>\n\t\t<\/div>\n\t\t<!-- \/\/Services iconic -->\n\n\t\t<\/div><\/div><\/div><\/div><\/div><div class=\"vc_row-full-width vc_clearfix\"><\/div><div data-vc-full-width=\"true\" data-vc-full-width-init=\"false\" class=\"vc_row wpb_row vc_row-fluid vc_custom_1720010768264 vc_row-has-fill\"><div class=\"wpb_column vc_column_container vc_col-sm-6\"><div class=\"vc_column-inner\"><div class=\"wpb_wrapper\"><h2 style=\"font-size: 48px;color: #ffffff;line-height: 1;text-align: left;font-family:Roboto;font-weight:700;font-style:normal\" class=\"vc_custom_heading vc_do_custom_heading stylised-heading vc_custom_1753382497843\" >ZAJRZYJ DO \u015aRODKA<\/h2><\/div><\/div><\/div><div class=\"wpb_column vc_column_container vc_col-sm-6\"><div class=\"vc_column-inner\"><div class=\"wpb_wrapper\">\n\t<div class=\"wpb_text_column wpb_content_element\" >\n\t\t<div class=\"wpb_wrapper\">\n\t\t\t<h3><span style=\"color: #ffffff;\">Zajrzyj do \u015brodka zanim kupisz<\/span><\/h3>\n<p><span style=\"color: #ffffff;\">Przygotowa\u0142am dla Ciebie darmow\u0105 zajawk\u0119 e-booka \u2013 wybranych losowo stron pe\u0142nych pi\u0119knych opis\u00f3w, praktycznych wskaz\u00f3wek i zdj\u0119\u0107, kt\u00f3re przenios\u0105 Ci\u0119 w sam \u015brodek Teneryfy.<\/span><\/p>\n\n\t\t<\/div>\n\t<\/div>\n<div class=\"vc_btn3-container vc_btn3-left vc_do_btn\" ><a onmouseleave=\"this.style.borderColor='#ffffff'; this.style.backgroundColor='transparent'; this.style.color='#ffffff'\" onmouseenter=\"this.style.borderColor='#7db2e6'; this.style.backgroundColor='#7db2e6'; this.style.color='#ffffff';\" style=\"border-color:#ffffff; color:#ffffff;\" class=\"vc_general vc_btn3 vc_btn3-size-lg vc_btn3-shape-square vc_btn3-style-outline-custom vc_btn3-icon-right\" href=\"https:\/\/teneryfka.pl\/wp-content\/uploads\/2025\/07\/zajawka_ebook_teneryfa_ktora_zostaje_w_sercu.pdf\" title=\"POBIERZ DARMOW\u0104 ZAJAWK\u0118 PDF\" target=\"_blank\">POBIERZ DARMOW\u0104 ZAJAWK\u0118 PDF <i class=\"vc_btn3-icon vc-material vc-material-keyboard_arrow_right\"><\/i><\/a><\/div><\/div><\/div><\/div><\/div><div class=\"vc_row-full-width vc_clearfix\"><\/div><div data-vc-full-width=\"true\" data-vc-full-width-init=\"false\" class=\"vc_row wpb_row vc_row-fluid bg-top-center vc_custom_1753368901113 vc_row-has-fill\"><div class=\"wpb_column vc_column_container vc_col-sm-12\"><div class=\"vc_column-inner\"><div class=\"wpb_wrapper\"><div class=\"vc_row wpb_row vc_inner vc_row-fluid vc_column-gap-30\"><div class=\"wpb_column vc_column_container vc_col-sm-6\"><div class=\"vc_column-inner\"><div class=\"wpb_wrapper\"><h2 style=\"font-size: 48px;line-height: 1;text-align: left;font-family:Roboto;font-weight:700;font-style:normal\" class=\"vc_custom_heading vc_do_custom_heading stylised-heading vc_custom_1753718749086\" >CO ZNAJDZIESZ<br \/>\nW E-BOOKU?<\/h2>\n\t<div class=\"wpb_text_column wpb_content_element vc_custom_1753390580627 stylised-list\" >\n\t\t<div class=\"wpb_wrapper\">\n\t\t\t<h3>190+ stron pasji, wiedzy i emocji<\/h3>\n<p><strong>Spis tre\u015bci m.in.:<\/strong><\/p>\n<ul>\n<li dir=\"ltr\">\n<p dir=\"ltr\">Co zabra\u0107 na Teneryf\u0119 (checklista)<\/p>\n<\/li>\n<li dir=\"ltr\">\n<p dir=\"ltr\">Transport i loty \u2013 jak si\u0119 porusza\u0107 po wyspie<\/p>\n<\/li>\n<li dir=\"ltr\">\n<p dir=\"ltr\">Najpi\u0119kniejsze pla\u017ce i dzikie zak\u0105tki<\/p>\n<\/li>\n<li dir=\"ltr\">\n<p dir=\"ltr\">Ulubione miejsca autorki: zachody s\u0142o\u0144ca, restauracje, \u015bwi\u0119ta<\/p>\n<\/li>\n<li dir=\"ltr\">\n<p dir=\"ltr\">Rodzinne atrakcje i podr\u00f3\u017ce solo<\/p>\n<\/li>\n<li dir=\"ltr\">\n<p dir=\"ltr\">Historia i kultura wyspy opowiedziane j\u0119zykiem emocji<\/p>\n<\/li>\n<\/ul>\n<p><span style=\"font-size: 30px;\">24,90\u20ac<\/span><br \/>\n<strong>(P\u0142atno\u015b\u0107 szybkim przelewem \/ karta \/ Blik)<\/strong><\/p>\n\n\t\t<\/div>\n\t<\/div>\n<div class=\"vc_btn3-container vc_btn3-left vc_do_btn\" ><a onmouseleave=\"this.style.borderColor='#424242'; this.style.backgroundColor='transparent'; this.style.color='#424242'\" onmouseenter=\"this.style.borderColor='#7db2e6'; this.style.backgroundColor='#7db2e6'; this.style.color='#ffffff';\" style=\"border-color:#424242; color:#424242;\" class=\"vc_general vc_btn3 vc_btn3-size-lg vc_btn3-shape-square vc_btn3-style-outline-custom vc_btn3-icon-right\" href=\"https:\/\/teneryfka.pl\/nl\/koszyk\/?add-to-cart=6543215273\" title=\"\">ZAM\u00d3W TERAZ <i class=\"vc_btn3-icon vc-material vc-material-keyboard_arrow_right\"><\/i><\/a><\/div><\/div><\/div><\/div><div class=\"wpb_column vc_column_container vc_col-sm-6\"><div class=\"vc_column-inner\"><div class=\"wpb_wrapper\">\n\t<div  class=\"wpb_single_image wpb_content_element vc_align_center wpb_content_element vc_custom_1753390847826\">\n\t\t\n\t\t<figure class=\"wpb_wrapper vc_figure\">\n\t\t\t<div class=\"vc_single_image-wrapper vc_box_shadow_border  vc_box_border_grey\"><img decoding=\"async\" class=\"vc_single_image-img\" src=\"https:\/\/teneryfka.pl\/wp-content\/uploads\/2025\/07\/teneryfa-bez-tajemnic-384x600.png\" width=\"384\" height=\"600\" alt=\"teneryfa-bez-tajemnic\" title=\"teneryfa-bez-tajemnic\" loading=\"lazy\" \/><\/div>\n\t\t<\/figure>\n\t<\/div>\n<\/div><\/div><\/div><\/div><\/div><\/div><\/div><\/div><div class=\"vc_row-full-width vc_clearfix\"><\/div><div data-vc-full-width=\"true\" data-vc-full-width-init=\"false\" class=\"vc_row wpb_row vc_row-fluid vc_custom_1537354062791 vc_row-has-fill\"><div class=\"wpb_column vc_column_container vc_col-sm-6\"><div class=\"vc_column-inner\"><div class=\"wpb_wrapper\"><h2 style=\"font-size: 52px;color: #ffffff;line-height: 1;text-align: left;font-family:Roboto;font-weight:700;font-style:normal\" class=\"vc_custom_heading vc_do_custom_heading stylised-heading vc_custom_1753382523730\" >GOTOWY NA PODR\u00d3\u017b \u017bYCIA?<\/h2>\n\t<div class=\"wpb_text_column wpb_content_element stylised-list\" >\n\t\t<div class=\"wpb_wrapper\">\n\t\t\t<p><strong><span style=\"color: #ffffff;\">Kup e-booka &#8222;Teneryfa, kt\u00f3ra zostaje w sercu&#8221; ju\u017c teraz i pozw\u00f3l sobie na podr\u00f3\u017c, kt\u00f3ra zostanie w Twoim sercu na zawsze &#x1f31e;<\/span><\/strong><\/p>\n\n\t\t<\/div>\n\t<\/div>\n<\/div><\/div><\/div><div class=\"wpb_column vc_column_container vc_col-sm-6\"><div class=\"vc_column-inner\"><div class=\"wpb_wrapper\">\n\t<div class=\"wpb_text_column wpb_content_element stylised-list\" >\n\t\t<div class=\"wpb_wrapper\">\n\t\t\t<h3><span style=\"color: #ffffff;\">Co zyskujesz?<\/span><\/h3>\n<ul>\n<li><span style=\"color: #ffffff;\">Plik PDF do pobrania od razu po zakupie<\/span><\/li>\n<li><span style=\"color: #ffffff;\">Czytelny na telefonie, tablecie i laptopie<\/span><\/li>\n<li><span style=\"color: #ffffff;\">Dost\u0119p na zawsze<\/span><\/li>\n<\/ul>\n<p><span style=\"color: #ffffff; font-size: 30px;\">24,90\u20ac<\/span><br \/>\n<strong><span style=\"color: #ffffff;\">(P\u0142atno\u015b\u0107 szybkim przelewem \/ karta \/ Blik)<\/span><\/strong><\/p>\n\n\t\t<\/div>\n\t<\/div>\n<div class=\"vc_btn3-container vc_btn3-left vc_do_btn\" ><a onmouseleave=\"this.style.borderColor='#ffffff'; this.style.backgroundColor='transparent'; this.style.color='#ffffff'\" onmouseenter=\"this.style.borderColor='#7db2e6'; this.style.backgroundColor='#7db2e6'; this.style.color='#ffffff';\" style=\"border-color:#ffffff; color:#ffffff;\" class=\"vc_general vc_btn3 vc_btn3-size-lg vc_btn3-shape-square vc_btn3-style-outline-custom vc_btn3-icon-right\" href=\"https:\/\/teneryfka.pl\/nl\/koszyk\/?add-to-cart=6543215273\" title=\"\">ZAM\u00d3W TERAZ <i class=\"vc_btn3-icon vc-material vc-material-keyboard_arrow_right\"><\/i><\/a><\/div><\/div><\/div><\/div><\/div><div class=\"vc_row-full-width vc_clearfix\"><\/div><div data-vc-full-width=\"true\" data-vc-full-width-init=\"false\" class=\"vc_row wpb_row vc_row-fluid bg-top-right vc_custom_1753368939626 vc_row-has-fill\"><div class=\"wpb_column vc_column_container vc_col-sm-12\"><div class=\"vc_column-inner\"><div class=\"wpb_wrapper\"><div class=\"vc_row wpb_row vc_inner vc_row-fluid vc_custom_1561457171604\"><div class=\"wpb_column vc_column_container vc_col-sm-12\"><div class=\"vc_column-inner\"><div class=\"wpb_wrapper\"><h2 style=\"font-size: 52px;line-height: 1;text-align: left;font-family:Roboto;font-weight:700;font-style:normal\" class=\"vc_custom_heading vc_do_custom_heading stylised-heading vc_custom_1753382535846\" >CO M\u00d3WI\u0104 CZYTELNICY?<\/h2><\/div><\/div><\/div><\/div><div class=\"vc_row wpb_row vc_inner vc_row-fluid\"><div class=\"wpb_column vc_column_container vc_col-sm-12\"><div class=\"vc_column-inner\"><div class=\"wpb_wrapper\">\n\t<div class=\"wpb_text_column wpb_content_element stylised-text\" >\n\t\t<div class=\"wpb_wrapper\">\n\t\t\t<p dir=\"ltr\"><span style=\"color: #052951; font-size: 20px;\"><strong>\u201c<\/strong>To nie jest zwyk\u0142y przewodnik. To jakby przyjaci\u00f3\u0142ka oprowadza\u0142a mnie po wyspie \u2013 z sercem, bez \u015bciemy. Po przeczytaniu wiedzia\u0142am, \u017ce Teneryfa to co\u015b wi\u0119cej.<strong>\u201d<\/strong><\/span><\/p>\n<p dir=\"ltr\"><span style=\"color: #052951;\"><strong>\u2014 Karolina W., podr\u00f3\u017cniczka<\/strong><\/span><\/p>\n\n\t\t<\/div>\n\t<\/div>\n\n\t<div class=\"wpb_text_column wpb_content_element stylised-text\" >\n\t\t<div class=\"wpb_wrapper\">\n\t\t\t<p><span style=\"color: #052951; font-size: 20px;\"><strong>\u201c<\/strong>Wr\u00f3ci\u0142am z wakacji i kupi\u0142am e-booka&#8230; \u017ceby jeszcze raz prze\u017cy\u0107 t\u0119 podr\u00f3\u017c. Ka\u017cde zdanie jest jak poczt\u00f3wka z dusz\u0105.<strong>\u201d<\/strong><\/span><\/p>\n<p><span style=\"color: #052951;\"><strong>\u2014 Joanna K., mama dw\u00f3jki<\/strong><\/span><\/p>\n\n\t\t<\/div>\n\t<\/div>\n<\/div><\/div><\/div><\/div><\/div><\/div><\/div><\/div><div class=\"vc_row-full-width vc_clearfix\"><\/div><div data-vc-full-width=\"true\" data-vc-full-width-init=\"false\" class=\"vc_row wpb_row vc_row-fluid vc_custom_1753368041750 vc_row-has-fill\"><div class=\"wpb_column vc_column_container vc_col-sm-6\"><div class=\"vc_column-inner\"><div class=\"wpb_wrapper\"><h2 style=\"font-size: 52px;color: #ffffff;line-height: 1;text-align: left;font-family:Roboto;font-weight:700;font-style:normal\" class=\"vc_custom_heading vc_do_custom_heading stylised-heading vc_custom_1753397477691\" >BONUS TYLKO DLA CIEBIE<\/h2>\n\t<div class=\"wpb_text_column wpb_content_element\" >\n\t\t<div class=\"wpb_wrapper\">\n\t\t\t<h3><span style=\"color: #ffffff;\">Po zakupie e-booka otrzymasz moj\u0105 autorsk\u0105 playlist\u0119 na Spotify \u2013 stworzon\u0105 specjalnie z my\u015bl\u0105 o tej podr\u00f3\u017cy.<\/span><\/h3>\n<p><span style=\"color: #ffffff;\">Mo\u017cesz jej s\u0142ucha\u0107, czytaj\u0105c e-booka, planuj\u0105c podr\u00f3\u017c albo&#8230; ju\u017c jad\u0105c autem przez wysp\u0119. Doda Ci klimatu, rytmu i emocji \u2013 bo Teneryfa to tak\u017ce d\u017awi\u0119k i serce.<\/span><\/p>\n\n\t\t<\/div>\n\t<\/div>\n\n\t<div  class=\"wpb_single_image wpb_content_element vc_align_left wpb_content_element\">\n\t\t\n\t\t<figure class=\"wpb_wrapper vc_figure\">\n\t\t\t<div class=\"vc_single_image-wrapper   vc_box_border_grey\"><img loading=\"lazy\" decoding=\"async\" width=\"300\" height=\"90\" src=\"https:\/\/teneryfka.pl\/wp-content\/uploads\/2025\/07\/Spotify_Logo_CMYK_Green-300x90.png\" class=\"vc_single_image-img attachment-medium\" alt=\"\" title=\"Spotify_Logo_CMYK_Green\" srcset=\"https:\/\/teneryfka.pl\/wp-content\/uploads\/2025\/07\/Spotify_Logo_CMYK_Green-300x90.png 300w, https:\/\/teneryfka.pl\/wp-content\/uploads\/2025\/07\/Spotify_Logo_CMYK_Green-1024x307.png 1024w, https:\/\/teneryfka.pl\/wp-content\/uploads\/2025\/07\/Spotify_Logo_CMYK_Green-768x231.png 768w, https:\/\/teneryfka.pl\/wp-content\/uploads\/2025\/07\/Spotify_Logo_CMYK_Green-1536x461.png 1536w, https:\/\/teneryfka.pl\/wp-content\/uploads\/2025\/07\/Spotify_Logo_CMYK_Green-2048x615.png 2048w, https:\/\/teneryfka.pl\/wp-content\/uploads\/2025\/07\/Spotify_Logo_CMYK_Green-18x5.png 18w, https:\/\/teneryfka.pl\/wp-content\/uploads\/2025\/07\/Spotify_Logo_CMYK_Green-600x180.png 600w\" sizes=\"auto, (max-width: 300px) 100vw, 300px\" \/><\/div>\n\t\t<\/figure>\n\t<\/div>\n<div class=\"vc_btn3-container vc_btn3-left vc_do_btn\" ><a onmouseleave=\"this.style.borderColor='#ffffff'; this.style.backgroundColor='transparent'; this.style.color='#ffffff'\" onmouseenter=\"this.style.borderColor='#7db2e6'; this.style.backgroundColor='#7db2e6'; this.style.color='#ffffff';\" style=\"border-color:#ffffff; color:#ffffff;\" class=\"vc_general vc_btn3 vc_btn3-size-lg vc_btn3-shape-square vc_btn3-style-outline-custom vc_btn3-icon-right\" href=\"https:\/\/teneryfka.pl\/nl\/koszyk\/?add-to-cart=6543215273\" title=\"\">ZAM\u00d3W TERAZ <i class=\"vc_btn3-icon vc-material vc-material-keyboard_arrow_right\"><\/i><\/a><\/div><\/div><\/div><\/div><div data-vc-parallax=\"1.5\" class=\"wpb_column vc_column_container vc_col-sm-6 vc_col-has-fill vc_general vc_parallax vc_parallax-content-moving\"><div class=\"vc_column-inner\"><div class=\"wpb_wrapper\"><\/div><\/div><\/div><\/div><div class=\"vc_row-full-width vc_clearfix\"><\/div>\n<\/div>","protected":false},"excerpt":{"rendered":"Teneryfa, kt\u00f3ra zostaje w sercu E-book z dusz\u0105 i praktyk\u0105 \u2013 od kobiety, kt\u00f3ra zna wysp\u0119 jak nikt inny DLACZEGO WARTO KUPI\u0106 TEN E-BOOK? Napisa\u0142am ten e-book dla ludzi, kt\u00f3rzy \u2013 tak jak ja kiedy\u015b \u2013 pragn\u0105 poczu\u0107 co\u015b wi\u0119cej ni\u017c tylko ciep\u0142y piasek pod stopami. Dla tych, kt\u00f3rzy chc\u0105 zrozumie\u0107 dusz\u0119 Teneryfy, zobaczy\u0107 j\u0105 [...]","protected":false},"author":3,"featured_media":0,"parent":0,"menu_order":0,"comment_status":"closed","ping_status":"closed","template":"page-blank.php","meta":{"footnotes":""},"class_list":["post-6543215314","page","type-page","status-publish","hentry"],"yoast_head":"<!-- This site is optimized with the Yoast SEO plugin v25.3.1 - https:\/\/yoast.com\/wordpress\/plugins\/seo\/ -->\n<title>E-book: Teneryfa, kt\u00f3ra zostaje w sercu - Tenerife Adventure<\/title>\n<meta name=\"robots\" content=\"index, follow, max-snippet:-1, max-image-preview:large, max-video-preview:-1\" \/>\n<link rel=\"canonical\" href=\"https:\/\/teneryfka.pl\/nl\/e-book-teneryfa-ktora-zostaje-w-sercu\/\" \/>\n<meta property=\"og:locale\" content=\"nl_NL\" \/>\n<meta property=\"og:type\" content=\"article\" \/>\n<meta property=\"og:title\" content=\"E-book: Teneryfa, kt\u00f3ra zostaje w sercu - Tenerife Adventure\" \/>\n<meta property=\"og:url\" content=\"https:\/\/teneryfka.pl\/nl\/e-book-teneryfa-ktora-zostaje-w-sercu\/\" \/>\n<meta property=\"og:site_name\" content=\"Tenerife Adventure\" \/>\n<meta property=\"article:modified_time\" content=\"2025-07-29T08:44:11+00:00\" \/>\n<meta name=\"twitter:card\" content=\"summary_large_image\" \/>\n<meta name=\"twitter:label1\" content=\"Verwachte leestijd\" \/>\n\t<meta name=\"twitter:data1\" content=\"5 minuten\" \/>\n<script type=\"application\/ld+json\" class=\"yoast-schema-graph\">{\"@context\":\"https:\/\/schema.org\",\"@graph\":[{\"@type\":\"WebPage\",\"@id\":\"https:\/\/teneryfka.pl\/e-book-teneryfa-ktora-zostaje-w-sercu\/\",\"url\":\"https:\/\/teneryfka.pl\/e-book-teneryfa-ktora-zostaje-w-sercu\/\",\"name\":\"E-book: Teneryfa, kt\u00f3ra zostaje w sercu - Tenerife Adventure\",\"isPartOf\":{\"@id\":\"https:\/\/teneryfka.pl\/#website\"},\"datePublished\":\"2025-07-24T14:52:39+00:00\",\"dateModified\":\"2025-07-29T08:44:11+00:00\",\"breadcrumb\":{\"@id\":\"https:\/\/teneryfka.pl\/e-book-teneryfa-ktora-zostaje-w-sercu\/#breadcrumb\"},\"inLanguage\":\"nl-NL\",\"potentialAction\":[{\"@type\":\"ReadAction\",\"target\":[\"https:\/\/teneryfka.pl\/e-book-teneryfa-ktora-zostaje-w-sercu\/\"]}]},{\"@type\":\"BreadcrumbList\",\"@id\":\"https:\/\/teneryfka.pl\/e-book-teneryfa-ktora-zostaje-w-sercu\/#breadcrumb\",\"itemListElement\":[{\"@type\":\"ListItem\",\"position\":1,\"name\":\"Strona g\u0142\u00f3wna\",\"item\":\"https:\/\/teneryfka.pl\/\"},{\"@type\":\"ListItem\",\"position\":2,\"name\":\"E-book: Teneryfa, kt\u00f3ra zostaje w sercu\"}]},{\"@type\":\"WebSite\",\"@id\":\"https:\/\/teneryfka.pl\/#website\",\"url\":\"https:\/\/teneryfka.pl\/\",\"name\":\"Tenerife Adventure\",\"description\":\"\",\"publisher\":{\"@id\":\"https:\/\/teneryfka.pl\/#organization\"},\"potentialAction\":[{\"@type\":\"SearchAction\",\"target\":{\"@type\":\"EntryPoint\",\"urlTemplate\":\"https:\/\/teneryfka.pl\/?s={search_term_string}\"},\"query-input\":{\"@type\":\"PropertyValueSpecification\",\"valueRequired\":true,\"valueName\":\"search_term_string\"}}],\"inLanguage\":\"nl-NL\"},{\"@type\":\"Organization\",\"@id\":\"https:\/\/teneryfka.pl\/#organization\",\"name\":\"Tenerife Adventure\",\"url\":\"https:\/\/teneryfka.pl\/\",\"logo\":{\"@type\":\"ImageObject\",\"inLanguage\":\"nl-NL\",\"@id\":\"https:\/\/teneryfka.pl\/#\/schema\/logo\/image\/\",\"url\":\"https:\/\/teneryfka.pl\/wp-content\/uploads\/2025\/05\/cropped-cropped-cropped-NOWE-LOGO-TENERIFE-3.png\",\"contentUrl\":\"https:\/\/teneryfka.pl\/wp-content\/uploads\/2025\/05\/cropped-cropped-cropped-NOWE-LOGO-TENERIFE-3.png\",\"width\":203,\"height\":120,\"caption\":\"Tenerife Adventure\"},\"image\":{\"@id\":\"https:\/\/teneryfka.pl\/#\/schema\/logo\/image\/\"}}]}<\/script>\n<!-- \/ Yoast SEO plugin. -->","yoast_head_json":{"title":"E-book: Teneryfa, kt\u00f3ra zostaje w sercu - Tenerife Adventure","robots":{"index":"index","follow":"follow","max-snippet":"max-snippet:-1","max-image-preview":"max-image-preview:large","max-video-preview":"max-video-preview:-1"},"canonical":"https:\/\/teneryfka.pl\/nl\/e-book-teneryfa-ktora-zostaje-w-sercu\/","og_locale":"nl_NL","og_type":"article","og_title":"E-book: Teneryfa, kt\u00f3ra zostaje w sercu - Tenerife Adventure","og_url":"https:\/\/teneryfka.pl\/nl\/e-book-teneryfa-ktora-zostaje-w-sercu\/","og_site_name":"Tenerife Adventure","article_modified_time":"2025-07-29T08:44:11+00:00","twitter_card":"summary_large_image","twitter_misc":{"Verwachte leestijd":"5 minuten"},"schema":{"@context":"https:\/\/schema.org","@graph":[{"@type":"WebPage","@id":"https:\/\/teneryfka.pl\/e-book-teneryfa-ktora-zostaje-w-sercu\/","url":"https:\/\/teneryfka.pl\/e-book-teneryfa-ktora-zostaje-w-sercu\/","name":"E-book: Teneryfa, kt\u00f3ra zostaje w sercu - Tenerife Adventure","isPartOf":{"@id":"https:\/\/teneryfka.pl\/#website"},"datePublished":"2025-07-24T14:52:39+00:00","dateModified":"2025-07-29T08:44:11+00:00","breadcrumb":{"@id":"https:\/\/teneryfka.pl\/e-book-teneryfa-ktora-zostaje-w-sercu\/#breadcrumb"},"inLanguage":"nl-NL","potentialAction":[{"@type":"ReadAction","target":["https:\/\/teneryfka.pl\/e-book-teneryfa-ktora-zostaje-w-sercu\/"]}]},{"@type":"BreadcrumbList","@id":"https:\/\/teneryfka.pl\/e-book-teneryfa-ktora-zostaje-w-sercu\/#breadcrumb","itemListElement":[{"@type":"ListItem","position":1,"name":"Strona g\u0142\u00f3wna","item":"https:\/\/teneryfka.pl\/"},{"@type":"ListItem","position":2,"name":"E-book: Teneryfa, kt\u00f3ra zostaje w sercu"}]},{"@type":"WebSite","@id":"https:\/\/teneryfka.pl\/#website","url":"https:\/\/teneryfka.pl\/","name":"Tenerife Adventure","description":"","publisher":{"@id":"https:\/\/teneryfka.pl\/#organization"},"potentialAction":[{"@type":"SearchAction","target":{"@type":"EntryPoint","urlTemplate":"https:\/\/teneryfka.pl\/?s={search_term_string}"},"query-input":{"@type":"PropertyValueSpecification","valueRequired":true,"valueName":"search_term_string"}}],"inLanguage":"nl-NL"},{"@type":"Organization","@id":"https:\/\/teneryfka.pl\/#organization","name":"Tenerife Adventure","url":"https:\/\/teneryfka.pl\/","logo":{"@type":"ImageObject","inLanguage":"nl-NL","@id":"https:\/\/teneryfka.pl\/#\/schema\/logo\/image\/","url":"https:\/\/teneryfka.pl\/wp-content\/uploads\/2025\/05\/cropped-cropped-cropped-NOWE-LOGO-TENERIFE-3.png","contentUrl":"https:\/\/teneryfka.pl\/wp-content\/uploads\/2025\/05\/cropped-cropped-cropped-NOWE-LOGO-TENERIFE-3.png","width":203,"height":120,"caption":"Tenerife Adventure"},"image":{"@id":"https:\/\/teneryfka.pl\/#\/schema\/logo\/image\/"}}]}},"_links":{"self":[{"href":"https:\/\/teneryfka.pl\/nl\/wp-json\/wp\/v2\/pages\/6543215314","targetHints":{"allow":["GET"]}}],"collection":[{"href":"https:\/\/teneryfka.pl\/nl\/wp-json\/wp\/v2\/pages"}],"about":[{"href":"https:\/\/teneryfka.pl\/nl\/wp-json\/wp\/v2\/types\/page"}],"author":[{"embeddable":true,"href":"https:\/\/teneryfka.pl\/nl\/wp-json\/wp\/v2\/users\/3"}],"replies":[{"embeddable":true,"href":"https:\/\/teneryfka.pl\/nl\/wp-json\/wp\/v2\/comments?post=6543215314"}],"version-history":[{"count":43,"href":"https:\/\/teneryfka.pl\/nl\/wp-json\/wp\/v2\/pages\/6543215314\/revisions"}],"predecessor-version":[{"id":6543215442,"href":"https:\/\/teneryfka.pl\/nl\/wp-json\/wp\/v2\/pages\/6543215314\/revisions\/6543215442"}],"wp:attachment":[{"href":"https:\/\/teneryfka.pl\/nl\/wp-json\/wp\/v2\/media?parent=6543215314"}],"curies":[{"name":"wp","href":"https:\/\/api.w.org\/{rel}","templated":true}]}}