{"id":678,"date":"2023-11-03T16:21:13","date_gmt":"2023-11-03T16:21:13","guid":{"rendered":"https:\/\/teneryfka.pl\/?page_id=678"},"modified":"2024-01-08T17:25:05","modified_gmt":"2024-01-08T17:25:05","slug":"regulamin","status":"publish","type":"page","link":"https:\/\/teneryfka.pl\/fr\/regulamin\/","title":{"rendered":"Conditions g\u00e9n\u00e9rales"},"content":{"rendered":"<div class=\"wpb-content-wrapper\"><div class=\"vc_row wpb_row vc_row-fluid\"><div class=\"wpb_column vc_column_container vc_col-sm-12\"><div class=\"vc_column-inner\"><div class=\"wpb_wrapper\">\n\t<div class=\"wpb_text_column wpb_content_element\" >\n\t\t<div class=\"wpb_wrapper\">\n\t\t\t<p><strong>Regulamin zakup\u00f3w w serwisie teneryfka.pl<\/strong><\/p>\n<p><strong>1. Informations G\u00e9n\u00e9rales<\/strong><\/p>\n<ul>\n<li>La soci\u00e9t\u00e9 est enregistr\u00e9e aupr\u00e8s de la Consejeria de Turismo, Cultura y Deportes, Direccion General de Ordenacion y Promocion Turistica,<br \/>Gobierno de Canarias;<br \/>NIF: X3088332F.<\/li>\n<li>Warunki sprzeda\u017cy maj\u0105 zastosowanie do zakupu biletu dokonanego w serwisie teneryfka.pl, czyli firmy zarejestrowanej w Hiszpanii pod adresem:<br \/>Avenida Maritima 31, C.C. Playa la Arena, Local 25, 38683 Puerto Santiago, Santa Cruz de Tenerife, Espagne.<\/li>\n<\/ul>\n<p><!-- \/wp:post-content --><strong>2. Acquisition\/Achat\/R\u00e9alisation d'un Billet<\/strong><\/p>\n<ul>\n<li>Seules les personnes ayant atteint l'\u00e2ge de 18 ans peuvent l'acheter. Lors de l'achat, il est n\u00e9cessaire de remplir un formulaire de commande et de payer le montant total.<\/li>\n<li>Cliquer sur le bouton 'R\u00e9server' vous redirigera vers la page de paiement. Ce n'est qu'apr\u00e8s le paiement qu'un e-mail de confirmation sera envoy\u00e9 \u00e0 Tenerifeadventure.eu, finalisant ainsi la commande du service.<\/li>\n<li>Le temps minimum pour acheter un billet est de 24 heures avant la fourniture du service.<\/li>\n<li>Tenerifeadventure.eu se r\u00e9serve le droit de refuser la commande d'un client si elle n'est pas r\u00e9alisable (par exemple, manque de places disponibles, conditions m\u00e9t\u00e9orologiques d\u00e9favorables, temps insuffisant pour traiter la commande). Si le client a effectu\u00e9 un paiement et que sa commande est refus\u00e9e, Tenerifeadventure.eu s'engage \u00e0 rembourser le montant total pay\u00e9.<\/li>\n<li>Le billet ne peut \u00eatre \u00e9chang\u00e9 qu'une seule fois lors de la r\u00e9alisation de la commande chez un partenaire de Tenerifeadventure.eu.<\/li>\n<li>Pour \u00e9changer le billet, il doit \u00eatre pr\u00e9sent\u00e9 au partenaire dans le d\u00e9lai de sa validit\u00e9.<\/li>\n<li>Un billet non \u00e9chang\u00e9 dans son d\u00e9lai de validit\u00e9 expire automatiquement. Une commande expir\u00e9e ne peut \u00eatre ex\u00e9cut\u00e9e, et le d\u00e9tenteur du billet n'a pas droit \u00e0 un remboursement ou \u00e0 une indemnisation.<\/li>\n<li>Le billet ne peut \u00eatre \u00e9chang\u00e9 que dans son int\u00e9gralit\u00e9. Il n'est pas soumis \u00e0 une r\u00e9alisation partielle ou progressive.<\/li>\n<li>Si, en raison de circonstances impr\u00e9vues, le partenaire ne peut pas fournir le service offert par Tenerifeadventure.eu tel que d\u00e9crit, Tenerifeadventure.eu vous informera rapidement de ce fait par e-mail ou t\u00e9l\u00e9phone. Tenerifeadventure.eu vous proposera un nouveau billet offrant des avantages comparables (s'il est disponible) ou un remboursement complet du co\u00fbt du billet.<\/li>\n<li>Si le Client a annul\u00e9 l'utilisation de la commande et l'annulation a eu lieu dans les 48 heures ou moins avant la date d'ex\u00e9cution du service, il sera oblig\u00e9 de payer 50% du co\u00fbt total du service, conform\u00e9ment aux r\u00e9glementations commerciales des agents de voyages en Espagne, en date du 25 f\u00e9vrier 1953.<\/li>\n<li>Le billet ne peut \u00eatre achet\u00e9 que pour un usage personnel et non commercial (bien qu'il puisse \u00eatre transf\u00e9r\u00e9 \u00e0 une autre personne pour son usage personnel et non commercial).<\/li>\n<li>L'acheteur est le seul responsable du billet. Ni Tenerifeadventure.eu, ni le Partenaire ne sont responsables des billets perdus ou vol\u00e9s.<\/li>\n<\/ul>\n<p><!-- \/wp:list-item --><!-- \/wp:list --><\/p>\n<p><!-- wp:paragraph --><strong>3. L'acheteur s'engage \u00e0 ne pas fournir de fausses informations, y compris de faux noms, coordonn\u00e9es, d\u00e9tails de contact, ou informations de paiement;<\/strong><br \/>L'acheteur s'engage \u00e9galement \u00e0 ne pas entreprendre d'actions ill\u00e9gales concernant l'acquisition ou l'utilisation du billet, ainsi qu'\u00e0 emp\u00eacher d'autres personnes de r\u00e9aliser de telles actions.<\/p>\n<p><!-- \/wp:paragraph --><\/p>\n<p><!-- wp:paragraph --><strong>4. Annulation, Remboursement et Probl\u00e8mes<\/strong><\/p>\n<ul>\n<li>Le client a le droit de se retirer du contrat d'achat de billet dans les 14 jours calendaires \u00e0 compter du jour o\u00f9 il a re\u00e7u la confirmation d'achat par e-mail.<\/li>\n<li>En se retirant de l'\u00e9change du coupon 48 heures ou moins avant la date pr\u00e9vue du service, le client s'engage \u00e0 payer 50% du prix total du service, conform\u00e9ment aux r\u00e9glementations commerciales des agents de voyage en Espagne, dat\u00e9es du 25 f\u00e9vrier 1953.<\/li>\n<li>O odst\u0105pieniu od umowy poinformowa\u0107 mo\u017cna wype\u0142niaj\u0105c i przesy\u0142aj\u0105c formularz na stronie teneryfka.pl, w dziale kontakt poprzez kontakt e-mail lub poprzez kontakt telefoniczny<\/li>\n<li>Toutes les questions concernant les remboursements seront discut\u00e9es directement avec l'\u00e9quipe de service de Tenerifeadventure.eu.<\/li>\n<li>L'acheteur est conscient que c'est le Partenaire, et non Tenerifeadventure.eu, qui est responsable du service et de son ex\u00e9cution.<\/li>\n<\/ul>\n<p><strong>5. R\u00e9clamation<\/strong><\/p>\n<p>Toutes les r\u00e9clamations seront discut\u00e9es directement avec le client par t\u00e9l\u00e9phone ou au bureau de Tenerife Adventure pour discuter des d\u00e9tails. Si une r\u00e9clamation \u00e9crite est requise, le client en sera inform\u00e9. Cela peut se produire dans les cas o\u00f9 une telle r\u00e9clamation est requise par le partenaire avec lequel Tenerife Adventure coop\u00e8re et qui a effectu\u00e9 le service. Chaque r\u00e9clamation peut \u00eatre soumise par le client soit par \u00e9crit, soit oralement. Chaque\u00a0<strong>r\u00e9clamation\u00a0<\/strong>sera examin\u00e9e en d\u00e9tail afin que le client, Tenerife Adventure et le partenaire avec lequel Tenerife Adventure collabore soient satisfaits. Les r\u00e9clamations seront examin\u00e9es imm\u00e9diatement.<\/p>\n\n\t\t<\/div>\n\t<\/div>\n<\/div><\/div><\/div><\/div>\n<\/div>","protected":false},"excerpt":{"rendered":"Regulamin zakup\u00f3w w serwisie teneryfka.pl 1. Informacje og\u00f3lne Firma jest zarejestrowana w Consejeria de Turismo, Cultura y Deportes, Direccion General de Ordenacion y Promocion Turistica,Gobierno de Canarias;NIF: X3088332F. Warunki sprzeda\u017cy maj\u0105 zastosowanie do zakupu biletu dokonanego w serwisie teneryfka.pl, czyli firmy zarejestrowanej w Hiszpanii pod adresem:Avenida Maritima 31, C.C. Playa la Arena lokal 25, 38683 [...]","protected":false},"author":1,"featured_media":0,"parent":0,"menu_order":0,"comment_status":"closed","ping_status":"closed","template":"","meta":{"footnotes":""},"class_list":["post-678","page","type-page","status-publish","hentry"],"yoast_head":"<!-- This site is optimized with the Yoast SEO plugin v25.3.1 - https:\/\/yoast.com\/wordpress\/plugins\/seo\/ -->\n<title>Regulamin - Tenerife Adventure<\/title>\n<meta name=\"robots\" content=\"index, follow, max-snippet:-1, max-image-preview:large, max-video-preview:-1\" \/>\n<link rel=\"canonical\" href=\"https:\/\/teneryfka.pl\/fr\/regulamin\/\" \/>\n<meta property=\"og:locale\" content=\"fr_FR\" \/>\n<meta property=\"og:type\" content=\"article\" \/>\n<meta property=\"og:title\" content=\"Regulamin - Tenerife Adventure\" \/>\n<meta property=\"og:url\" content=\"https:\/\/teneryfka.pl\/fr\/regulamin\/\" \/>\n<meta property=\"og:site_name\" content=\"Tenerife Adventure\" \/>\n<meta property=\"article:modified_time\" content=\"2024-01-08T17:25:05+00:00\" \/>\n<meta name=\"twitter:card\" content=\"summary_large_image\" \/>\n<meta name=\"twitter:label1\" content=\"Dur\u00e9e de lecture estim\u00e9e\" \/>\n\t<meta name=\"twitter:data1\" content=\"4 minutes\" \/>\n<script type=\"application\/ld+json\" class=\"yoast-schema-graph\">{\"@context\":\"https:\/\/schema.org\",\"@graph\":[{\"@type\":\"WebPage\",\"@id\":\"https:\/\/teneryfka.pl\/regulamin\/\",\"url\":\"https:\/\/teneryfka.pl\/regulamin\/\",\"name\":\"Regulamin - Tenerife Adventure\",\"isPartOf\":{\"@id\":\"https:\/\/teneryfka.pl\/#website\"},\"datePublished\":\"2023-11-03T16:21:13+00:00\",\"dateModified\":\"2024-01-08T17:25:05+00:00\",\"breadcrumb\":{\"@id\":\"https:\/\/teneryfka.pl\/regulamin\/#breadcrumb\"},\"inLanguage\":\"fr-FR\",\"potentialAction\":[{\"@type\":\"ReadAction\",\"target\":[\"https:\/\/teneryfka.pl\/regulamin\/\"]}]},{\"@type\":\"BreadcrumbList\",\"@id\":\"https:\/\/teneryfka.pl\/regulamin\/#breadcrumb\",\"itemListElement\":[{\"@type\":\"ListItem\",\"position\":1,\"name\":\"Strona g\u0142\u00f3wna\",\"item\":\"https:\/\/teneryfka.pl\/\"},{\"@type\":\"ListItem\",\"position\":2,\"name\":\"Regulamin\"}]},{\"@type\":\"WebSite\",\"@id\":\"https:\/\/teneryfka.pl\/#website\",\"url\":\"https:\/\/teneryfka.pl\/\",\"name\":\"Tenerife Adventure\",\"description\":\"\",\"publisher\":{\"@id\":\"https:\/\/teneryfka.pl\/#organization\"},\"potentialAction\":[{\"@type\":\"SearchAction\",\"target\":{\"@type\":\"EntryPoint\",\"urlTemplate\":\"https:\/\/teneryfka.pl\/?s={search_term_string}\"},\"query-input\":{\"@type\":\"PropertyValueSpecification\",\"valueRequired\":true,\"valueName\":\"search_term_string\"}}],\"inLanguage\":\"fr-FR\"},{\"@type\":\"Organization\",\"@id\":\"https:\/\/teneryfka.pl\/#organization\",\"name\":\"Tenerife Adventure\",\"url\":\"https:\/\/teneryfka.pl\/\",\"logo\":{\"@type\":\"ImageObject\",\"inLanguage\":\"fr-FR\",\"@id\":\"https:\/\/teneryfka.pl\/#\/schema\/logo\/image\/\",\"url\":\"https:\/\/teneryfka.pl\/wp-content\/uploads\/2025\/05\/cropped-cropped-cropped-NOWE-LOGO-TENERIFE-3.png\",\"contentUrl\":\"https:\/\/teneryfka.pl\/wp-content\/uploads\/2025\/05\/cropped-cropped-cropped-NOWE-LOGO-TENERIFE-3.png\",\"width\":203,\"height\":120,\"caption\":\"Tenerife Adventure\"},\"image\":{\"@id\":\"https:\/\/teneryfka.pl\/#\/schema\/logo\/image\/\"}}]}<\/script>\n<!-- \/ Yoast SEO plugin. -->","yoast_head_json":{"title":"Regulamin - Tenerife Adventure","robots":{"index":"index","follow":"follow","max-snippet":"max-snippet:-1","max-image-preview":"max-image-preview:large","max-video-preview":"max-video-preview:-1"},"canonical":"https:\/\/teneryfka.pl\/fr\/regulamin\/","og_locale":"fr_FR","og_type":"article","og_title":"Regulamin - Tenerife Adventure","og_url":"https:\/\/teneryfka.pl\/fr\/regulamin\/","og_site_name":"Tenerife Adventure","article_modified_time":"2024-01-08T17:25:05+00:00","twitter_card":"summary_large_image","twitter_misc":{"Dur\u00e9e de lecture estim\u00e9e":"4 minutes"},"schema":{"@context":"https:\/\/schema.org","@graph":[{"@type":"WebPage","@id":"https:\/\/teneryfka.pl\/regulamin\/","url":"https:\/\/teneryfka.pl\/regulamin\/","name":"Regulamin - Tenerife Adventure","isPartOf":{"@id":"https:\/\/teneryfka.pl\/#website"},"datePublished":"2023-11-03T16:21:13+00:00","dateModified":"2024-01-08T17:25:05+00:00","breadcrumb":{"@id":"https:\/\/teneryfka.pl\/regulamin\/#breadcrumb"},"inLanguage":"fr-FR","potentialAction":[{"@type":"ReadAction","target":["https:\/\/teneryfka.pl\/regulamin\/"]}]},{"@type":"BreadcrumbList","@id":"https:\/\/teneryfka.pl\/regulamin\/#breadcrumb","itemListElement":[{"@type":"ListItem","position":1,"name":"Strona g\u0142\u00f3wna","item":"https:\/\/teneryfka.pl\/"},{"@type":"ListItem","position":2,"name":"Regulamin"}]},{"@type":"WebSite","@id":"https:\/\/teneryfka.pl\/#website","url":"https:\/\/teneryfka.pl\/","name":"Tenerife Adventure","description":"","publisher":{"@id":"https:\/\/teneryfka.pl\/#organization"},"potentialAction":[{"@type":"SearchAction","target":{"@type":"EntryPoint","urlTemplate":"https:\/\/teneryfka.pl\/?s={search_term_string}"},"query-input":{"@type":"PropertyValueSpecification","valueRequired":true,"valueName":"search_term_string"}}],"inLanguage":"fr-FR"},{"@type":"Organization","@id":"https:\/\/teneryfka.pl\/#organization","name":"Tenerife Adventure","url":"https:\/\/teneryfka.pl\/","logo":{"@type":"ImageObject","inLanguage":"fr-FR","@id":"https:\/\/teneryfka.pl\/#\/schema\/logo\/image\/","url":"https:\/\/teneryfka.pl\/wp-content\/uploads\/2025\/05\/cropped-cropped-cropped-NOWE-LOGO-TENERIFE-3.png","contentUrl":"https:\/\/teneryfka.pl\/wp-content\/uploads\/2025\/05\/cropped-cropped-cropped-NOWE-LOGO-TENERIFE-3.png","width":203,"height":120,"caption":"Tenerife Adventure"},"image":{"@id":"https:\/\/teneryfka.pl\/#\/schema\/logo\/image\/"}}]}},"_links":{"self":[{"href":"https:\/\/teneryfka.pl\/fr\/wp-json\/wp\/v2\/pages\/678","targetHints":{"allow":["GET"]}}],"collection":[{"href":"https:\/\/teneryfka.pl\/fr\/wp-json\/wp\/v2\/pages"}],"about":[{"href":"https:\/\/teneryfka.pl\/fr\/wp-json\/wp\/v2\/types\/page"}],"author":[{"embeddable":true,"href":"https:\/\/teneryfka.pl\/fr\/wp-json\/wp\/v2\/users\/1"}],"replies":[{"embeddable":true,"href":"https:\/\/teneryfka.pl\/fr\/wp-json\/wp\/v2\/comments?post=678"}],"version-history":[{"count":5,"href":"https:\/\/teneryfka.pl\/fr\/wp-json\/wp\/v2\/pages\/678\/revisions"}],"predecessor-version":[{"id":6543211530,"href":"https:\/\/teneryfka.pl\/fr\/wp-json\/wp\/v2\/pages\/678\/revisions\/6543211530"}],"wp:attachment":[{"href":"https:\/\/teneryfka.pl\/fr\/wp-json\/wp\/v2\/media?parent=678"}],"curies":[{"name":"wp","href":"https:\/\/api.w.org\/{rel}","templated":true}]}}