{"id":6543215273,"date":"2025-06-23T16:57:21","date_gmt":"2025-06-23T16:57:21","guid":{"rendered":"https:\/\/teneryfka.pl\/?post_type=product&#038;p=6543215273"},"modified":"2025-07-29T09:16:59","modified_gmt":"2025-07-29T09:16:59","slug":"teneryfa-ktora-zostaje-w-sercu","status":"publish","type":"product","link":"https:\/\/teneryfka.pl\/es\/producto\/teneryfa-ktora-zostaje-w-sercu\/","title":{"rendered":"Teneryfa, kt\u00f3ra zostaje w sercu"},"content":{"rendered":"","protected":false},"excerpt":{"rendered":"<p>Dla kogo jest ten przewodnik?<br \/>\n\u25cf Zastanawiasz si\u0119, czy Teneryfa to miejsce tylko na pla\u017cing \u2013 czy mo\u017ce co\u015b<br \/>\nwi\u0119cej?<br \/>\n\u25cf Marzysz o autentycznej podr\u00f3\u017cy z lokalnym smaczkiem i dusz\u0105 wyspy w tle?<br \/>\n\u25cf Czujesz, \u017ce same \u201ctop 10 atrakcji\u201d z internetu Ci nie wystarcz\u0105?<br \/>\n\u25cf Szukasz balansu: troch\u0119 przygody, troch\u0119 relaksu i du\u017co pi\u0119kna?<br \/>\n\u25cf Chcesz mie\u0107 przewodnik, kt\u00f3ry podpowie Ci nie tylko gdzie, ale te\u017c dlaczego<br \/>\nw\u0142a\u015bnie tam?<br \/>\nJe\u015bli cho\u0107 raz kiwn\u0119\u0142a\u015b\/kiwn\u0105\u0142e\u015b g\u0142ow\u0105 \u2013 ten e-book jest dla Ciebie!<br \/>\nTo nie suchy przewodnik, a pe\u0142na serca opowie\u015b\u0107 o Teneryfie \u2013 podana lekko, z humorem i<br \/>\nogromem praktycznych wskaz\u00f3wek<br \/>\nW \u015brodku znajdziesz:<br \/>\n\u25cf praktyczne porady: co zabra\u0107, gdzie spa\u0107, jak si\u0119 porusza\u0107<br \/>\n\u25cf por\u00f3wnanie p\u00f3\u0142nocy i po\u0142udnia<br \/>\n\u25cf historie, kultur\u0119, tradycje<br \/>\n\u25cf moje ulubione pla\u017ce, miejsca, knajpki i zachody s\u0142o\u0144ca<br \/>\n\u25cf propozycje wycieczek, atrakcji i mn\u00f3stwo polecajek<br \/>\n+ dost\u0119p do playlisty Tenerife Vibes \u2013 w\u0142\u0105cz i poczuj klimat wyspy!<br \/>\nTo przewodnik, kt\u00f3ry sprawi, \u017ce poczujesz si\u0119 jak z lokalnym przewodnikiem u boku<\/p>","protected":false},"featured_media":6543215331,"comment_status":"open","ping_status":"closed","template":"","meta":[],"product_brand":[],"product_cat":[6543211831],"product_tag":[],"class_list":{"0":"post-6543215273","1":"product","2":"type-product","3":"status-publish","4":"has-post-thumbnail","6":"product_cat-e-booki","7":"one-fourth","9":"first","10":"instock","11":"downloadable","12":"virtual","13":"purchasable","14":"product-type-simple"},"yoast_head":"<!-- This site is optimized with the Yoast SEO plugin v25.3.1 - https:\/\/yoast.com\/wordpress\/plugins\/seo\/ -->\n<title>Teneryfa, kt\u00f3ra zostaje w sercu - Tenerife Adventure<\/title>\n<meta name=\"robots\" content=\"index, follow, max-snippet:-1, max-image-preview:large, max-video-preview:-1\" \/>\n<link rel=\"canonical\" href=\"https:\/\/teneryfka.pl\/es\/producto\/teneryfa-ktora-zostaje-w-sercu\/\" \/>\n<meta property=\"og:locale\" content=\"es_ES\" \/>\n<meta property=\"og:type\" content=\"article\" \/>\n<meta property=\"og:title\" content=\"Teneryfa, kt\u00f3ra zostaje w sercu - Tenerife Adventure\" \/>\n<meta property=\"og:description\" content=\"Dla kogo jest ten przewodnik? \u25cf Zastanawiasz si\u0119, czy Teneryfa to miejsce tylko na pla\u017cing \u2013 czy mo\u017ce co\u015b wi\u0119cej? \u25cf Marzysz o autentycznej podr\u00f3\u017cy z lokalnym smaczkiem i dusz\u0105 wyspy w tle? \u25cf Czujesz, \u017ce same \u201ctop 10 atrakcji\u201d z internetu Ci nie wystarcz\u0105? \u25cf Szukasz balansu: troch\u0119 przygody, troch\u0119 relaksu i du\u017co pi\u0119kna? \u25cf Chcesz mie\u0107 przewodnik, kt\u00f3ry podpowie Ci nie tylko gdzie, ale te\u017c dlaczego w\u0142a\u015bnie tam? Je\u015bli cho\u0107 raz kiwn\u0119\u0142a\u015b\/kiwn\u0105\u0142e\u015b g\u0142ow\u0105 \u2013 ten e-book jest dla Ciebie! To nie suchy przewodnik, a pe\u0142na serca opowie\u015b\u0107 o Teneryfie \u2013 podana lekko, z humorem i ogromem praktycznych wskaz\u00f3wek W \u015brodku znajdziesz: \u25cf praktyczne porady: co zabra\u0107, gdzie spa\u0107, jak si\u0119 porusza\u0107 \u25cf por\u00f3wnanie p\u00f3\u0142nocy i po\u0142udnia \u25cf historie, kultur\u0119, tradycje \u25cf moje ulubione pla\u017ce, miejsca, knajpki i zachody s\u0142o\u0144ca \u25cf propozycje wycieczek, atrakcji i mn\u00f3stwo polecajek + dost\u0119p do playlisty Tenerife Vibes \u2013 w\u0142\u0105cz i poczuj klimat wyspy! To przewodnik, kt\u00f3ry sprawi, \u017ce poczujesz si\u0119 jak z lokalnym przewodnikiem u boku\" \/>\n<meta property=\"og:url\" content=\"https:\/\/teneryfka.pl\/es\/producto\/teneryfa-ktora-zostaje-w-sercu\/\" \/>\n<meta property=\"og:site_name\" content=\"Tenerife Adventure\" \/>\n<meta property=\"article:modified_time\" content=\"2025-07-29T09:16:59+00:00\" \/>\n<meta property=\"og:image\" content=\"https:\/\/teneryfka.pl\/wp-content\/uploads\/2025\/07\/teneryfa-bez-tajemnic.png\" \/>\n\t<meta property=\"og:image:width\" content=\"768\" \/>\n\t<meta property=\"og:image:height\" content=\"1200\" \/>\n\t<meta property=\"og:image:type\" content=\"image\/png\" \/>\n<meta name=\"twitter:card\" content=\"summary_large_image\" \/>\n<meta name=\"twitter:label1\" content=\"Tiempo de lectura\" \/>\n\t<meta name=\"twitter:data1\" content=\"1 minuto\" \/>\n<script type=\"application\/ld+json\" class=\"yoast-schema-graph\">{\"@context\":\"https:\/\/schema.org\",\"@graph\":[{\"@type\":\"WebPage\",\"@id\":\"https:\/\/teneryfka.pl\/produkt\/teneryfa-ktora-zostaje-w-sercu\/\",\"url\":\"https:\/\/teneryfka.pl\/produkt\/teneryfa-ktora-zostaje-w-sercu\/\",\"name\":\"Teneryfa, kt\u00f3ra zostaje w sercu - Tenerife Adventure\",\"isPartOf\":{\"@id\":\"https:\/\/teneryfka.pl\/#website\"},\"primaryImageOfPage\":{\"@id\":\"https:\/\/teneryfka.pl\/produkt\/teneryfa-ktora-zostaje-w-sercu\/#primaryimage\"},\"image\":{\"@id\":\"https:\/\/teneryfka.pl\/produkt\/teneryfa-ktora-zostaje-w-sercu\/#primaryimage\"},\"thumbnailUrl\":\"https:\/\/teneryfka.pl\/wp-content\/uploads\/2025\/07\/teneryfa-bez-tajemnic.png\",\"datePublished\":\"2025-06-23T16:57:21+00:00\",\"dateModified\":\"2025-07-29T09:16:59+00:00\",\"breadcrumb\":{\"@id\":\"https:\/\/teneryfka.pl\/produkt\/teneryfa-ktora-zostaje-w-sercu\/#breadcrumb\"},\"inLanguage\":\"es\",\"potentialAction\":[{\"@type\":\"ReadAction\",\"target\":[\"https:\/\/teneryfka.pl\/produkt\/teneryfa-ktora-zostaje-w-sercu\/\"]}]},{\"@type\":\"ImageObject\",\"inLanguage\":\"es\",\"@id\":\"https:\/\/teneryfka.pl\/produkt\/teneryfa-ktora-zostaje-w-sercu\/#primaryimage\",\"url\":\"https:\/\/teneryfka.pl\/wp-content\/uploads\/2025\/07\/teneryfa-bez-tajemnic.png\",\"contentUrl\":\"https:\/\/teneryfka.pl\/wp-content\/uploads\/2025\/07\/teneryfa-bez-tajemnic.png\",\"width\":768,\"height\":1200},{\"@type\":\"BreadcrumbList\",\"@id\":\"https:\/\/teneryfka.pl\/produkt\/teneryfa-ktora-zostaje-w-sercu\/#breadcrumb\",\"itemListElement\":[{\"@type\":\"ListItem\",\"position\":1,\"name\":\"Strona g\u0142\u00f3wna\",\"item\":\"https:\/\/teneryfka.pl\/\"},{\"@type\":\"ListItem\",\"position\":2,\"name\":\"Sklep\",\"item\":\"https:\/\/teneryfka.pl\/sklep\/\"},{\"@type\":\"ListItem\",\"position\":3,\"name\":\"Teneryfa, kt\u00f3ra zostaje w sercu\"}]},{\"@type\":\"WebSite\",\"@id\":\"https:\/\/teneryfka.pl\/#website\",\"url\":\"https:\/\/teneryfka.pl\/\",\"name\":\"Tenerife Adventure\",\"description\":\"\",\"publisher\":{\"@id\":\"https:\/\/teneryfka.pl\/#organization\"},\"potentialAction\":[{\"@type\":\"SearchAction\",\"target\":{\"@type\":\"EntryPoint\",\"urlTemplate\":\"https:\/\/teneryfka.pl\/?s={search_term_string}\"},\"query-input\":{\"@type\":\"PropertyValueSpecification\",\"valueRequired\":true,\"valueName\":\"search_term_string\"}}],\"inLanguage\":\"es\"},{\"@type\":\"Organization\",\"@id\":\"https:\/\/teneryfka.pl\/#organization\",\"name\":\"Tenerife Adventure\",\"url\":\"https:\/\/teneryfka.pl\/\",\"logo\":{\"@type\":\"ImageObject\",\"inLanguage\":\"es\",\"@id\":\"https:\/\/teneryfka.pl\/#\/schema\/logo\/image\/\",\"url\":\"https:\/\/teneryfka.pl\/wp-content\/uploads\/2025\/05\/cropped-cropped-cropped-NOWE-LOGO-TENERIFE-3.png\",\"contentUrl\":\"https:\/\/teneryfka.pl\/wp-content\/uploads\/2025\/05\/cropped-cropped-cropped-NOWE-LOGO-TENERIFE-3.png\",\"width\":203,\"height\":120,\"caption\":\"Tenerife Adventure\"},\"image\":{\"@id\":\"https:\/\/teneryfka.pl\/#\/schema\/logo\/image\/\"}}]}<\/script>\n<!-- \/ Yoast SEO plugin. -->","yoast_head_json":{"title":"Teneryfa, kt\u00f3ra zostaje w sercu - Tenerife Adventure","robots":{"index":"index","follow":"follow","max-snippet":"max-snippet:-1","max-image-preview":"max-image-preview:large","max-video-preview":"max-video-preview:-1"},"canonical":"https:\/\/teneryfka.pl\/es\/producto\/teneryfa-ktora-zostaje-w-sercu\/","og_locale":"es_ES","og_type":"article","og_title":"Teneryfa, kt\u00f3ra zostaje w sercu - Tenerife Adventure","og_description":"Dla kogo jest ten przewodnik? \u25cf Zastanawiasz si\u0119, czy Teneryfa to miejsce tylko na pla\u017cing \u2013 czy mo\u017ce co\u015b wi\u0119cej? \u25cf Marzysz o autentycznej podr\u00f3\u017cy z lokalnym smaczkiem i dusz\u0105 wyspy w tle? \u25cf Czujesz, \u017ce same \u201ctop 10 atrakcji\u201d z internetu Ci nie wystarcz\u0105? \u25cf Szukasz balansu: troch\u0119 przygody, troch\u0119 relaksu i du\u017co pi\u0119kna? \u25cf Chcesz mie\u0107 przewodnik, kt\u00f3ry podpowie Ci nie tylko gdzie, ale te\u017c dlaczego w\u0142a\u015bnie tam? Je\u015bli cho\u0107 raz kiwn\u0119\u0142a\u015b\/kiwn\u0105\u0142e\u015b g\u0142ow\u0105 \u2013 ten e-book jest dla Ciebie! To nie suchy przewodnik, a pe\u0142na serca opowie\u015b\u0107 o Teneryfie \u2013 podana lekko, z humorem i ogromem praktycznych wskaz\u00f3wek W \u015brodku znajdziesz: \u25cf praktyczne porady: co zabra\u0107, gdzie spa\u0107, jak si\u0119 porusza\u0107 \u25cf por\u00f3wnanie p\u00f3\u0142nocy i po\u0142udnia \u25cf historie, kultur\u0119, tradycje \u25cf moje ulubione pla\u017ce, miejsca, knajpki i zachody s\u0142o\u0144ca \u25cf propozycje wycieczek, atrakcji i mn\u00f3stwo polecajek + dost\u0119p do playlisty Tenerife Vibes \u2013 w\u0142\u0105cz i poczuj klimat wyspy! To przewodnik, kt\u00f3ry sprawi, \u017ce poczujesz si\u0119 jak z lokalnym przewodnikiem u boku","og_url":"https:\/\/teneryfka.pl\/es\/producto\/teneryfa-ktora-zostaje-w-sercu\/","og_site_name":"Tenerife Adventure","article_modified_time":"2025-07-29T09:16:59+00:00","og_image":[{"width":768,"height":1200,"url":"https:\/\/teneryfka.pl\/wp-content\/uploads\/2025\/07\/teneryfa-bez-tajemnic.png","type":"image\/png"}],"twitter_card":"summary_large_image","twitter_misc":{"Tiempo de lectura":"1 minuto"},"schema":{"@context":"https:\/\/schema.org","@graph":[{"@type":"WebPage","@id":"https:\/\/teneryfka.pl\/produkt\/teneryfa-ktora-zostaje-w-sercu\/","url":"https:\/\/teneryfka.pl\/produkt\/teneryfa-ktora-zostaje-w-sercu\/","name":"Teneryfa, kt\u00f3ra zostaje w sercu - Tenerife Adventure","isPartOf":{"@id":"https:\/\/teneryfka.pl\/#website"},"primaryImageOfPage":{"@id":"https:\/\/teneryfka.pl\/produkt\/teneryfa-ktora-zostaje-w-sercu\/#primaryimage"},"image":{"@id":"https:\/\/teneryfka.pl\/produkt\/teneryfa-ktora-zostaje-w-sercu\/#primaryimage"},"thumbnailUrl":"https:\/\/teneryfka.pl\/wp-content\/uploads\/2025\/07\/teneryfa-bez-tajemnic.png","datePublished":"2025-06-23T16:57:21+00:00","dateModified":"2025-07-29T09:16:59+00:00","breadcrumb":{"@id":"https:\/\/teneryfka.pl\/produkt\/teneryfa-ktora-zostaje-w-sercu\/#breadcrumb"},"inLanguage":"es","potentialAction":[{"@type":"ReadAction","target":["https:\/\/teneryfka.pl\/produkt\/teneryfa-ktora-zostaje-w-sercu\/"]}]},{"@type":"ImageObject","inLanguage":"es","@id":"https:\/\/teneryfka.pl\/produkt\/teneryfa-ktora-zostaje-w-sercu\/#primaryimage","url":"https:\/\/teneryfka.pl\/wp-content\/uploads\/2025\/07\/teneryfa-bez-tajemnic.png","contentUrl":"https:\/\/teneryfka.pl\/wp-content\/uploads\/2025\/07\/teneryfa-bez-tajemnic.png","width":768,"height":1200},{"@type":"BreadcrumbList","@id":"https:\/\/teneryfka.pl\/produkt\/teneryfa-ktora-zostaje-w-sercu\/#breadcrumb","itemListElement":[{"@type":"ListItem","position":1,"name":"Strona g\u0142\u00f3wna","item":"https:\/\/teneryfka.pl\/"},{"@type":"ListItem","position":2,"name":"Sklep","item":"https:\/\/teneryfka.pl\/sklep\/"},{"@type":"ListItem","position":3,"name":"Teneryfa, kt\u00f3ra zostaje w sercu"}]},{"@type":"WebSite","@id":"https:\/\/teneryfka.pl\/#website","url":"https:\/\/teneryfka.pl\/","name":"Tenerife Adventure","description":"","publisher":{"@id":"https:\/\/teneryfka.pl\/#organization"},"potentialAction":[{"@type":"SearchAction","target":{"@type":"EntryPoint","urlTemplate":"https:\/\/teneryfka.pl\/?s={search_term_string}"},"query-input":{"@type":"PropertyValueSpecification","valueRequired":true,"valueName":"search_term_string"}}],"inLanguage":"es"},{"@type":"Organization","@id":"https:\/\/teneryfka.pl\/#organization","name":"Tenerife Adventure","url":"https:\/\/teneryfka.pl\/","logo":{"@type":"ImageObject","inLanguage":"es","@id":"https:\/\/teneryfka.pl\/#\/schema\/logo\/image\/","url":"https:\/\/teneryfka.pl\/wp-content\/uploads\/2025\/05\/cropped-cropped-cropped-NOWE-LOGO-TENERIFE-3.png","contentUrl":"https:\/\/teneryfka.pl\/wp-content\/uploads\/2025\/05\/cropped-cropped-cropped-NOWE-LOGO-TENERIFE-3.png","width":203,"height":120,"caption":"Tenerife Adventure"},"image":{"@id":"https:\/\/teneryfka.pl\/#\/schema\/logo\/image\/"}}]}},"_links":{"self":[{"href":"https:\/\/teneryfka.pl\/es\/wp-json\/wp\/v2\/product\/6543215273","targetHints":{"allow":["GET"]}}],"collection":[{"href":"https:\/\/teneryfka.pl\/es\/wp-json\/wp\/v2\/product"}],"about":[{"href":"https:\/\/teneryfka.pl\/es\/wp-json\/wp\/v2\/types\/product"}],"replies":[{"embeddable":true,"href":"https:\/\/teneryfka.pl\/es\/wp-json\/wp\/v2\/comments?post=6543215273"}],"wp:featuredmedia":[{"embeddable":true,"href":"https:\/\/teneryfka.pl\/es\/wp-json\/wp\/v2\/media\/6543215331"}],"wp:attachment":[{"href":"https:\/\/teneryfka.pl\/es\/wp-json\/wp\/v2\/media?parent=6543215273"}],"wp:term":[{"taxonomy":"product_brand","embeddable":true,"href":"https:\/\/teneryfka.pl\/es\/wp-json\/wp\/v2\/product_brand?post=6543215273"},{"taxonomy":"product_cat","embeddable":true,"href":"https:\/\/teneryfka.pl\/es\/wp-json\/wp\/v2\/product_cat?post=6543215273"},{"taxonomy":"product_tag","embeddable":true,"href":"https:\/\/teneryfka.pl\/es\/wp-json\/wp\/v2\/product_tag?post=6543215273"}],"curies":[{"name":"wp","href":"https:\/\/api.w.org\/{rel}","templated":true}]}}