{"id":678,"date":"2023-11-03T16:21:13","date_gmt":"2023-11-03T16:21:13","guid":{"rendered":"https:\/\/teneryfka.pl\/?page_id=678"},"modified":"2024-01-08T17:25:05","modified_gmt":"2024-01-08T17:25:05","slug":"regulamin","status":"publish","type":"page","link":"https:\/\/teneryfka.pl\/es\/regulamin\/","title":{"rendered":"T\u00e9rminos y condiciones"},"content":{"rendered":"<div class=\"wpb-content-wrapper\"><div class=\"vc_row wpb_row vc_row-fluid\"><div class=\"wpb_column vc_column_container vc_col-sm-12\"><div class=\"vc_column-inner\"><div class=\"wpb_wrapper\">\n\t<div class=\"wpb_text_column wpb_content_element\" >\n\t\t<div class=\"wpb_wrapper\">\n\t\t\t<p><strong>Regulamin zakup\u00f3w w serwisie teneryfka.pl<\/strong><\/p>\n<p><strong>1. Informaci\u00f3n General<\/strong><\/p>\n<ul>\n<li>La empresa est\u00e1 registrada en la Consejer\u00eda de Turismo, Cultura y Deportes, Direcci\u00f3n General de Ordenaci\u00f3n y Promoci\u00f3n Tur\u00edstica,<br \/>Gobierno de Canarias;<br \/>NIF: X3088332F.<\/li>\n<li>Warunki sprzeda\u017cy maj\u0105 zastosowanie do zakupu biletu dokonanego w serwisie teneryfka.pl, czyli firmy zarejestrowanej w Hiszpanii pod adresem:<br \/>Avenida Maritima 31, C.C. Playa la Arena, Local 25, 38683 Puerto Santiago, Santa Cruz de Tenerife, Espa\u00f1a.<\/li>\n<\/ul>\n<p><!-- \/wp:post-content --><strong>2. Adquisici\u00f3n\/Compra\/Realizaci\u00f3n de un Boleto<\/strong><\/p>\n<ul>\n<li>Solo pueden adquirirlo las personas que hayan cumplido 18 a\u00f1os. Durante la compra, es necesario completar un formulario de pedido y pagar el monto total.<\/li>\n<li>Hacer clic en el bot\u00f3n 'Reservar' te redirigir\u00e1 a la p\u00e1gina de pago. Solo despu\u00e9s de realizar el pago se enviar\u00e1 un correo electr\u00f3nico de confirmaci\u00f3n a Tenerifeadventure.eu, con lo cual se finaliza el pedido del servicio.<\/li>\n<li>El tiempo m\u00ednimo para adquirir un boleto es de 24 horas antes de la prestaci\u00f3n del servicio.<\/li>\n<li>Tenerifeadventure.eu se reserva el derecho de rechazar el pedido de un cliente si no es posible cumplirlo (por ejemplo, falta de plazas disponibles, condiciones meteorol\u00f3gicas desfavorables, tiempo insuficiente para procesar el pedido). Si el cliente ha realizado un pago y su pedido es rechazado, Tenerifeadventure.eu se compromete a reembolsar el monto total pagado.<\/li>\n<li>El boleto solo se puede canjear una vez al cumplir el pedido con un socio de Tenerifeadventure.eu.<\/li>\n<li>Para canjear el boleto, debe presentarse al socio dentro del plazo de su validez.<\/li>\n<li>Un boleto no canjeado dentro de su per\u00edodo de validez caduca autom\u00e1ticamente. Un pedido que ha caducado no puede ser cumplido, y el poseedor del boleto no tiene derecho a un reembolso o compensaci\u00f3n.<\/li>\n<li>El boleto solo se puede canjear en su totalidad. No est\u00e1 sujeto a un cumplimiento parcial o gradual.<\/li>\n<li>Si, debido a circunstancias imprevistas, el socio no puede proporcionar el servicio ofrecido por Tenerifeadventure.eu seg\u00fan lo descrito, Tenerifeadventure.eu le notificar\u00e1 de inmediato este hecho por correo electr\u00f3nico o tel\u00e9fono. Tenerifeadventure.eu le ofrecer\u00e1 un nuevo boleto que proporcione beneficios comparables (si est\u00e1 disponible) o un reembolso completo del costo del boleto.<\/li>\n<li>Si el Cliente ha cancelado el uso del pedido y la cancelaci\u00f3n se produjo dentro de las 48 horas o menos antes de la fecha de ejecuci\u00f3n del servicio, estar\u00e1 obligado a pagar el 50% del costo total del servicio, de acuerdo con las regulaciones comerciales de los agentes de viajes en Espa\u00f1a, con fecha del 25 de febrero de 1953.\"<\/li>\n<li>El boleto solo se puede adquirir para uso personal y no comercial (aunque se puede transferir a otra persona para su uso personal y no comercial).<\/li>\n<li>El comprador es el \u00fanico responsable del boleto. Ni Tenerifeadventure.eu ni el Socio son responsables de los boletos perdidos o robados.<\/li>\n<\/ul>\n<p><!-- \/wp:list-item --><!-- \/wp:list --><\/p>\n<p><!-- wp:paragraph --><strong>3. El comprador se compromete a no proporcionar informaci\u00f3n falsa, incluyendo nombres falsos, datos de direcci\u00f3n, detalles de contacto, o informaci\u00f3n de pago;<\/strong><br \/>El comprador tambi\u00e9n se compromete a no realizar ninguna acci\u00f3n ilegal con respecto a la adquisici\u00f3n o uso del boleto, as\u00ed como a prevenir que otras personas realicen tales acciones.<\/p>\n<p><!-- \/wp:paragraph --><\/p>\n<p><!-- wp:paragraph --><strong>4. Cancelaci\u00f3n, Reembolso y Problemas<\/strong><\/p>\n<ul>\n<li>El cliente tiene derecho a retirarse del acuerdo de compra del boleto dentro de los 14 d\u00edas calendario desde el d\u00eda en que recibi\u00f3 la confirmaci\u00f3n de compra por correo electr\u00f3nico.<\/li>\n<li>Al retirarse del canje del cup\u00f3n 48 horas o menos antes de la fecha programada del servicio, el cliente se compromete a pagar el 50% del precio total del servicio, de acuerdo con las regulaciones comerciales de los agentes de viajes en Espa\u00f1a, con fecha del 25 de febrero de 1953.<\/li>\n<li>O odst\u0105pieniu od umowy poinformowa\u0107 mo\u017cna wype\u0142niaj\u0105c i przesy\u0142aj\u0105c formularz na stronie teneryfka.pl, w dziale kontakt poprzez kontakt e-mail lub poprzez kontakt telefoniczny<\/li>\n<li>Todas las cuestiones relativas a los reembolsos se discutir\u00e1n directamente con el equipo de servicio de Tenerifeadventure.eu.<\/li>\n<li>El comprador es consciente de que es el Socio, no Tenerifeadventure.eu, quien es responsable del servicio y su ejecuci\u00f3n.<\/li>\n<\/ul>\n<p><strong>5. Reclamaci\u00f3n<\/strong><\/p>\n<p>Todas las reclamaciones se discutir\u00e1n directamente con el cliente por tel\u00e9fono o en la oficina de Tenerife Adventure para discutir los detalles. Si se requiere una reclamaci\u00f3n escrita, el cliente ser\u00e1 informado. Esto puede ocurrir en casos donde tal reclamaci\u00f3n sea requerida por el socio con quien Tenerife Adventure coopera y que realiz\u00f3 el servicio. Cada reclamaci\u00f3n puede ser presentada por el cliente ya sea por escrito o verbalmente. Cada\u00a0<strong>reclamaci\u00f3n\u00a0<\/strong>se discutir\u00e1 minuciosamente para que tanto el cliente como Tenerife Adventure, as\u00ed como el socio con el que Tenerife Adventure coopera, queden satisfechos. Las reclamaciones se considerar\u00e1n de inmediato.<\/p>\n\n\t\t<\/div>\n\t<\/div>\n<\/div><\/div><\/div><\/div>\n<\/div>","protected":false},"excerpt":{"rendered":"Regulamin zakup\u00f3w w serwisie teneryfka.pl 1. Informacje og\u00f3lne Firma jest zarejestrowana w Consejeria de Turismo, Cultura y Deportes, Direccion General de Ordenacion y Promocion Turistica,Gobierno de Canarias;NIF: X3088332F. Warunki sprzeda\u017cy maj\u0105 zastosowanie do zakupu biletu dokonanego w serwisie teneryfka.pl, czyli firmy zarejestrowanej w Hiszpanii pod adresem:Avenida Maritima 31, C.C. Playa la Arena lokal 25, 38683 [...]","protected":false},"author":1,"featured_media":0,"parent":0,"menu_order":0,"comment_status":"closed","ping_status":"closed","template":"","meta":{"footnotes":""},"class_list":["post-678","page","type-page","status-publish","hentry"],"yoast_head":"<!-- This site is optimized with the Yoast SEO plugin v25.3.1 - https:\/\/yoast.com\/wordpress\/plugins\/seo\/ -->\n<title>Regulamin - Tenerife Adventure<\/title>\n<meta name=\"robots\" content=\"index, follow, max-snippet:-1, max-image-preview:large, max-video-preview:-1\" \/>\n<link rel=\"canonical\" href=\"https:\/\/teneryfka.pl\/es\/regulamin\/\" \/>\n<meta property=\"og:locale\" content=\"es_ES\" \/>\n<meta property=\"og:type\" content=\"article\" \/>\n<meta property=\"og:title\" content=\"Regulamin - Tenerife Adventure\" \/>\n<meta property=\"og:url\" content=\"https:\/\/teneryfka.pl\/es\/regulamin\/\" \/>\n<meta property=\"og:site_name\" content=\"Tenerife Adventure\" \/>\n<meta property=\"article:modified_time\" content=\"2024-01-08T17:25:05+00:00\" \/>\n<meta name=\"twitter:card\" content=\"summary_large_image\" \/>\n<meta name=\"twitter:label1\" content=\"Tiempo de lectura\" \/>\n\t<meta name=\"twitter:data1\" content=\"4 minutos\" \/>\n<script type=\"application\/ld+json\" class=\"yoast-schema-graph\">{\"@context\":\"https:\/\/schema.org\",\"@graph\":[{\"@type\":\"WebPage\",\"@id\":\"https:\/\/teneryfka.pl\/regulamin\/\",\"url\":\"https:\/\/teneryfka.pl\/regulamin\/\",\"name\":\"Regulamin - Tenerife Adventure\",\"isPartOf\":{\"@id\":\"https:\/\/teneryfka.pl\/#website\"},\"datePublished\":\"2023-11-03T16:21:13+00:00\",\"dateModified\":\"2024-01-08T17:25:05+00:00\",\"breadcrumb\":{\"@id\":\"https:\/\/teneryfka.pl\/regulamin\/#breadcrumb\"},\"inLanguage\":\"es\",\"potentialAction\":[{\"@type\":\"ReadAction\",\"target\":[\"https:\/\/teneryfka.pl\/regulamin\/\"]}]},{\"@type\":\"BreadcrumbList\",\"@id\":\"https:\/\/teneryfka.pl\/regulamin\/#breadcrumb\",\"itemListElement\":[{\"@type\":\"ListItem\",\"position\":1,\"name\":\"Strona g\u0142\u00f3wna\",\"item\":\"https:\/\/teneryfka.pl\/\"},{\"@type\":\"ListItem\",\"position\":2,\"name\":\"Regulamin\"}]},{\"@type\":\"WebSite\",\"@id\":\"https:\/\/teneryfka.pl\/#website\",\"url\":\"https:\/\/teneryfka.pl\/\",\"name\":\"Tenerife Adventure\",\"description\":\"\",\"publisher\":{\"@id\":\"https:\/\/teneryfka.pl\/#organization\"},\"potentialAction\":[{\"@type\":\"SearchAction\",\"target\":{\"@type\":\"EntryPoint\",\"urlTemplate\":\"https:\/\/teneryfka.pl\/?s={search_term_string}\"},\"query-input\":{\"@type\":\"PropertyValueSpecification\",\"valueRequired\":true,\"valueName\":\"search_term_string\"}}],\"inLanguage\":\"es\"},{\"@type\":\"Organization\",\"@id\":\"https:\/\/teneryfka.pl\/#organization\",\"name\":\"Tenerife Adventure\",\"url\":\"https:\/\/teneryfka.pl\/\",\"logo\":{\"@type\":\"ImageObject\",\"inLanguage\":\"es\",\"@id\":\"https:\/\/teneryfka.pl\/#\/schema\/logo\/image\/\",\"url\":\"https:\/\/teneryfka.pl\/wp-content\/uploads\/2025\/05\/cropped-cropped-cropped-NOWE-LOGO-TENERIFE-3.png\",\"contentUrl\":\"https:\/\/teneryfka.pl\/wp-content\/uploads\/2025\/05\/cropped-cropped-cropped-NOWE-LOGO-TENERIFE-3.png\",\"width\":203,\"height\":120,\"caption\":\"Tenerife Adventure\"},\"image\":{\"@id\":\"https:\/\/teneryfka.pl\/#\/schema\/logo\/image\/\"}}]}<\/script>\n<!-- \/ Yoast SEO plugin. -->","yoast_head_json":{"title":"Regulamin - Tenerife Adventure","robots":{"index":"index","follow":"follow","max-snippet":"max-snippet:-1","max-image-preview":"max-image-preview:large","max-video-preview":"max-video-preview:-1"},"canonical":"https:\/\/teneryfka.pl\/es\/regulamin\/","og_locale":"es_ES","og_type":"article","og_title":"Regulamin - Tenerife Adventure","og_url":"https:\/\/teneryfka.pl\/es\/regulamin\/","og_site_name":"Tenerife Adventure","article_modified_time":"2024-01-08T17:25:05+00:00","twitter_card":"summary_large_image","twitter_misc":{"Tiempo de lectura":"4 minutos"},"schema":{"@context":"https:\/\/schema.org","@graph":[{"@type":"WebPage","@id":"https:\/\/teneryfka.pl\/regulamin\/","url":"https:\/\/teneryfka.pl\/regulamin\/","name":"Regulamin - Tenerife Adventure","isPartOf":{"@id":"https:\/\/teneryfka.pl\/#website"},"datePublished":"2023-11-03T16:21:13+00:00","dateModified":"2024-01-08T17:25:05+00:00","breadcrumb":{"@id":"https:\/\/teneryfka.pl\/regulamin\/#breadcrumb"},"inLanguage":"es","potentialAction":[{"@type":"ReadAction","target":["https:\/\/teneryfka.pl\/regulamin\/"]}]},{"@type":"BreadcrumbList","@id":"https:\/\/teneryfka.pl\/regulamin\/#breadcrumb","itemListElement":[{"@type":"ListItem","position":1,"name":"Strona g\u0142\u00f3wna","item":"https:\/\/teneryfka.pl\/"},{"@type":"ListItem","position":2,"name":"Regulamin"}]},{"@type":"WebSite","@id":"https:\/\/teneryfka.pl\/#website","url":"https:\/\/teneryfka.pl\/","name":"Tenerife Adventure","description":"","publisher":{"@id":"https:\/\/teneryfka.pl\/#organization"},"potentialAction":[{"@type":"SearchAction","target":{"@type":"EntryPoint","urlTemplate":"https:\/\/teneryfka.pl\/?s={search_term_string}"},"query-input":{"@type":"PropertyValueSpecification","valueRequired":true,"valueName":"search_term_string"}}],"inLanguage":"es"},{"@type":"Organization","@id":"https:\/\/teneryfka.pl\/#organization","name":"Tenerife Adventure","url":"https:\/\/teneryfka.pl\/","logo":{"@type":"ImageObject","inLanguage":"es","@id":"https:\/\/teneryfka.pl\/#\/schema\/logo\/image\/","url":"https:\/\/teneryfka.pl\/wp-content\/uploads\/2025\/05\/cropped-cropped-cropped-NOWE-LOGO-TENERIFE-3.png","contentUrl":"https:\/\/teneryfka.pl\/wp-content\/uploads\/2025\/05\/cropped-cropped-cropped-NOWE-LOGO-TENERIFE-3.png","width":203,"height":120,"caption":"Tenerife Adventure"},"image":{"@id":"https:\/\/teneryfka.pl\/#\/schema\/logo\/image\/"}}]}},"_links":{"self":[{"href":"https:\/\/teneryfka.pl\/es\/wp-json\/wp\/v2\/pages\/678","targetHints":{"allow":["GET"]}}],"collection":[{"href":"https:\/\/teneryfka.pl\/es\/wp-json\/wp\/v2\/pages"}],"about":[{"href":"https:\/\/teneryfka.pl\/es\/wp-json\/wp\/v2\/types\/page"}],"author":[{"embeddable":true,"href":"https:\/\/teneryfka.pl\/es\/wp-json\/wp\/v2\/users\/1"}],"replies":[{"embeddable":true,"href":"https:\/\/teneryfka.pl\/es\/wp-json\/wp\/v2\/comments?post=678"}],"version-history":[{"count":5,"href":"https:\/\/teneryfka.pl\/es\/wp-json\/wp\/v2\/pages\/678\/revisions"}],"predecessor-version":[{"id":6543211530,"href":"https:\/\/teneryfka.pl\/es\/wp-json\/wp\/v2\/pages\/678\/revisions\/6543211530"}],"wp:attachment":[{"href":"https:\/\/teneryfka.pl\/es\/wp-json\/wp\/v2\/media?parent=678"}],"curies":[{"name":"wp","href":"https:\/\/api.w.org\/{rel}","templated":true}]}}