{"id":6543215399,"date":"2025-07-24T23:42:04","date_gmt":"2025-07-24T23:42:04","guid":{"rendered":"https:\/\/teneryfka.pl\/?page_id=6543215399"},"modified":"2025-07-29T15:39:23","modified_gmt":"2025-07-29T15:39:23","slug":"e-booki","status":"publish","type":"page","link":"https:\/\/teneryfka.pl\/es\/e-booki\/","title":{"rendered":"E-booki"},"content":{"rendered":"<div class=\"wpb-content-wrapper\"><div data-vc-full-width=\"true\" data-vc-full-width-init=\"false\" class=\"vc_row wpb_row vc_row-fluid vc_custom_1753727884767 vc_row-has-fill\"><div class=\"wpb_column vc_column_container vc_col-sm-6\"><div class=\"vc_column-inner\"><div class=\"wpb_wrapper\"><h1 style=\"font-size: 52px;color: #ffffff;line-height: 1;text-align: left;font-family:Roboto;font-weight:700;font-style:normal\" class=\"vc_custom_heading vc_do_custom_heading stylised-heading vc_custom_1753400558073\" >E-BOOKI<\/h1>\n\t<div class=\"wpb_text_column wpb_content_element vc_custom_1753400573416\" >\n\t\t<div class=\"wpb_wrapper\">\n\t\t\t<h3><span style=\"color: #ffffff;\">E-booki z dusz\u0105 i praktyk\u0105 \u2013 od kobiety, kt\u00f3ra zna wysp\u0119 jak nikt inny<\/span><\/h3>\n\n\t\t<\/div>\n\t<\/div>\n<\/div><\/div><\/div><\/div><div class=\"vc_row-full-width vc_clearfix\"><\/div><div data-vc-full-width=\"true\" data-vc-full-width-init=\"false\" class=\"vc_row wpb_row vc_row-fluid bg-top-center vc_custom_1753368901113 vc_row-has-fill\"><div class=\"wpb_column vc_column_container vc_col-sm-12\"><div class=\"vc_column-inner\"><div class=\"wpb_wrapper\"><div class=\"vc_row wpb_row vc_inner vc_row-fluid vc_column-gap-30\"><div class=\"wpb_column vc_column_container vc_col-sm-6\"><div class=\"vc_column-inner\"><div class=\"wpb_wrapper\"><h2 style=\"font-size: 48px;line-height: 1;text-align: left;font-family:Roboto;font-weight:700;font-style:normal\" class=\"vc_custom_heading vc_do_custom_heading stylised-heading vc_custom_1753400654426\" >Teneryfa, kt\u00f3ra zostaje w sercu<\/h2>\n\t<div class=\"wpb_text_column wpb_content_element vc_custom_1753390580627 stylised-list\" >\n\t\t<div class=\"wpb_wrapper\">\n\t\t\t<h3>190+ stron pasji, wiedzy i emocji<\/h3>\n<p><strong>Spis tre\u015bci m.in.:<\/strong><\/p>\n<ul>\n<li dir=\"ltr\">\n<p dir=\"ltr\">Co zabra\u0107 na Teneryf\u0119 (checklista)<\/p>\n<\/li>\n<li dir=\"ltr\">\n<p dir=\"ltr\">Transport i loty \u2013 jak si\u0119 porusza\u0107 po wyspie<\/p>\n<\/li>\n<li dir=\"ltr\">\n<p dir=\"ltr\">Najpi\u0119kniejsze pla\u017ce i dzikie zak\u0105tki<\/p>\n<\/li>\n<li dir=\"ltr\">\n<p dir=\"ltr\">Ulubione miejsca autorki: zachody s\u0142o\u0144ca, restauracje, \u015bwi\u0119ta<\/p>\n<\/li>\n<li dir=\"ltr\">\n<p dir=\"ltr\">Rodzinne atrakcje i podr\u00f3\u017ce solo<\/p>\n<\/li>\n<li dir=\"ltr\">\n<p dir=\"ltr\">Historia i kultura wyspy opowiedziane j\u0119zykiem emocji<\/p>\n<\/li>\n<\/ul>\n<p><span style=\"font-size: 30px;\">24,90\u20ac<\/span><br \/>\n<strong>(P\u0142atno\u015b\u0107 szybkim przelewem \/ karta \/ Blik)<\/strong><\/p>\n\n\t\t<\/div>\n\t<\/div>\n<div class=\"vc_btn3-container vc_btn3-left vc_do_btn\" ><a onmouseleave=\"this.style.borderColor='#424242'; this.style.backgroundColor='transparent'; this.style.color='#424242'\" onmouseenter=\"this.style.borderColor='#7db2e6'; this.style.backgroundColor='#7db2e6'; this.style.color='#ffffff';\" style=\"border-color:#424242; color:#424242;\" class=\"vc_general vc_btn3 vc_btn3-size-lg vc_btn3-shape-square vc_btn3-style-outline-custom vc_btn3-icon-right\" href=\"https:\/\/teneryfka.pl\/es\/e-book-teneryfa-ktora-zostaje-w-sercu\/\" title=\"\">ZOBACZ SZCZEG\u00d3\u0141Y <i class=\"vc_btn3-icon vc-material vc-material-keyboard_arrow_right\"><\/i><\/a><\/div><\/div><\/div><\/div><div class=\"wpb_column vc_column_container vc_col-sm-6\"><div class=\"vc_column-inner\"><div class=\"wpb_wrapper\">\n\t<div  class=\"wpb_single_image wpb_content_element vc_align_center wpb_content_element vc_custom_1753390847826\">\n\t\t\n\t\t<figure class=\"wpb_wrapper vc_figure\">\n\t\t\t<div class=\"vc_single_image-wrapper vc_box_shadow_border  vc_box_border_grey\"><img decoding=\"async\" class=\"vc_single_image-img\" src=\"https:\/\/teneryfka.pl\/wp-content\/uploads\/2025\/07\/teneryfa-bez-tajemnic-384x600.png\" width=\"384\" height=\"600\" alt=\"teneryfa-bez-tajemnic\" title=\"teneryfa-bez-tajemnic\" loading=\"lazy\" \/><\/div>\n\t\t<\/figure>\n\t<\/div>\n<\/div><\/div><\/div><\/div><\/div><\/div><\/div><\/div><div class=\"vc_row-full-width vc_clearfix\"><\/div><div data-vc-full-width=\"true\" data-vc-full-width-init=\"false\" class=\"vc_row wpb_row vc_row-fluid vc_custom_1537354062791 vc_row-has-fill\"><div class=\"wpb_column vc_column_container vc_col-sm-6\"><div class=\"vc_column-inner\"><div class=\"wpb_wrapper\"><h2 style=\"font-size: 52px;color: #ffffff;line-height: 1;text-align: left;font-family:Roboto;font-weight:700;font-style:normal\" class=\"vc_custom_heading vc_do_custom_heading stylised-heading vc_custom_1753400680886\" >TENERYFA AUTEM BEZ TAJEMNIC<\/h2>\n\t<div class=\"wpb_text_column wpb_content_element stylised-list\" >\n\t\t<div class=\"wpb_wrapper\">\n\t\t\t<h3><span style=\"color: #ffffff;\">120+ stron konkret\u00f3w, lokalnych sekret\u00f3w i\u00a0pi\u0119knych opis\u00f3w<\/span><\/h3>\n<p><span style=\"color: #ffffff;\"><strong>Spis tre\u015bci m.in.:<\/strong><\/span><\/p>\n<ul>\n<li><span style=\"color: #ffffff;\">Przygotowanie do\u00a0podr\u00f3\u017cy: co\u00a0spakowa\u0107, jak je\u017adzi\u0107, gdzie tankowa\u0107<\/span><\/li>\n<li><span style=\"color: #ffffff;\">3 dopracowane trasy:<br \/>\n1. <strong>Wsch\u00f3d<\/strong> \u2013 duchowa Candelaria, kolonialna La\u00a0Laguna, dzika Anaga<br \/>\n2. <strong>Wulkaniczne serce wyspy<\/strong> \u2013 Teide, Vilaflor, La\u00a0Orotava<br \/>\n3. <strong>Zach\u00f3d<\/strong> \u2013 klify Los Gigantes, malownicze miasteczka i\u00a0rajskie pla\u017ce<\/span><\/li>\n<li><span style=\"color: #ffffff;\">Parkowanie \u2013 mapa i\u00a0porady, gdzie zostawi\u0107 auto<\/span><\/li>\n<li><span style=\"color: #ffffff;\">Polecane restauracje i\u00a0ukryte miejsc\u00f3wki<\/span><\/li>\n<li><span style=\"color: #ffffff;\">Ciekawostki historyczne i\u00a0kulturowe (np.\u00a0kim byli Guanczowie i\u00a0gdzie s\u0105\u00a0ich \u015blady dzi\u015b)<\/span><\/li>\n<\/ul>\n<p><span style=\"font-size: 30px; color: #ffffff;\">24,90\u20ac<\/span><br \/>\n<span style=\"color: #ffffff;\"><strong>(P\u0142atno\u015b\u0107 szybkim przelewem \/ karta \/ Blik)<\/strong><\/span><\/p>\n\n\t\t<\/div>\n\t<\/div>\n<div class=\"vc_btn3-container vc_btn3-left vc_do_btn\" ><a onmouseleave=\"this.style.borderColor='#ffffff'; this.style.backgroundColor='transparent'; this.style.color='#ffffff'\" onmouseenter=\"this.style.borderColor='#7db2e6'; this.style.backgroundColor='#7db2e6'; this.style.color='#ffffff';\" style=\"border-color:#ffffff; color:#ffffff;\" class=\"vc_general vc_btn3 vc_btn3-size-lg vc_btn3-shape-square vc_btn3-style-outline-custom vc_btn3-icon-right\" href=\"https:\/\/teneryfka.pl\/es\/e-book-teneryfa-autem-bez-tajemnic\/\" title=\"\">ZOBACZ SZCZEG\u00d3\u0141Y <i class=\"vc_btn3-icon vc-material vc-material-keyboard_arrow_right\"><\/i><\/a><\/div><\/div><\/div><\/div><div class=\"wpb_column vc_column_container vc_col-sm-6\"><div class=\"vc_column-inner\"><div class=\"wpb_wrapper\">\n\t<div  class=\"wpb_single_image wpb_content_element vc_align_center wpb_content_element vc_custom_1753400790481\">\n\t\t\n\t\t<figure class=\"wpb_wrapper vc_figure\">\n\t\t\t<div class=\"vc_single_image-wrapper vc_box_shadow_border  vc_box_border_grey\"><img decoding=\"async\" class=\"vc_single_image-img\" src=\"https:\/\/teneryfka.pl\/wp-content\/uploads\/2025\/07\/teneryfa-ktora-zostaje-w-sercu-384x600.png\" width=\"384\" height=\"600\" alt=\"teneryfa-ktora-zostaje-w-sercu\" title=\"teneryfa-ktora-zostaje-w-sercu\" loading=\"lazy\" \/><\/div>\n\t\t<\/figure>\n\t<\/div>\n<\/div><\/div><\/div><\/div><div class=\"vc_row-full-width vc_clearfix\"><\/div><div data-vc-full-width=\"true\" data-vc-full-width-init=\"false\" class=\"vc_row wpb_row vc_row-fluid bg-top-center vc_custom_1753368901113 vc_row-has-fill\"><div class=\"wpb_column vc_column_container vc_col-sm-12\"><div class=\"vc_column-inner\"><div class=\"wpb_wrapper\"><div class=\"vc_row wpb_row vc_inner vc_row-fluid vc_column-gap-30\"><div class=\"wpb_column vc_column_container vc_col-sm-6\"><div class=\"vc_column-inner\"><div class=\"wpb_wrapper\"><h2 style=\"font-size: 48px;line-height: 1;text-align: left;font-family:Roboto;font-weight:700;font-style:normal\" class=\"vc_custom_heading vc_do_custom_heading stylised-heading vc_custom_1753400870527\" >PAKIET: TENERYFA, KT\u00d3REJ NIE ZAPOMNISZ<\/h2>\n\t<div class=\"wpb_text_column wpb_content_element vc_custom_1753733129102 stylised-list\" >\n\t\t<div class=\"wpb_wrapper\">\n\t\t\t<p><strong>Kupuj\u0105c oba e-booki razem:<\/strong><\/p>\n<ul>\n<li>oszcz\u0119dzasz pieni\u0105dze (bo\u00a0w\u00a0pakiecie zawsze taniej!)<\/li>\n<li>zyskujesz pe\u0142ni\u0119 podr\u00f3\u017cy \u2013 emocjonaln\u0105 i\u00a0praktyczn\u0105<\/li>\n<li>\n<p dir=\"auto\">dostajesz bonus: autorsk\u0105 playlist\u0119 \u00a0online<\/p>\n<\/li>\n<\/ul>\n<p>Gotowa\/y na\u00a0podr\u00f3\u017c, kt\u00f3ra\u00a0zostanie z\u00a0Tob\u0105 na\u00a0zawsze?<\/p>\n<p>Zam\u00f3w pakiet i\u00a0pozw\u00f3l sobie na\u00a0Teneryf\u0119 pe\u0142n\u0105 serca i\u00a0przygody.<\/p>\n<p><span style=\"font-size: 30px;\">39,90\u20ac<\/span><br \/>\n<strong>(P\u0142atno\u015b\u0107 szybkim przelewem \/ karta \/ Blik)<\/strong><\/p>\n\n\t\t<\/div>\n\t<\/div>\n<div class=\"vc_btn3-container vc_btn3-left vc_do_btn\" ><a onmouseleave=\"this.style.borderColor='#424242'; this.style.backgroundColor='transparent'; this.style.color='#424242'\" onmouseenter=\"this.style.borderColor='#7db2e6'; this.style.backgroundColor='#7db2e6'; this.style.color='#ffffff';\" style=\"border-color:#424242; color:#424242;\" class=\"vc_general vc_btn3 vc_btn3-size-lg vc_btn3-shape-square vc_btn3-style-outline-custom vc_btn3-icon-right\" href=\"https:\/\/teneryfka.pl\/es\/pakiet-teneryfa-ktorej-nie-zapomnisz\/\" title=\"\">ZOBACZ SZCZEG\u00d3\u0141Y <i class=\"vc_btn3-icon vc-material vc-material-keyboard_arrow_right\"><\/i><\/a><\/div><\/div><\/div><\/div><div class=\"wpb_column vc_column_container vc_col-sm-6\"><div class=\"vc_column-inner\"><div class=\"wpb_wrapper\">\n\t<div  class=\"wpb_single_image wpb_content_element vc_align_center wpb_content_element vc_custom_1753400887070\">\n\t\t\n\t\t<figure class=\"wpb_wrapper vc_figure\">\n\t\t\t<div class=\"vc_single_image-wrapper vc_box_shadow_border  vc_box_border_grey\"><img decoding=\"async\" class=\"vc_single_image-img\" src=\"https:\/\/teneryfka.pl\/wp-content\/uploads\/2025\/07\/pakiet-e-bookow-384x600.png\" width=\"384\" height=\"600\" alt=\"pakiet-e-bookow\" title=\"pakiet-e-bookow\" loading=\"lazy\" \/><\/div>\n\t\t<\/figure>\n\t<\/div>\n<\/div><\/div><\/div><\/div><\/div><\/div><\/div><\/div><div class=\"vc_row-full-width vc_clearfix\"><\/div>\n<\/div>","protected":false},"excerpt":{"rendered":"E-BOOKI E-booki z dusz\u0105 i praktyk\u0105 \u2013 od kobiety, kt\u00f3ra zna wysp\u0119 jak nikt inny Teneryfa, kt\u00f3ra zostaje w sercu 190+ stron pasji, wiedzy i emocji Spis tre\u015bci m.in.: Co zabra\u0107 na Teneryf\u0119 (checklista) Transport i loty \u2013 jak si\u0119 porusza\u0107 po wyspie Najpi\u0119kniejsze pla\u017ce i dzikie zak\u0105tki Ulubione miejsca autorki: zachody s\u0142o\u0144ca, restauracje, \u015bwi\u0119ta [...]","protected":false},"author":3,"featured_media":0,"parent":0,"menu_order":0,"comment_status":"closed","ping_status":"closed","template":"page-blank.php","meta":{"footnotes":""},"class_list":["post-6543215399","page","type-page","status-publish","hentry"],"yoast_head":"<!-- This site is optimized with the Yoast SEO plugin v25.3.1 - https:\/\/yoast.com\/wordpress\/plugins\/seo\/ -->\n<title>E-booki - Tenerife Adventure<\/title>\n<meta name=\"robots\" content=\"index, follow, max-snippet:-1, max-image-preview:large, max-video-preview:-1\" \/>\n<link rel=\"canonical\" href=\"https:\/\/teneryfka.pl\/es\/e-booki\/\" \/>\n<meta property=\"og:locale\" content=\"es_ES\" \/>\n<meta property=\"og:type\" content=\"article\" \/>\n<meta property=\"og:title\" content=\"E-booki - Tenerife Adventure\" \/>\n<meta property=\"og:url\" content=\"https:\/\/teneryfka.pl\/es\/e-booki\/\" \/>\n<meta property=\"og:site_name\" content=\"Tenerife Adventure\" \/>\n<meta property=\"article:modified_time\" content=\"2025-07-29T15:39:23+00:00\" \/>\n<meta name=\"twitter:card\" content=\"summary_large_image\" \/>\n<meta name=\"twitter:label1\" content=\"Tiempo de lectura\" \/>\n\t<meta name=\"twitter:data1\" content=\"5 minutos\" \/>\n<script type=\"application\/ld+json\" class=\"yoast-schema-graph\">{\"@context\":\"https:\/\/schema.org\",\"@graph\":[{\"@type\":\"WebPage\",\"@id\":\"https:\/\/teneryfka.pl\/e-booki\/\",\"url\":\"https:\/\/teneryfka.pl\/e-booki\/\",\"name\":\"E-booki - Tenerife Adventure\",\"isPartOf\":{\"@id\":\"https:\/\/teneryfka.pl\/#website\"},\"datePublished\":\"2025-07-24T23:42:04+00:00\",\"dateModified\":\"2025-07-29T15:39:23+00:00\",\"breadcrumb\":{\"@id\":\"https:\/\/teneryfka.pl\/e-booki\/#breadcrumb\"},\"inLanguage\":\"es\",\"potentialAction\":[{\"@type\":\"ReadAction\",\"target\":[\"https:\/\/teneryfka.pl\/e-booki\/\"]}]},{\"@type\":\"BreadcrumbList\",\"@id\":\"https:\/\/teneryfka.pl\/e-booki\/#breadcrumb\",\"itemListElement\":[{\"@type\":\"ListItem\",\"position\":1,\"name\":\"Strona g\u0142\u00f3wna\",\"item\":\"https:\/\/teneryfka.pl\/\"},{\"@type\":\"ListItem\",\"position\":2,\"name\":\"E-booki\"}]},{\"@type\":\"WebSite\",\"@id\":\"https:\/\/teneryfka.pl\/#website\",\"url\":\"https:\/\/teneryfka.pl\/\",\"name\":\"Tenerife Adventure\",\"description\":\"\",\"publisher\":{\"@id\":\"https:\/\/teneryfka.pl\/#organization\"},\"potentialAction\":[{\"@type\":\"SearchAction\",\"target\":{\"@type\":\"EntryPoint\",\"urlTemplate\":\"https:\/\/teneryfka.pl\/?s={search_term_string}\"},\"query-input\":{\"@type\":\"PropertyValueSpecification\",\"valueRequired\":true,\"valueName\":\"search_term_string\"}}],\"inLanguage\":\"es\"},{\"@type\":\"Organization\",\"@id\":\"https:\/\/teneryfka.pl\/#organization\",\"name\":\"Tenerife Adventure\",\"url\":\"https:\/\/teneryfka.pl\/\",\"logo\":{\"@type\":\"ImageObject\",\"inLanguage\":\"es\",\"@id\":\"https:\/\/teneryfka.pl\/#\/schema\/logo\/image\/\",\"url\":\"https:\/\/teneryfka.pl\/wp-content\/uploads\/2025\/05\/cropped-cropped-cropped-NOWE-LOGO-TENERIFE-3.png\",\"contentUrl\":\"https:\/\/teneryfka.pl\/wp-content\/uploads\/2025\/05\/cropped-cropped-cropped-NOWE-LOGO-TENERIFE-3.png\",\"width\":203,\"height\":120,\"caption\":\"Tenerife Adventure\"},\"image\":{\"@id\":\"https:\/\/teneryfka.pl\/#\/schema\/logo\/image\/\"}}]}<\/script>\n<!-- \/ Yoast SEO plugin. -->","yoast_head_json":{"title":"E-booki - Tenerife Adventure","robots":{"index":"index","follow":"follow","max-snippet":"max-snippet:-1","max-image-preview":"max-image-preview:large","max-video-preview":"max-video-preview:-1"},"canonical":"https:\/\/teneryfka.pl\/es\/e-booki\/","og_locale":"es_ES","og_type":"article","og_title":"E-booki - Tenerife Adventure","og_url":"https:\/\/teneryfka.pl\/es\/e-booki\/","og_site_name":"Tenerife Adventure","article_modified_time":"2025-07-29T15:39:23+00:00","twitter_card":"summary_large_image","twitter_misc":{"Tiempo de lectura":"5 minutos"},"schema":{"@context":"https:\/\/schema.org","@graph":[{"@type":"WebPage","@id":"https:\/\/teneryfka.pl\/e-booki\/","url":"https:\/\/teneryfka.pl\/e-booki\/","name":"E-booki - Tenerife Adventure","isPartOf":{"@id":"https:\/\/teneryfka.pl\/#website"},"datePublished":"2025-07-24T23:42:04+00:00","dateModified":"2025-07-29T15:39:23+00:00","breadcrumb":{"@id":"https:\/\/teneryfka.pl\/e-booki\/#breadcrumb"},"inLanguage":"es","potentialAction":[{"@type":"ReadAction","target":["https:\/\/teneryfka.pl\/e-booki\/"]}]},{"@type":"BreadcrumbList","@id":"https:\/\/teneryfka.pl\/e-booki\/#breadcrumb","itemListElement":[{"@type":"ListItem","position":1,"name":"Strona g\u0142\u00f3wna","item":"https:\/\/teneryfka.pl\/"},{"@type":"ListItem","position":2,"name":"E-booki"}]},{"@type":"WebSite","@id":"https:\/\/teneryfka.pl\/#website","url":"https:\/\/teneryfka.pl\/","name":"Tenerife Adventure","description":"","publisher":{"@id":"https:\/\/teneryfka.pl\/#organization"},"potentialAction":[{"@type":"SearchAction","target":{"@type":"EntryPoint","urlTemplate":"https:\/\/teneryfka.pl\/?s={search_term_string}"},"query-input":{"@type":"PropertyValueSpecification","valueRequired":true,"valueName":"search_term_string"}}],"inLanguage":"es"},{"@type":"Organization","@id":"https:\/\/teneryfka.pl\/#organization","name":"Tenerife Adventure","url":"https:\/\/teneryfka.pl\/","logo":{"@type":"ImageObject","inLanguage":"es","@id":"https:\/\/teneryfka.pl\/#\/schema\/logo\/image\/","url":"https:\/\/teneryfka.pl\/wp-content\/uploads\/2025\/05\/cropped-cropped-cropped-NOWE-LOGO-TENERIFE-3.png","contentUrl":"https:\/\/teneryfka.pl\/wp-content\/uploads\/2025\/05\/cropped-cropped-cropped-NOWE-LOGO-TENERIFE-3.png","width":203,"height":120,"caption":"Tenerife Adventure"},"image":{"@id":"https:\/\/teneryfka.pl\/#\/schema\/logo\/image\/"}}]}},"_links":{"self":[{"href":"https:\/\/teneryfka.pl\/es\/wp-json\/wp\/v2\/pages\/6543215399","targetHints":{"allow":["GET"]}}],"collection":[{"href":"https:\/\/teneryfka.pl\/es\/wp-json\/wp\/v2\/pages"}],"about":[{"href":"https:\/\/teneryfka.pl\/es\/wp-json\/wp\/v2\/types\/page"}],"author":[{"embeddable":true,"href":"https:\/\/teneryfka.pl\/es\/wp-json\/wp\/v2\/users\/3"}],"replies":[{"embeddable":true,"href":"https:\/\/teneryfka.pl\/es\/wp-json\/wp\/v2\/comments?post=6543215399"}],"version-history":[{"count":8,"href":"https:\/\/teneryfka.pl\/es\/wp-json\/wp\/v2\/pages\/6543215399\/revisions"}],"predecessor-version":[{"id":6543215447,"href":"https:\/\/teneryfka.pl\/es\/wp-json\/wp\/v2\/pages\/6543215399\/revisions\/6543215447"}],"wp:attachment":[{"href":"https:\/\/teneryfka.pl\/es\/wp-json\/wp\/v2\/media?parent=6543215399"}],"curies":[{"name":"wp","href":"https:\/\/api.w.org\/{rel}","templated":true}]}}