{"id":6543215361,"date":"2025-07-24T21:02:28","date_gmt":"2025-07-24T21:02:28","guid":{"rendered":"https:\/\/teneryfka.pl\/?page_id=6543215361"},"modified":"2025-07-29T08:45:15","modified_gmt":"2025-07-29T08:45:15","slug":"e-book-teneryfa-autem-bez-tajemnic","status":"publish","type":"page","link":"https:\/\/teneryfka.pl\/es\/e-book-teneryfa-autem-bez-tajemnic\/","title":{"rendered":"E-book: Teneryfa autem bez tajemnic"},"content":{"rendered":"<div class=\"wpb-content-wrapper\"><div data-vc-full-width=\"true\" data-vc-full-width-init=\"false\" class=\"vc_row wpb_row vc_row-fluid stylised-row vc_custom_1753720752821 vc_row-has-fill\"><div class=\"wpb_column vc_column_container vc_col-sm-6\"><div class=\"vc_column-inner\"><div class=\"wpb_wrapper\"><h1 style=\"font-size: 52px;color: #ffffff;line-height: 1;text-align: left;font-family:Roboto;font-weight:700;font-style:normal\" class=\"vc_custom_heading vc_do_custom_heading stylised-heading vc_custom_1753393312674\" >TENERYFA AUTEM BEZ TAJEMNIC<\/h1>\n\t<div class=\"wpb_text_column wpb_content_element vc_custom_1753397068462\" >\n\t\t<div class=\"wpb_wrapper\">\n\t\t\t<h3><span style=\"color: #ffffff;\">E-book z pasj\u0105 i praktyk\u0105 \u2013 od kobiety, kt\u00f3ra od 20 lat zna ka\u017cdy zakr\u0119t tej wyspy<\/span><\/h3>\n<p><span style=\"color: #ffffff;\">Gotowy plan na 3 dni niezapomnianej podr\u00f3\u017cy po Teneryfie \u2013 z mapami, wskaz\u00f3wkami i sercem<\/span><\/p>\n<p><span style=\"color: #ffffff;\">Nie chcesz b\u0142\u0105dzi\u0107 po wyspie ani traci\u0107 czasu na przeci\u0119tne atrakcje?<\/span><\/p>\n<p><span style=\"color: #ffffff;\">Ten e-book to kompas stworzony przez lokaln\u0105 przewodniczk\u0119 \u2013 dla tych, kt\u00f3rzy chc\u0105 widzie\u0107 wi\u0119cej, czu\u0107 mocniej i&#8230; jecha\u0107 dalej.<\/span><\/p>\n\n\t\t<\/div>\n\t<\/div>\n<\/div><\/div><\/div><\/div><div class=\"vc_row-full-width vc_clearfix\"><\/div><div data-vc-full-width=\"true\" data-vc-full-width-init=\"false\" class=\"vc_row wpb_row vc_row-fluid vc_custom_1753368990251 vc_row-has-fill vc_row-o-content-middle vc_row-flex\"><div class=\"wpb_column vc_column_container vc_col-sm-6\"><div class=\"vc_column-inner\"><div class=\"wpb_wrapper\"><h2 style=\"font-size: 52px;color: #424242;line-height: 1;text-align: left;font-family:Roboto;font-weight:700;font-style:normal\" class=\"vc_custom_heading vc_do_custom_heading stylised-heading vc_custom_1753393424132\" >DLACZEGO WARTO?<\/h2>\n\t<div class=\"wpb_text_column wpb_content_element vc_custom_1753393440333\" >\n\t\t<div class=\"wpb_wrapper\">\n\t\t\t<p>Ten e-book napisa\u0142am z my\u015bl\u0105 o Tobie \u2013 je\u015bli kochasz niezale\u017cno\u015b\u0107, masz auto (lub planujesz wypo\u017cyczy\u0107) i chcesz odkry\u0107 prawdziw\u0105 Teneryf\u0119, a nie tylko kurortowe poczt\u00f3wki.<\/p>\n<p>Od ponad 20 lat pokazuj\u0119 ludziom wysp\u0119 \u2013 z perspektywy emocji, historii i natury. Teraz przygotowa\u0142am gotowy plan dla Ciebie \u2013 3 dni, 3 zupe\u0142nie r\u00f3\u017cne trasy, pe\u0142ne zachwyt\u00f3w, ukrytych pere\u0142ek i widok\u00f3w, kt\u00f3re zostaj\u0105 pod powiekami na d\u0142ugo.<\/p>\n\n\t\t<\/div>\n\t<\/div>\n<\/div><\/div><\/div><div class=\"wpb_column vc_column_container vc_col-sm-6\"><div class=\"vc_column-inner\"><div class=\"wpb_wrapper\">\n\t<div class=\"wpb_text_column wpb_content_element\" >\n\t\t<div class=\"wpb_wrapper\">\n\t\t\t<h3>W e-booku dowiesz si\u0119:<\/h3>\n\n\t\t<\/div>\n\t<\/div>\n<div class=\"vc_separator wpb_content_element vc_separator_align_center vc_sep_width_100 vc_sep_pos_align_center vc_separator_no_text vc_sep_color_grey vc_custom_1753397278973 wpb_content_element  vc_custom_1753397278973 wpb_content_element\" ><span class=\"vc_sep_holder vc_sep_holder_l\"><span class=\"vc_sep_line\"><\/span><\/span><span class=\"vc_sep_holder vc_sep_holder_r\"><span class=\"vc_sep_line\"><\/span><\/span>\n<\/div><div class=\"widget widget-sidebar\">\t\t\n\t\t<!-- Services iconic -->\n\t\t\t\t<div class=\"iconic small-list\">\n\t\t\t\t\t<div class=\"wrapper\">\n\t\t\t\t<div class=\"row\">\n\t\t\t\t\t\t<!-- Item -->\n\t\t\t\t\t\t<div class=\"one-half\">\n\t\t\t\t\t\t\t\t\t\t\t\t\t\t\t<span class=\"circle\"><span class=\"icon material-icons\">wb_sunny<\/span><\/span>\n\t\t\t\t\t\t\t\t\t\t\t\t\t\t\t\t\t\t\t\t\t<h4>Jak zaplanowa\u0107 3 dni intensywnego, ale bezstresowego zwiedzania<\/h4>\n\t\t\t\t\t\t\t\t\t\t\t\t\t\t\t\t\t\t\t\t\t<div class=\"desc\"><\/div>\n\t\t\t\t\t\t\t\t\t\t\t\t\t<\/div>\n\t\t\t\t\t\t<!-- \/\/Item -->\n\t\t\t\t\t\t\t\t\t\t\t\t<!-- Item -->\n\t\t\t\t\t\t<div class=\"one-half\">\n\t\t\t\t\t\t\t\t\t\t\t\t\t\t\t<span class=\"circle\"><span class=\"icon material-icons\">restaurant_menu<\/span><\/span>\n\t\t\t\t\t\t\t\t\t\t\t\t\t\t\t\t\t\t\t\t\t<h4>Gdzie warto zatrzyma\u0107 si\u0119 na zdj\u0119cia, a gdzie na obiad<\/h4>\n\t\t\t\t\t\t\t\t\t\t\t\t\t\t\t\t\t\t\t\t\t<div class=\"desc\"><\/div>\n\t\t\t\t\t\t\t\t\t\t\t\t\t<\/div>\n\t\t\t\t\t\t<!-- \/\/Item -->\n\t\t\t\t\t\t\t\t\t\t\t\t<!-- Item -->\n\t\t\t\t\t\t<div class=\"one-half\">\n\t\t\t\t\t\t\t\t\t\t\t\t\t\t\t<span class=\"circle\"><span class=\"icon material-icons\">airport_shuttle<\/span><\/span>\n\t\t\t\t\t\t\t\t\t\t\t\t\t\t\t\t\t\t\t\t\t<h4>Jak porusza\u0107 si\u0119 autem po Teneryfie (praktyczne zasady + lokalne triki)<\/h4>\n\t\t\t\t\t\t\t\t\t\t\t\t\t\t\t\t\t\t\t\t\t<div class=\"desc\"><\/div>\n\t\t\t\t\t\t\t\t\t\t\t\t\t<\/div>\n\t\t\t\t\t\t<!-- \/\/Item -->\n\t\t\t\t\t\t\t\t\t\t\t\t<!-- Item -->\n\t\t\t\t\t\t<div class=\"one-half\">\n\t\t\t\t\t\t\t\t\t\t\t\t\t\t\t<span class=\"circle\"><span class=\"icon material-icons\">airline_seat_recline_normal<\/span><\/span>\n\t\t\t\t\t\t\t\t\t\t\t\t\t\t\t\t\t\t\t\t\t<h4>Jak nie wpa\u015b\u0107 w turystyczne pu\u0142apki i zaparkowa\u0107 bez stresu<\/h4>\n\t\t\t\t\t\t\t\t\t\t\t\t\t\t\t\t\t\t\t\t\t<div class=\"desc\"><\/div>\n\t\t\t\t\t\t\t\t\t\t\t\t\t<\/div>\n\t\t\t\t\t\t<!-- \/\/Item -->\n\t\t\t\t\t\t\t\t\t\t\t\t<!-- Item -->\n\t\t\t\t\t\t<div class=\"one-half\">\n\t\t\t\t\t\t\t\t\t\t\t\t\t\t\t<span class=\"circle\"><span class=\"icon material-icons\">landscape<\/span><\/span>\n\t\t\t\t\t\t\t\t\t\t\t\t\t\t\t\t\t\t\t\t\t<h4>Co zabra\u0107, by ka\u017cda z tras by\u0142a wygodna i bezpieczna<\/h4>\n\t\t\t\t\t\t\t\t\t\t\t\t\t\t\t\t\t\t\t\t\t<div class=\"desc\"><\/div>\n\t\t\t\t\t\t\t\t\t\t\t\t\t<\/div>\n\t\t\t\t\t\t<!-- \/\/Item -->\n\t\t\t\t\t\t\t\t\t\t\n\t\t\t\t<\/div>\n\t\t\t<\/div>\n\t\t<\/div>\n\t\t<!-- \/\/Services iconic -->\n\n\t\t<\/div><\/div><\/div><\/div><\/div><div class=\"vc_row-full-width vc_clearfix\"><\/div><div data-vc-full-width=\"true\" data-vc-full-width-init=\"false\" class=\"vc_row wpb_row vc_row-fluid vc_custom_1720010768264 vc_row-has-fill\"><div class=\"wpb_column vc_column_container vc_col-sm-6\"><div class=\"vc_column-inner\"><div class=\"wpb_wrapper\"><h2 style=\"font-size: 48px;color: #ffffff;line-height: 1;text-align: left;font-family:Roboto;font-weight:700;font-style:normal\" class=\"vc_custom_heading vc_do_custom_heading stylised-heading vc_custom_1753382497843\" >ZAJRZYJ DO \u015aRODKA<\/h2><\/div><\/div><\/div><div class=\"wpb_column vc_column_container vc_col-sm-6\"><div class=\"vc_column-inner\"><div class=\"wpb_wrapper\">\n\t<div class=\"wpb_text_column wpb_content_element\" >\n\t\t<div class=\"wpb_wrapper\">\n\t\t\t<p><span style=\"color: #ffffff;\">Pobierz darmow\u0105 zajawk\u0119 PDF \u2013 kilka losowych stron z trasami, zdj\u0119ciami i wskaz\u00f3wkami, kt\u00f3re poka\u017c\u0105 Ci, \u017ce to co\u015b wi\u0119cej ni\u017c przewodnik.<\/span><\/p>\n<p><span style=\"color: #ffffff;\">Zobacz sama\/sam, jak wygl\u0105da podr\u00f3\u017c z tym e-bookiem na kolanach (albo na tablecie w aucie).<\/span><\/p>\n\n\t\t<\/div>\n\t<\/div>\n<div class=\"vc_btn3-container vc_btn3-left vc_do_btn\" ><a onmouseleave=\"this.style.borderColor='#ffffff'; this.style.backgroundColor='transparent'; this.style.color='#ffffff'\" onmouseenter=\"this.style.borderColor='#7db2e6'; this.style.backgroundColor='#7db2e6'; this.style.color='#ffffff';\" style=\"border-color:#ffffff; color:#ffffff;\" class=\"vc_general vc_btn3 vc_btn3-size-lg vc_btn3-shape-square vc_btn3-style-outline-custom vc_btn3-icon-right\" href=\"https:\/\/teneryfka.pl\/wp-content\/uploads\/2025\/07\/zajawka_ebooka_Teneryfa_autem_bez_tajemnic.pdf\" title=\"POBIERZ DARMOW\u0104 ZAJAWK\u0118 PDF\" target=\"_blank\">POBIERZ DARMOW\u0104 ZAJAWK\u0118 PDF <i class=\"vc_btn3-icon vc-material vc-material-keyboard_arrow_right\"><\/i><\/a><\/div><\/div><\/div><\/div><\/div><div class=\"vc_row-full-width vc_clearfix\"><\/div><div data-vc-full-width=\"true\" data-vc-full-width-init=\"false\" class=\"vc_row wpb_row vc_row-fluid bg-top-center vc_custom_1753368901113 vc_row-has-fill\"><div class=\"wpb_column vc_column_container vc_col-sm-12\"><div class=\"vc_column-inner\"><div class=\"wpb_wrapper\"><div class=\"vc_row wpb_row vc_inner vc_row-fluid vc_column-gap-30\"><div class=\"wpb_column vc_column_container vc_col-sm-6\"><div class=\"vc_column-inner\"><div class=\"wpb_wrapper\"><h2 style=\"font-size: 48px;line-height: 1;text-align: left;font-family:Roboto;font-weight:700;font-style:normal\" class=\"vc_custom_heading vc_do_custom_heading stylised-heading vc_custom_1753718717394\" >CO ZNAJDZIESZ<br \/>\nW E-BOOKU?<\/h2>\n\t<div class=\"wpb_text_column wpb_content_element vc_custom_1753397354439 stylised-list\" >\n\t\t<div class=\"wpb_wrapper\">\n\t\t\t<h3>150+ stron konkret\u00f3w, lokalnych sekret\u00f3w i pi\u0119knych opis\u00f3w<\/h3>\n<p><strong>Spis tre\u015bci m.in.:<\/strong><\/p>\n<ul>\n<li>Przygotowanie do podr\u00f3\u017cy: co spakowa\u0107, jak je\u017adzi\u0107, gdzie tankowa\u0107<\/li>\n<li>3 dopracowane trasy:1. Wsch\u00f3d \u2013 duchowa Candelaria, kolonialna La Laguna, dzika Anaga2. Wulkaniczne serce wyspy \u2013 Teide, Vilaflor, La Orotava3. Zach\u00f3d \u2013 klify Los Gigantes, malownicze miasteczka i rajskie pla\u017ce<\/li>\n<li>Parkowanie \u2013 mapa i porady, gdzie zostawi\u0107 auto<\/li>\n<li>Polecane restauracje i ukryte miejsc\u00f3wki<\/li>\n<li>Ciekawostki historyczne i kulturowe (np. kim byli Guanczowie i gdzie s\u0105 ich \u015blady dzi\u015b)<\/li>\n<\/ul>\n<p><span style=\"font-size: 30px;\">24,90\u20ac<\/span><br \/>\n<strong>(P\u0142atno\u015b\u0107 szybkim przelewem \/ karta \/ Blik)<\/strong><\/p>\n\n\t\t<\/div>\n\t<\/div>\n<div class=\"vc_btn3-container vc_btn3-left vc_do_btn\" ><a onmouseleave=\"this.style.borderColor='#424242'; this.style.backgroundColor='transparent'; this.style.color='#424242'\" onmouseenter=\"this.style.borderColor='#7db2e6'; this.style.backgroundColor='#7db2e6'; this.style.color='#ffffff';\" style=\"border-color:#424242; color:#424242;\" class=\"vc_general vc_btn3 vc_btn3-size-lg vc_btn3-shape-square vc_btn3-style-outline-custom vc_btn3-icon-right\" href=\"https:\/\/teneryfka.pl\/es\/koszyk\/?add-to-cart=6543215300\" title=\"\">ZAM\u00d3W TERAZ <i class=\"vc_btn3-icon vc-material vc-material-keyboard_arrow_right\"><\/i><\/a><\/div><\/div><\/div><\/div><div class=\"wpb_column vc_column_container vc_col-sm-6\"><div class=\"vc_column-inner\"><div class=\"wpb_wrapper\">\n\t<div  class=\"wpb_single_image wpb_content_element vc_align_center wpb_content_element vc_custom_1753393724435\">\n\t\t\n\t\t<figure class=\"wpb_wrapper vc_figure\">\n\t\t\t<div class=\"vc_single_image-wrapper vc_box_shadow_border  vc_box_border_grey\"><img decoding=\"async\" class=\"vc_single_image-img\" src=\"https:\/\/teneryfka.pl\/wp-content\/uploads\/2025\/07\/teneryfa-ktora-zostaje-w-sercu-384x600.png\" width=\"384\" height=\"600\" alt=\"teneryfa-ktora-zostaje-w-sercu\" title=\"teneryfa-ktora-zostaje-w-sercu\" loading=\"lazy\" \/><\/div>\n\t\t<\/figure>\n\t<\/div>\n<\/div><\/div><\/div><\/div><\/div><\/div><\/div><\/div><div class=\"vc_row-full-width vc_clearfix\"><\/div><div data-vc-full-width=\"true\" data-vc-full-width-init=\"false\" class=\"vc_row wpb_row vc_row-fluid vc_custom_1537354062791 vc_row-has-fill\"><div class=\"wpb_column vc_column_container vc_col-sm-6\"><div class=\"vc_column-inner\"><div class=\"wpb_wrapper\"><h2 style=\"font-size: 52px;color: #ffffff;line-height: 1;text-align: left;font-family:Roboto;font-weight:700;font-style:normal\" class=\"vc_custom_heading vc_do_custom_heading stylised-heading vc_custom_1753382523730\" >GOTOWY NA PODR\u00d3\u017b \u017bYCIA?<\/h2>\n\t<div class=\"wpb_text_column wpb_content_element stylised-list\" >\n\t\t<div class=\"wpb_wrapper\">\n\t\t\t<p><span style=\"color: #ffffff;\">Chcesz odkry\u0107 Teneryf\u0119 na w\u0142asnych zasadach?<\/span><\/p>\n<p><span style=\"color: #ffffff;\">Z tym e-bookiem nie musisz nic planowa\u0107 \u2013 wystarczy, \u017ce jedziesz.<\/span><\/p>\n\n\t\t<\/div>\n\t<\/div>\n<\/div><\/div><\/div><div class=\"wpb_column vc_column_container vc_col-sm-6\"><div class=\"vc_column-inner\"><div class=\"wpb_wrapper\">\n\t<div class=\"wpb_text_column wpb_content_element stylised-list\" >\n\t\t<div class=\"wpb_wrapper\">\n\t\t\t<h3><span style=\"color: #ffffff;\">Co zyskujesz?<\/span><\/h3>\n<ul>\n<li><span style=\"color: #ffffff;\">Natychmiastowy dost\u0119p do pliku PDF<\/span><\/li>\n<li><span style=\"color: #ffffff;\">Czytelny na telefonie, tablecie i laptopie<\/span><\/li>\n<li><span style=\"color: #ffffff;\">Mo\u017cesz korzysta\u0107 w aucie, offline \u2013 nawet bez zasi\u0119gu<\/span><\/li>\n<li><span style=\"color: #ffffff;\">Bonus: linki do map i parking\u00f3w \u2013 prosto z przewodnika<\/span><\/li>\n<\/ul>\n<p><span style=\"color: #ffffff; font-size: 30px;\">24,90\u20ac<\/span><br \/>\n<strong><span style=\"color: #ffffff;\">(P\u0142atno\u015b\u0107 szybkim przelewem \/ karta \/ Blik)<\/span><\/strong><\/p>\n\n\t\t<\/div>\n\t<\/div>\n<div class=\"vc_btn3-container vc_btn3-left vc_do_btn\" ><a onmouseleave=\"this.style.borderColor='#ffffff'; this.style.backgroundColor='transparent'; this.style.color='#ffffff'\" onmouseenter=\"this.style.borderColor='#7db2e6'; this.style.backgroundColor='#7db2e6'; this.style.color='#ffffff';\" style=\"border-color:#ffffff; color:#ffffff;\" class=\"vc_general vc_btn3 vc_btn3-size-lg vc_btn3-shape-square vc_btn3-style-outline-custom vc_btn3-icon-right\" href=\"https:\/\/teneryfka.pl\/es\/koszyk\/?add-to-cart=6543215300\" title=\"\">ZAM\u00d3W TERAZ <i class=\"vc_btn3-icon vc-material vc-material-keyboard_arrow_right\"><\/i><\/a><\/div><\/div><\/div><\/div><\/div><div class=\"vc_row-full-width vc_clearfix\"><\/div><div data-vc-full-width=\"true\" data-vc-full-width-init=\"false\" class=\"vc_row wpb_row vc_row-fluid bg-top-right vc_custom_1753368939626 vc_row-has-fill\"><div class=\"wpb_column vc_column_container vc_col-sm-12\"><div class=\"vc_column-inner\"><div class=\"wpb_wrapper\"><div class=\"vc_row wpb_row vc_inner vc_row-fluid vc_custom_1561457171604\"><div class=\"wpb_column vc_column_container vc_col-sm-12\"><div class=\"vc_column-inner\"><div class=\"wpb_wrapper\"><h2 style=\"font-size: 52px;line-height: 1;text-align: left;font-family:Roboto;font-weight:700;font-style:normal\" class=\"vc_custom_heading vc_do_custom_heading stylised-heading vc_custom_1753382535846\" >CO M\u00d3WI\u0104 CZYTELNICY?<\/h2><\/div><\/div><\/div><\/div><div class=\"vc_row wpb_row vc_inner vc_row-fluid\"><div class=\"wpb_column vc_column_container vc_col-sm-12\"><div class=\"vc_column-inner\"><div class=\"wpb_wrapper\">\n\t<div class=\"wpb_text_column wpb_content_element stylised-text\" >\n\t\t<div class=\"wpb_wrapper\">\n\t\t\t<p>\u201cZ tym e-bookiem poczu\u0142am si\u0119 jak z lokaln\u0105 przyjaci\u00f3\u0142k\u0105 obok \u2013 zero stresu, tylko zachwyt!\u201d<\/p>\n<p>\u2014 Marta J., podr\u00f3\u017cniczka z Polski<\/p>\n\n\t\t<\/div>\n\t<\/div>\n\n\t<div class=\"wpb_text_column wpb_content_element stylised-text\" >\n\t\t<div class=\"wpb_wrapper\">\n\t\t\t<p>\u201cPlan by\u0142 idealny \u2013 jedli\u015bmy w lokalach, kt\u00f3re poleca autorka i&#8230; wow. Nigdy by\u015bmy tam sami nie trafili!\u201d<\/p>\n<p>\u2014 Adam i Iza, para z Warszawy<\/p>\n\n\t\t<\/div>\n\t<\/div>\n<\/div><\/div><\/div><\/div><\/div><\/div><\/div><\/div><div class=\"vc_row-full-width vc_clearfix\"><\/div><div data-vc-full-width=\"true\" data-vc-full-width-init=\"false\" class=\"vc_row wpb_row vc_row-fluid vc_custom_1753368041750 vc_row-has-fill\"><div class=\"wpb_column vc_column_container vc_col-sm-6\"><div class=\"vc_column-inner\"><div class=\"wpb_wrapper\"><h2 style=\"font-size: 52px;color: #ffffff;line-height: 1;text-align: left;font-family:Roboto;font-weight:700;font-style:normal\" class=\"vc_custom_heading vc_do_custom_heading stylised-heading vc_custom_1753397495957\" >BONUS TYLKO DLA CIEBIE<\/h2>\n\t<div class=\"wpb_text_column wpb_content_element\" >\n\t\t<div class=\"wpb_wrapper\">\n\t\t\t<p><span style=\"color: #ffffff;\">Po zakupie e-booka otrzymasz playlist\u0119 na Spotify \u2013 idealn\u0105 do jazdy przez Teneryf\u0119!<\/span><\/p>\n<p><span style=\"color: #ffffff;\">Poczuj klimat wyspy tak\u017ce przez d\u017awi\u0119ki<\/span><\/p>\n\n\t\t<\/div>\n\t<\/div>\n\n\t<div  class=\"wpb_single_image wpb_content_element vc_align_left wpb_content_element\">\n\t\t\n\t\t<figure class=\"wpb_wrapper vc_figure\">\n\t\t\t<div class=\"vc_single_image-wrapper   vc_box_border_grey\"><img loading=\"lazy\" decoding=\"async\" width=\"300\" height=\"90\" src=\"https:\/\/teneryfka.pl\/wp-content\/uploads\/2025\/07\/Spotify_Logo_CMYK_Green-300x90.png\" class=\"vc_single_image-img attachment-medium\" alt=\"\" title=\"Spotify_Logo_CMYK_Green\" srcset=\"https:\/\/teneryfka.pl\/wp-content\/uploads\/2025\/07\/Spotify_Logo_CMYK_Green-300x90.png 300w, https:\/\/teneryfka.pl\/wp-content\/uploads\/2025\/07\/Spotify_Logo_CMYK_Green-1024x307.png 1024w, https:\/\/teneryfka.pl\/wp-content\/uploads\/2025\/07\/Spotify_Logo_CMYK_Green-768x231.png 768w, https:\/\/teneryfka.pl\/wp-content\/uploads\/2025\/07\/Spotify_Logo_CMYK_Green-1536x461.png 1536w, https:\/\/teneryfka.pl\/wp-content\/uploads\/2025\/07\/Spotify_Logo_CMYK_Green-2048x615.png 2048w, https:\/\/teneryfka.pl\/wp-content\/uploads\/2025\/07\/Spotify_Logo_CMYK_Green-18x5.png 18w, https:\/\/teneryfka.pl\/wp-content\/uploads\/2025\/07\/Spotify_Logo_CMYK_Green-600x180.png 600w\" sizes=\"auto, (max-width: 300px) 100vw, 300px\" \/><\/div>\n\t\t<\/figure>\n\t<\/div>\n<div class=\"vc_btn3-container vc_btn3-left vc_do_btn\" ><a onmouseleave=\"this.style.borderColor='#ffffff'; this.style.backgroundColor='transparent'; this.style.color='#ffffff'\" onmouseenter=\"this.style.borderColor='#7db2e6'; this.style.backgroundColor='#7db2e6'; this.style.color='#ffffff';\" style=\"border-color:#ffffff; color:#ffffff;\" class=\"vc_general vc_btn3 vc_btn3-size-lg vc_btn3-shape-square vc_btn3-style-outline-custom vc_btn3-icon-right\" href=\"https:\/\/teneryfka.pl\/es\/koszyk\/?add-to-cart=6543215300\" title=\"\" rel=\"nofollow\">ZAM\u00d3W TERAZ <i class=\"vc_btn3-icon vc-material vc-material-keyboard_arrow_right\"><\/i><\/a><\/div><\/div><\/div><\/div><div data-vc-parallax=\"1.5\" class=\"wpb_column vc_column_container vc_col-sm-6 vc_col-has-fill vc_general vc_parallax vc_parallax-content-moving\"><div class=\"vc_column-inner\"><div class=\"wpb_wrapper\"><\/div><\/div><\/div><\/div><div class=\"vc_row-full-width vc_clearfix\"><\/div>\n<\/div>","protected":false},"excerpt":{"rendered":"TENERYFA AUTEM BEZ TAJEMNIC E-book z pasj\u0105 i praktyk\u0105 \u2013 od kobiety, kt\u00f3ra od 20 lat zna ka\u017cdy zakr\u0119t tej wyspy Gotowy plan na 3 dni niezapomnianej podr\u00f3\u017cy po Teneryfie \u2013 z mapami, wskaz\u00f3wkami i sercem Nie chcesz b\u0142\u0105dzi\u0107 po wyspie ani traci\u0107 czasu na przeci\u0119tne atrakcje? Ten e-book to kompas stworzony przez lokaln\u0105 przewodniczk\u0119 [...]","protected":false},"author":3,"featured_media":0,"parent":0,"menu_order":0,"comment_status":"closed","ping_status":"closed","template":"page-blank.php","meta":{"footnotes":""},"class_list":["post-6543215361","page","type-page","status-publish","hentry"],"yoast_head":"<!-- This site is optimized with the Yoast SEO plugin v25.3.1 - https:\/\/yoast.com\/wordpress\/plugins\/seo\/ -->\n<title>E-book: Teneryfa autem bez tajemnic - Tenerife Adventure<\/title>\n<meta name=\"robots\" content=\"index, follow, max-snippet:-1, max-image-preview:large, max-video-preview:-1\" \/>\n<link rel=\"canonical\" href=\"https:\/\/teneryfka.pl\/es\/e-book-teneryfa-autem-bez-tajemnic\/\" \/>\n<meta property=\"og:locale\" content=\"es_ES\" \/>\n<meta property=\"og:type\" content=\"article\" \/>\n<meta property=\"og:title\" content=\"E-book: Teneryfa autem bez tajemnic - Tenerife Adventure\" \/>\n<meta property=\"og:url\" content=\"https:\/\/teneryfka.pl\/es\/e-book-teneryfa-autem-bez-tajemnic\/\" \/>\n<meta property=\"og:site_name\" content=\"Tenerife Adventure\" \/>\n<meta property=\"article:modified_time\" content=\"2025-07-29T08:45:15+00:00\" \/>\n<meta name=\"twitter:card\" content=\"summary_large_image\" \/>\n<meta name=\"twitter:label1\" content=\"Tiempo de lectura\" \/>\n\t<meta name=\"twitter:data1\" content=\"5 minutos\" \/>\n<script type=\"application\/ld+json\" class=\"yoast-schema-graph\">{\"@context\":\"https:\/\/schema.org\",\"@graph\":[{\"@type\":\"WebPage\",\"@id\":\"https:\/\/teneryfka.pl\/e-book-teneryfa-autem-bez-tajemnic\/\",\"url\":\"https:\/\/teneryfka.pl\/e-book-teneryfa-autem-bez-tajemnic\/\",\"name\":\"E-book: Teneryfa autem bez tajemnic - Tenerife Adventure\",\"isPartOf\":{\"@id\":\"https:\/\/teneryfka.pl\/#website\"},\"datePublished\":\"2025-07-24T21:02:28+00:00\",\"dateModified\":\"2025-07-29T08:45:15+00:00\",\"breadcrumb\":{\"@id\":\"https:\/\/teneryfka.pl\/e-book-teneryfa-autem-bez-tajemnic\/#breadcrumb\"},\"inLanguage\":\"es\",\"potentialAction\":[{\"@type\":\"ReadAction\",\"target\":[\"https:\/\/teneryfka.pl\/e-book-teneryfa-autem-bez-tajemnic\/\"]}]},{\"@type\":\"BreadcrumbList\",\"@id\":\"https:\/\/teneryfka.pl\/e-book-teneryfa-autem-bez-tajemnic\/#breadcrumb\",\"itemListElement\":[{\"@type\":\"ListItem\",\"position\":1,\"name\":\"Strona g\u0142\u00f3wna\",\"item\":\"https:\/\/teneryfka.pl\/\"},{\"@type\":\"ListItem\",\"position\":2,\"name\":\"E-book: Teneryfa autem bez tajemnic\"}]},{\"@type\":\"WebSite\",\"@id\":\"https:\/\/teneryfka.pl\/#website\",\"url\":\"https:\/\/teneryfka.pl\/\",\"name\":\"Tenerife Adventure\",\"description\":\"\",\"publisher\":{\"@id\":\"https:\/\/teneryfka.pl\/#organization\"},\"potentialAction\":[{\"@type\":\"SearchAction\",\"target\":{\"@type\":\"EntryPoint\",\"urlTemplate\":\"https:\/\/teneryfka.pl\/?s={search_term_string}\"},\"query-input\":{\"@type\":\"PropertyValueSpecification\",\"valueRequired\":true,\"valueName\":\"search_term_string\"}}],\"inLanguage\":\"es\"},{\"@type\":\"Organization\",\"@id\":\"https:\/\/teneryfka.pl\/#organization\",\"name\":\"Tenerife Adventure\",\"url\":\"https:\/\/teneryfka.pl\/\",\"logo\":{\"@type\":\"ImageObject\",\"inLanguage\":\"es\",\"@id\":\"https:\/\/teneryfka.pl\/#\/schema\/logo\/image\/\",\"url\":\"https:\/\/teneryfka.pl\/wp-content\/uploads\/2025\/05\/cropped-cropped-cropped-NOWE-LOGO-TENERIFE-3.png\",\"contentUrl\":\"https:\/\/teneryfka.pl\/wp-content\/uploads\/2025\/05\/cropped-cropped-cropped-NOWE-LOGO-TENERIFE-3.png\",\"width\":203,\"height\":120,\"caption\":\"Tenerife Adventure\"},\"image\":{\"@id\":\"https:\/\/teneryfka.pl\/#\/schema\/logo\/image\/\"}}]}<\/script>\n<!-- \/ Yoast SEO plugin. -->","yoast_head_json":{"title":"E-book: Teneryfa autem bez tajemnic - Tenerife Adventure","robots":{"index":"index","follow":"follow","max-snippet":"max-snippet:-1","max-image-preview":"max-image-preview:large","max-video-preview":"max-video-preview:-1"},"canonical":"https:\/\/teneryfka.pl\/es\/e-book-teneryfa-autem-bez-tajemnic\/","og_locale":"es_ES","og_type":"article","og_title":"E-book: Teneryfa autem bez tajemnic - Tenerife Adventure","og_url":"https:\/\/teneryfka.pl\/es\/e-book-teneryfa-autem-bez-tajemnic\/","og_site_name":"Tenerife Adventure","article_modified_time":"2025-07-29T08:45:15+00:00","twitter_card":"summary_large_image","twitter_misc":{"Tiempo de lectura":"5 minutos"},"schema":{"@context":"https:\/\/schema.org","@graph":[{"@type":"WebPage","@id":"https:\/\/teneryfka.pl\/e-book-teneryfa-autem-bez-tajemnic\/","url":"https:\/\/teneryfka.pl\/e-book-teneryfa-autem-bez-tajemnic\/","name":"E-book: Teneryfa autem bez tajemnic - Tenerife Adventure","isPartOf":{"@id":"https:\/\/teneryfka.pl\/#website"},"datePublished":"2025-07-24T21:02:28+00:00","dateModified":"2025-07-29T08:45:15+00:00","breadcrumb":{"@id":"https:\/\/teneryfka.pl\/e-book-teneryfa-autem-bez-tajemnic\/#breadcrumb"},"inLanguage":"es","potentialAction":[{"@type":"ReadAction","target":["https:\/\/teneryfka.pl\/e-book-teneryfa-autem-bez-tajemnic\/"]}]},{"@type":"BreadcrumbList","@id":"https:\/\/teneryfka.pl\/e-book-teneryfa-autem-bez-tajemnic\/#breadcrumb","itemListElement":[{"@type":"ListItem","position":1,"name":"Strona g\u0142\u00f3wna","item":"https:\/\/teneryfka.pl\/"},{"@type":"ListItem","position":2,"name":"E-book: Teneryfa autem bez tajemnic"}]},{"@type":"WebSite","@id":"https:\/\/teneryfka.pl\/#website","url":"https:\/\/teneryfka.pl\/","name":"Tenerife Adventure","description":"","publisher":{"@id":"https:\/\/teneryfka.pl\/#organization"},"potentialAction":[{"@type":"SearchAction","target":{"@type":"EntryPoint","urlTemplate":"https:\/\/teneryfka.pl\/?s={search_term_string}"},"query-input":{"@type":"PropertyValueSpecification","valueRequired":true,"valueName":"search_term_string"}}],"inLanguage":"es"},{"@type":"Organization","@id":"https:\/\/teneryfka.pl\/#organization","name":"Tenerife Adventure","url":"https:\/\/teneryfka.pl\/","logo":{"@type":"ImageObject","inLanguage":"es","@id":"https:\/\/teneryfka.pl\/#\/schema\/logo\/image\/","url":"https:\/\/teneryfka.pl\/wp-content\/uploads\/2025\/05\/cropped-cropped-cropped-NOWE-LOGO-TENERIFE-3.png","contentUrl":"https:\/\/teneryfka.pl\/wp-content\/uploads\/2025\/05\/cropped-cropped-cropped-NOWE-LOGO-TENERIFE-3.png","width":203,"height":120,"caption":"Tenerife Adventure"},"image":{"@id":"https:\/\/teneryfka.pl\/#\/schema\/logo\/image\/"}}]}},"_links":{"self":[{"href":"https:\/\/teneryfka.pl\/es\/wp-json\/wp\/v2\/pages\/6543215361","targetHints":{"allow":["GET"]}}],"collection":[{"href":"https:\/\/teneryfka.pl\/es\/wp-json\/wp\/v2\/pages"}],"about":[{"href":"https:\/\/teneryfka.pl\/es\/wp-json\/wp\/v2\/types\/page"}],"author":[{"embeddable":true,"href":"https:\/\/teneryfka.pl\/es\/wp-json\/wp\/v2\/users\/3"}],"replies":[{"embeddable":true,"href":"https:\/\/teneryfka.pl\/es\/wp-json\/wp\/v2\/comments?post=6543215361"}],"version-history":[{"count":16,"href":"https:\/\/teneryfka.pl\/es\/wp-json\/wp\/v2\/pages\/6543215361\/revisions"}],"predecessor-version":[{"id":6543215443,"href":"https:\/\/teneryfka.pl\/es\/wp-json\/wp\/v2\/pages\/6543215361\/revisions\/6543215443"}],"wp:attachment":[{"href":"https:\/\/teneryfka.pl\/es\/wp-json\/wp\/v2\/media?parent=6543215361"}],"curies":[{"name":"wp","href":"https:\/\/api.w.org\/{rel}","templated":true}]}}