{"id":678,"date":"2023-11-03T16:21:13","date_gmt":"2023-11-03T16:21:13","guid":{"rendered":"https:\/\/teneryfka.pl\/?page_id=678"},"modified":"2024-01-08T17:25:05","modified_gmt":"2024-01-08T17:25:05","slug":"regulamin","status":"publish","type":"page","link":"https:\/\/teneryfka.pl\/en\/regulamin\/","title":{"rendered":"Terms and Conditions"},"content":{"rendered":"<div class=\"wpb-content-wrapper\"><div class=\"vc_row wpb_row vc_row-fluid\"><div class=\"wpb_column vc_column_container vc_col-sm-12\"><div class=\"vc_column-inner\"><div class=\"wpb_wrapper\">\n\t<div class=\"wpb_text_column wpb_content_element\" >\n\t\t<div class=\"wpb_wrapper\">\n\t\t\t<p><strong>Regulamin zakup\u00f3w w serwisie teneryfka.pl<\/strong><\/p>\n<p><strong>1. General Information<\/strong><\/p>\n<ul>\n<li>The company is registered with the Consejeria de Turismo, Cultura y Deportes, Direccion General de Ordenacion y Promocion Turistica,<br \/>Gobierno de Canarias;<br \/>NIF: X3088332F.<\/li>\n<li>Warunki sprzeda\u017cy maj\u0105 zastosowanie do zakupu biletu dokonanego w serwisie teneryfka.pl, czyli firmy zarejestrowanej w Hiszpanii pod adresem:<br \/>Avenida Maritima 31, C.C. Playa la Arena, Local 25, 38683 Puerto Santiago, Santa Cruz de Tenerife, Spain.<\/li>\n<\/ul>\n<p><!-- \/wp:post-content --><strong>2. Acquisition\/Purchase\/Execution of a Ticket<\/strong><\/p>\n<ul>\n<li>Only individuals who have reached the age of 18 may purchase it. During the purchase, it is necessary to fill out an order form and pay the full amount.<\/li>\n<li>Clicking the 'Book' button will redirect to the payment page. Only after the payment is made will a confirmation email be sent to Tenerifeadventure.eu, thereby finalizing the order for the service.<\/li>\n<li>The minimum time to purchase a ticket is 24 hours before the service is provided.<\/li>\n<li>Tenerifeadventure.eu reserves the right to reject a customer's order if it is not feasible to fulfill (e.g., lack of available seats, unfavorable weather conditions, insufficient time to process the order). If the customer has made a payment and their order is rejected, Tenerifeadventure.eu is obligated to refund the full paid amount.<\/li>\n<li>The ticket can be redeemed only once when fulfilling the order with a Tenerifeadventure.eu partner.<\/li>\n<li>To redeem the ticket, it must be presented to the partner within the time frame of its validity.<\/li>\n<li>A ticket not redeemed within its validity period automatically expires. An order that has expired cannot be fulfilled, and the ticket holder is not entitled to a refund or compensation.<\/li>\n<li>The ticket can only be redeemed in full. It is not subject to partial or gradual fulfillment.<\/li>\n<li>If, due to unforeseen circumstances, the partner is unable to provide the service offered by Tenerifeadventure.eu as described, Tenerifeadventure.eu will promptly notify you of this fact by email or phone. Tenerifeadventure.eu will offer you a new ticket providing comparable benefits (if available) or a full refund of the ticket cost.<\/li>\n<li>If the Client has canceled the use of the order and the cancellation occurred within 48 hours or less before the service execution date, they will be obligated to pay 50% of the total service cost, in accordance with the commercial regulations of travel agents in Spain, dated February 25, 1953.<\/li>\n<li>The ticket can be purchased exclusively for personal, non-commercial use (although it can be transferred to another person for their personal, non-commercial use).<\/li>\n<li>The buyer is solely responsible for the ticket. Neither Tenerifeadventure.eu nor the Partner is responsible for lost or stolen tickets.<\/li>\n<\/ul>\n<p><!-- \/wp:list-item --><!-- \/wp:list --><\/p>\n<p><!-- wp:paragraph --><strong>3. The buyer agrees not to provide false information, including false names, address details, contact details, or payment information;<\/strong><br \/>The buyer also commits to not undertaking any illegal actions regarding the acquisition or use of the ticket, as well as to preventing others from undertaking such actions.<\/p>\n<p><!-- \/wp:paragraph --><\/p>\n<p><!-- wp:paragraph --><strong>4. Cancellation, Refund and Issues<\/strong><\/p>\n<ul>\n<li>The client has the right to withdraw from the ticket purchase agreement within 14 calendar days from the day they received the purchase confirmation by email.<\/li>\n<li>By withdrawing from the coupon redemption 48 hours or less before the scheduled service date, the client agrees to pay 50% of the total service price, in accordance with the commercial regulations of travel agents in Spain, dated February 25, 1953.<\/li>\n<li>O odst\u0105pieniu od umowy poinformowa\u0107 mo\u017cna wype\u0142niaj\u0105c i przesy\u0142aj\u0105c formularz na stronie teneryfka.pl, w dziale kontakt poprzez kontakt e-mail lub poprzez kontakt telefoniczny<\/li>\n<li>All matters concerning refunds will be discussed directly with the Tenerifeadventure.eu service team.<\/li>\n<li>The buyer is aware that it is the Partner, not Tenerifeadventure.eu, who is responsible for the service and its execution.<\/li>\n<\/ul>\n<p><strong>5. Complaint<\/strong><\/p>\n<p>All complaints will be discussed directly with the client by phone or at the Tenerife Adventure office to discuss the details. If a written complaint is required, the client will be informed. This may occur in cases where such a complaint is required by the partner with whom Tenerife Adventure cooperates and who performed the service. Every complaint can be submitted by the client either in writing or orally. Each\u00a0<strong>complaint\u00a0<\/strong>will be thoroughly discussed so that both the client and Tenerife Adventure, as well as the partner with whom Tenerife Adventure cooperates, are satisfied. Complaints will be considered immediately.<\/p>\n\n\t\t<\/div>\n\t<\/div>\n<\/div><\/div><\/div><\/div>\n<\/div>","protected":false},"excerpt":{"rendered":"Regulamin zakup\u00f3w w serwisie teneryfka.pl 1. Informacje og\u00f3lne Firma jest zarejestrowana w Consejeria de Turismo, Cultura y Deportes, Direccion General de Ordenacion y Promocion Turistica,Gobierno de Canarias;NIF: X3088332F. Warunki sprzeda\u017cy maj\u0105 zastosowanie do zakupu biletu dokonanego w serwisie teneryfka.pl, czyli firmy zarejestrowanej w Hiszpanii pod adresem:Avenida Maritima 31, C.C. Playa la Arena lokal 25, 38683 [...]","protected":false},"author":1,"featured_media":0,"parent":0,"menu_order":0,"comment_status":"closed","ping_status":"closed","template":"","meta":{"footnotes":""},"class_list":["post-678","page","type-page","status-publish","hentry"],"yoast_head":"<!-- This site is optimized with the Yoast SEO plugin v25.3.1 - https:\/\/yoast.com\/wordpress\/plugins\/seo\/ -->\n<title>Regulamin - Tenerife Adventure<\/title>\n<meta name=\"robots\" content=\"index, follow, max-snippet:-1, max-image-preview:large, max-video-preview:-1\" \/>\n<link rel=\"canonical\" href=\"https:\/\/teneryfka.pl\/en\/regulamin\/\" \/>\n<meta property=\"og:locale\" content=\"en_GB\" \/>\n<meta property=\"og:type\" content=\"article\" \/>\n<meta property=\"og:title\" content=\"Regulamin - Tenerife Adventure\" \/>\n<meta property=\"og:url\" content=\"https:\/\/teneryfka.pl\/en\/regulamin\/\" \/>\n<meta property=\"og:site_name\" content=\"Tenerife Adventure\" \/>\n<meta property=\"article:modified_time\" content=\"2024-01-08T17:25:05+00:00\" \/>\n<meta name=\"twitter:card\" content=\"summary_large_image\" \/>\n<meta name=\"twitter:label1\" content=\"Estimated reading time\" \/>\n\t<meta name=\"twitter:data1\" content=\"4 minutes\" \/>\n<script type=\"application\/ld+json\" class=\"yoast-schema-graph\">{\"@context\":\"https:\/\/schema.org\",\"@graph\":[{\"@type\":\"WebPage\",\"@id\":\"https:\/\/teneryfka.pl\/regulamin\/\",\"url\":\"https:\/\/teneryfka.pl\/regulamin\/\",\"name\":\"Regulamin - Tenerife Adventure\",\"isPartOf\":{\"@id\":\"https:\/\/teneryfka.pl\/#website\"},\"datePublished\":\"2023-11-03T16:21:13+00:00\",\"dateModified\":\"2024-01-08T17:25:05+00:00\",\"breadcrumb\":{\"@id\":\"https:\/\/teneryfka.pl\/regulamin\/#breadcrumb\"},\"inLanguage\":\"en-GB\",\"potentialAction\":[{\"@type\":\"ReadAction\",\"target\":[\"https:\/\/teneryfka.pl\/regulamin\/\"]}]},{\"@type\":\"BreadcrumbList\",\"@id\":\"https:\/\/teneryfka.pl\/regulamin\/#breadcrumb\",\"itemListElement\":[{\"@type\":\"ListItem\",\"position\":1,\"name\":\"Strona g\u0142\u00f3wna\",\"item\":\"https:\/\/teneryfka.pl\/\"},{\"@type\":\"ListItem\",\"position\":2,\"name\":\"Regulamin\"}]},{\"@type\":\"WebSite\",\"@id\":\"https:\/\/teneryfka.pl\/#website\",\"url\":\"https:\/\/teneryfka.pl\/\",\"name\":\"Tenerife Adventure\",\"description\":\"\",\"publisher\":{\"@id\":\"https:\/\/teneryfka.pl\/#organization\"},\"potentialAction\":[{\"@type\":\"SearchAction\",\"target\":{\"@type\":\"EntryPoint\",\"urlTemplate\":\"https:\/\/teneryfka.pl\/?s={search_term_string}\"},\"query-input\":{\"@type\":\"PropertyValueSpecification\",\"valueRequired\":true,\"valueName\":\"search_term_string\"}}],\"inLanguage\":\"en-GB\"},{\"@type\":\"Organization\",\"@id\":\"https:\/\/teneryfka.pl\/#organization\",\"name\":\"Tenerife Adventure\",\"url\":\"https:\/\/teneryfka.pl\/\",\"logo\":{\"@type\":\"ImageObject\",\"inLanguage\":\"en-GB\",\"@id\":\"https:\/\/teneryfka.pl\/#\/schema\/logo\/image\/\",\"url\":\"https:\/\/teneryfka.pl\/wp-content\/uploads\/2025\/05\/cropped-cropped-cropped-NOWE-LOGO-TENERIFE-3.png\",\"contentUrl\":\"https:\/\/teneryfka.pl\/wp-content\/uploads\/2025\/05\/cropped-cropped-cropped-NOWE-LOGO-TENERIFE-3.png\",\"width\":203,\"height\":120,\"caption\":\"Tenerife Adventure\"},\"image\":{\"@id\":\"https:\/\/teneryfka.pl\/#\/schema\/logo\/image\/\"}}]}<\/script>\n<!-- \/ Yoast SEO plugin. -->","yoast_head_json":{"title":"Regulamin - Tenerife Adventure","robots":{"index":"index","follow":"follow","max-snippet":"max-snippet:-1","max-image-preview":"max-image-preview:large","max-video-preview":"max-video-preview:-1"},"canonical":"https:\/\/teneryfka.pl\/en\/regulamin\/","og_locale":"en_GB","og_type":"article","og_title":"Regulamin - Tenerife Adventure","og_url":"https:\/\/teneryfka.pl\/en\/regulamin\/","og_site_name":"Tenerife Adventure","article_modified_time":"2024-01-08T17:25:05+00:00","twitter_card":"summary_large_image","twitter_misc":{"Estimated reading time":"4 minutes"},"schema":{"@context":"https:\/\/schema.org","@graph":[{"@type":"WebPage","@id":"https:\/\/teneryfka.pl\/regulamin\/","url":"https:\/\/teneryfka.pl\/regulamin\/","name":"Regulamin - Tenerife Adventure","isPartOf":{"@id":"https:\/\/teneryfka.pl\/#website"},"datePublished":"2023-11-03T16:21:13+00:00","dateModified":"2024-01-08T17:25:05+00:00","breadcrumb":{"@id":"https:\/\/teneryfka.pl\/regulamin\/#breadcrumb"},"inLanguage":"en-GB","potentialAction":[{"@type":"ReadAction","target":["https:\/\/teneryfka.pl\/regulamin\/"]}]},{"@type":"BreadcrumbList","@id":"https:\/\/teneryfka.pl\/regulamin\/#breadcrumb","itemListElement":[{"@type":"ListItem","position":1,"name":"Strona g\u0142\u00f3wna","item":"https:\/\/teneryfka.pl\/"},{"@type":"ListItem","position":2,"name":"Regulamin"}]},{"@type":"WebSite","@id":"https:\/\/teneryfka.pl\/#website","url":"https:\/\/teneryfka.pl\/","name":"Tenerife Adventure","description":"","publisher":{"@id":"https:\/\/teneryfka.pl\/#organization"},"potentialAction":[{"@type":"SearchAction","target":{"@type":"EntryPoint","urlTemplate":"https:\/\/teneryfka.pl\/?s={search_term_string}"},"query-input":{"@type":"PropertyValueSpecification","valueRequired":true,"valueName":"search_term_string"}}],"inLanguage":"en-GB"},{"@type":"Organization","@id":"https:\/\/teneryfka.pl\/#organization","name":"Tenerife Adventure","url":"https:\/\/teneryfka.pl\/","logo":{"@type":"ImageObject","inLanguage":"en-GB","@id":"https:\/\/teneryfka.pl\/#\/schema\/logo\/image\/","url":"https:\/\/teneryfka.pl\/wp-content\/uploads\/2025\/05\/cropped-cropped-cropped-NOWE-LOGO-TENERIFE-3.png","contentUrl":"https:\/\/teneryfka.pl\/wp-content\/uploads\/2025\/05\/cropped-cropped-cropped-NOWE-LOGO-TENERIFE-3.png","width":203,"height":120,"caption":"Tenerife Adventure"},"image":{"@id":"https:\/\/teneryfka.pl\/#\/schema\/logo\/image\/"}}]}},"_links":{"self":[{"href":"https:\/\/teneryfka.pl\/en\/wp-json\/wp\/v2\/pages\/678","targetHints":{"allow":["GET"]}}],"collection":[{"href":"https:\/\/teneryfka.pl\/en\/wp-json\/wp\/v2\/pages"}],"about":[{"href":"https:\/\/teneryfka.pl\/en\/wp-json\/wp\/v2\/types\/page"}],"author":[{"embeddable":true,"href":"https:\/\/teneryfka.pl\/en\/wp-json\/wp\/v2\/users\/1"}],"replies":[{"embeddable":true,"href":"https:\/\/teneryfka.pl\/en\/wp-json\/wp\/v2\/comments?post=678"}],"version-history":[{"count":5,"href":"https:\/\/teneryfka.pl\/en\/wp-json\/wp\/v2\/pages\/678\/revisions"}],"predecessor-version":[{"id":6543211530,"href":"https:\/\/teneryfka.pl\/en\/wp-json\/wp\/v2\/pages\/678\/revisions\/6543211530"}],"wp:attachment":[{"href":"https:\/\/teneryfka.pl\/en\/wp-json\/wp\/v2\/media?parent=678"}],"curies":[{"name":"wp","href":"https:\/\/api.w.org\/{rel}","templated":true}]}}