{"id":6543215386,"date":"2025-07-24T23:17:21","date_gmt":"2025-07-24T23:17:21","guid":{"rendered":"https:\/\/teneryfka.pl\/?page_id=6543215386"},"modified":"2025-07-29T08:46:14","modified_gmt":"2025-07-29T08:46:14","slug":"pakiet-teneryfa-ktorej-nie-zapomnisz","status":"publish","type":"page","link":"https:\/\/teneryfka.pl\/en\/pakiet-teneryfa-ktorej-nie-zapomnisz\/","title":{"rendered":"PAKIET: TENERYFA, KT\u00d3REJ NIE ZAPOMNISZ"},"content":{"rendered":"<div class=\"wpb-content-wrapper\"><div data-vc-full-width=\"true\" data-vc-full-width-init=\"false\" class=\"vc_row wpb_row vc_row-fluid vc_custom_1753727947262 vc_row-has-fill\"><div class=\"wpb_column vc_column_container vc_col-sm-6\"><div class=\"vc_column-inner\"><div class=\"wpb_wrapper\"><h1 style=\"font-size: 52px;color: #ffffff;line-height: 1;text-align: left;font-family:Roboto;font-weight:700;font-style:normal\" class=\"vc_custom_heading vc_do_custom_heading stylised-heading vc_custom_1753399954833\" >PAKIET: TENERYFA, KT\u00d3REJ NIE ZAPOMNISZ<\/h1>\n\t<div class=\"wpb_text_column wpb_content_element vc_custom_1753717812236\" >\n\t\t<div class=\"wpb_wrapper\">\n\t\t\t<p><strong><span style=\"color: #ffffff;\">Emocje + konkret.<br \/>\nSerce + kierownica.<br \/>\nMarzenia + mapa.<\/span><\/strong><\/p>\n<p><span style=\"color: #ffffff;\">Zabierz ze sob\u0105 dwa e-booki, kt\u00f3re razem tworz\u0105 najpi\u0119kniejsz\u0105 podr\u00f3\u017c Twojego \u017cycia po Teneryfie.<\/span><\/p>\n<p><span style=\"color: #ffffff;\">Jeden przeprowadzi Ci\u0119 przez dusz\u0119 i smaki wyspy, drugi \u2013 przez najpi\u0119kniejsze trasy, punkty widokowe i sekrety ukryte na zakr\u0119tach.<\/span><\/p>\n\n\t\t<\/div>\n\t<\/div>\n<\/div><\/div><\/div><\/div><div class=\"vc_row-full-width vc_clearfix\"><\/div><div data-vc-full-width=\"true\" data-vc-full-width-init=\"false\" class=\"vc_row wpb_row vc_row-fluid vc_custom_1753368990251 vc_row-has-fill vc_row-o-content-middle vc_row-flex\"><div class=\"wpb_column vc_column_container vc_col-sm-6\"><div class=\"vc_column-inner\"><div class=\"wpb_wrapper\"><h2 style=\"font-size: 52px;color: #424242;line-height: 1;text-align: left;font-family:Roboto;font-weight:700;font-style:normal\" class=\"vc_custom_heading vc_do_custom_heading stylised-heading vc_custom_1753399176634\" >CO DOSTAJESZ W PAKIECIE?<\/h2><\/div><\/div><\/div><div class=\"wpb_column vc_column_container vc_col-sm-6\"><div class=\"vc_column-inner\"><div class=\"wpb_wrapper\"><div class=\"widget widget-sidebar\">\t\t\n\t\t<!-- Services iconic -->\n\t\t\t\t<div class=\"iconic small-list\">\n\t\t\t\t\t<div class=\"wrapper\">\n\t\t\t\t<div class=\"row\">\n\t\t\t\t\t\t<!-- Item -->\n\t\t\t\t\t\t<div class=\"full-width\">\n\t\t\t\t\t\t\t\t\t\t\t\t\t\t\t<span class=\"circle\"><span class=\"icon material-icons\">cloud_download<\/span><\/span>\n\t\t\t\t\t\t\t\t\t\t\t\t\t\t\t\t\t\t\t\t\t<h4>E-book: Teneryfa, kt\u00f3ra zostaje w sercu<\/h4>\n\t\t\t\t\t\t\t\t\t\t\t\t\t\t\t\t\t\t\t\t\t<div class=\"desc\">To nie tylko przewodnik. To opowie\u015b\u0107, emocje, zapachy, zachody s\u0142o\u0144ca i historie, kt\u00f3re prze\u017cyjesz przed pierwszym krokiem na wyspie.  Dla tych, kt\u00f3rzy chc\u0105 czu\u0107, smakowa\u0107 i rozumie\u0107.<\/div>\n\t\t\t\t\t\t\t\t\t\t\t\t\t<\/div>\n\t\t\t\t\t\t<!-- \/\/Item -->\n\t\t\t\t\t\t\t\t\t\t\t\t<!-- Item -->\n\t\t\t\t\t\t<div class=\"full-width\">\n\t\t\t\t\t\t\t\t\t\t\t\t\t\t\t<span class=\"circle\"><span class=\"icon material-icons\">cloud_download<\/span><\/span>\n\t\t\t\t\t\t\t\t\t\t\t\t\t\t\t\t\t\t\t\t\t<h4>E-book: Teneryfa autem bez tajemnic<\/h4>\n\t\t\t\t\t\t\t\t\t\t\t\t\t\t\t\t\t\t\t\t\t<div class=\"desc\">Gotowy plan 3-dniowej przygody za kierownic\u0105. Konkretne trasy, mapy, miejsca parkingowe, ukryte pla\u017ce i klimatyczne restauracje.  Dla tych, kt\u00f3rzy lubi\u0105 mie\u0107 wolno\u015b\u0107 w kieszeni \u2013 i GPS pod kontrol\u0105.<\/div>\n\t\t\t\t\t\t\t\t\t\t\t\t\t<\/div>\n\t\t\t\t\t\t<!-- \/\/Item -->\n\t\t\t\t\t\t\t\t\t\t\n\t\t\t\t<\/div>\n\t\t\t<\/div>\n\t\t<\/div>\n\t\t<!-- \/\/Services iconic -->\n\n\t\t<\/div><\/div><\/div><\/div><\/div><div class=\"vc_row-full-width vc_clearfix\"><\/div><div data-vc-full-width=\"true\" data-vc-full-width-init=\"false\" class=\"vc_row wpb_row vc_row-fluid vc_custom_1720010768264 vc_row-has-fill\"><div class=\"wpb_column vc_column_container vc_col-sm-6\"><div class=\"vc_column-inner\"><div class=\"wpb_wrapper\"><h2 style=\"font-size: 48px;color: #ffffff;line-height: 1;text-align: left;font-family:Roboto;font-weight:700;font-style:normal\" class=\"vc_custom_heading vc_do_custom_heading stylised-heading vc_custom_1753399619199\" >DWA \u015aWIATY \u2013 JEDNA PODR\u00d3\u017b<\/h2><\/div><\/div><\/div><div class=\"wpb_column vc_column_container vc_col-sm-6\"><div class=\"vc_column-inner\"><div class=\"wpb_wrapper\">\n\t<div class=\"wpb_text_column wpb_content_element stylised-list\" >\n\t\t<div class=\"wpb_wrapper\">\n\t\t\t<p><span style=\"color: #ffffff;\">Ten pakiet to po\u0142\u0105czenie duszy i praktyki, emocji i organizacji. Dzi\u0119ki niemu:<\/span><\/p>\n<ul>\n<li><span style=\"color: #ffffff;\">nie zgubisz si\u0119 \u2013 ale zab\u0142\u0105dzisz we wzruszeniach<\/span><\/li>\n<li><span style=\"color: #ffffff;\">nie trafisz do pu\u0142apek \u2013 ale do miejsc, kt\u00f3re zostaj\u0105 w g\u0142owie na zawsze<\/span><\/li>\n<li><span style=\"color: #ffffff;\">nie b\u0119dziesz tylko zwiedza\u0107 \u2013 b\u0119dziesz do\u015bwiadcza\u0107<\/span><\/li>\n<\/ul>\n\n\t\t<\/div>\n\t<\/div>\n<div class=\"vc_btn3-container vc_btn3-left vc_do_btn\" ><a onmouseleave=\"this.style.borderColor='#ffffff'; this.style.backgroundColor='transparent'; this.style.color='#ffffff'\" onmouseenter=\"this.style.borderColor='#7db2e6'; this.style.backgroundColor='#7db2e6'; this.style.color='#ffffff';\" style=\"border-color:#ffffff; color:#ffffff;\" class=\"vc_general vc_btn3 vc_btn3-size-lg vc_btn3-shape-square vc_btn3-style-outline-custom vc_btn3-icon-right\" href=\"https:\/\/teneryfka.pl\/wp-content\/uploads\/2025\/07\/Zajawka_pakie_ebookow.zip\" title=\"POBIERZ DARMOW\u0104 ZAJAWK\u0118 PDF\" target=\"_blank\">POBIERZ DARMOW\u0104 ZAJAWK\u0118 PDF <i class=\"vc_btn3-icon vc-material vc-material-keyboard_arrow_right\"><\/i><\/a><\/div><\/div><\/div><\/div><\/div><div class=\"vc_row-full-width vc_clearfix\"><\/div><div data-vc-full-width=\"true\" data-vc-full-width-init=\"false\" class=\"vc_row wpb_row vc_row-fluid bg-top-center vc_custom_1753368901113 vc_row-has-fill\"><div class=\"wpb_column vc_column_container vc_col-sm-12\"><div class=\"vc_column-inner\"><div class=\"wpb_wrapper\"><div class=\"vc_row wpb_row vc_inner vc_row-fluid vc_column-gap-30\"><div class=\"wpb_column vc_column_container vc_col-sm-6\"><div class=\"vc_column-inner\"><div class=\"wpb_wrapper\"><h2 style=\"font-size: 48px;line-height: 1;text-align: left;font-family:Roboto;font-weight:700;font-style:normal\" class=\"vc_custom_heading vc_do_custom_heading stylised-heading vc_custom_1753399692074\" >PAKIET DLA PRAWDZIWYCH ODKRYWC\u00d3W<\/h2>\n\t<div class=\"wpb_text_column wpb_content_element vc_custom_1753717845312 stylised-list\" >\n\t\t<div class=\"wpb_wrapper\">\n\t\t\t<p><strong>Kupuj\u0105c oba e-booki razem:<\/strong><\/p>\n<ul>\n<li>oszcz\u0119dzasz pieni\u0105dze (bo w pakiecie zawsze taniej!)<\/li>\n<li>zyskujesz pe\u0142ni\u0119 podr\u00f3\u017cy \u2013 emocjonaln\u0105 i praktyczn\u0105<\/li>\n<li>\n<p dir=\"auto\">dostajesz bonus: autorsk\u0105 playlist\u0119 \u00a0online<\/p>\n<\/li>\n<\/ul>\n<p>Gotowa\/y na podr\u00f3\u017c, kt\u00f3ra zostanie z Tob\u0105 na zawsze?<\/p>\n<p>Zam\u00f3w pakiet i pozw\u00f3l sobie na Teneryf\u0119 pe\u0142n\u0105 serca i przygody.<\/p>\n<p><span style=\"font-size: 30px;\">39,90\u20ac<\/span><br \/>\n<strong>(P\u0142atno\u015b\u0107 szybkim przelewem \/ karta \/ Blik)<\/strong><\/p>\n\n\t\t<\/div>\n\t<\/div>\n<div class=\"vc_btn3-container vc_btn3-left vc_do_btn\" ><a onmouseleave=\"this.style.borderColor='#424242'; this.style.backgroundColor='transparent'; this.style.color='#424242'\" onmouseenter=\"this.style.borderColor='#7db2e6'; this.style.backgroundColor='#7db2e6'; this.style.color='#ffffff';\" style=\"border-color:#424242; color:#424242;\" class=\"vc_general vc_btn3 vc_btn3-size-lg vc_btn3-shape-square vc_btn3-style-outline-custom vc_btn3-icon-right\" href=\"https:\/\/teneryfka.pl\/en\/koszyk\/?add-to-cart=6543215404\" title=\"\">ZAM\u00d3W TERAZ <i class=\"vc_btn3-icon vc-material vc-material-keyboard_arrow_right\"><\/i><\/a><\/div><\/div><\/div><\/div><div class=\"wpb_column vc_column_container vc_col-sm-6\"><div class=\"vc_column-inner\"><div class=\"wpb_wrapper\">\n\t<div  class=\"wpb_single_image wpb_content_element vc_align_center wpb_content_element vc_custom_1753400396270\">\n\t\t\n\t\t<figure class=\"wpb_wrapper vc_figure\">\n\t\t\t<div class=\"vc_single_image-wrapper vc_box_shadow_border  vc_box_border_grey\"><img decoding=\"async\" class=\"vc_single_image-img\" src=\"https:\/\/teneryfka.pl\/wp-content\/uploads\/2025\/07\/pakiet-e-bookow-384x600.png\" width=\"384\" height=\"600\" alt=\"pakiet-e-bookow\" title=\"pakiet-e-bookow\" loading=\"lazy\" \/><\/div>\n\t\t<\/figure>\n\t<\/div>\n<\/div><\/div><\/div><\/div><\/div><\/div><\/div><\/div><div class=\"vc_row-full-width vc_clearfix\"><\/div><div data-vc-full-width=\"true\" data-vc-full-width-init=\"false\" class=\"vc_row wpb_row vc_row-fluid vc_custom_1537354062791 vc_row-has-fill\"><div class=\"wpb_column vc_column_container vc_col-sm-6\"><div class=\"vc_column-inner\"><div class=\"wpb_wrapper\"><h2 style=\"font-size: 52px;color: #ffffff;line-height: 1;text-align: left;font-family:Roboto;font-weight:700;font-style:normal\" class=\"vc_custom_heading vc_do_custom_heading stylised-heading vc_custom_1753382523730\" >GOTOWY NA PODR\u00d3\u017b \u017bYCIA?<\/h2>\n\t<div class=\"wpb_text_column wpb_content_element stylised-list\" >\n\t\t<div class=\"wpb_wrapper\">\n\t\t\t<p><span style=\"color: #ffffff;\">Kup teraz oba e-booki w pakiecie \u2013 tylko 28,90\u20ac<\/span><\/p>\n\n\t\t<\/div>\n\t<\/div>\n<\/div><\/div><\/div><div class=\"wpb_column vc_column_container vc_col-sm-6\"><div class=\"vc_column-inner\"><div class=\"wpb_wrapper\">\n\t<div class=\"wpb_text_column wpb_content_element stylised-list\" >\n\t\t<div class=\"wpb_wrapper\">\n\t\t\t<h3><span style=\"color: #ffffff;\">Co zyskujesz?<\/span><\/h3>\n<ul>\n<li><span style=\"color: #ffffff;\">Plik PDF do pobrania od razu po zakupie<\/span><\/li>\n<li><span style=\"color: #ffffff;\">Czytelny na telefonie, tablecie i laptopie<\/span><\/li>\n<li><span style=\"color: #ffffff;\">Dost\u0119p na zawsze<\/span><\/li>\n<\/ul>\n<p><span style=\"color: #ffffff; font-size: 30px;\">39,90\u20ac<\/span><br \/>\n<strong><span style=\"color: #ffffff;\">(P\u0142atno\u015b\u0107 szybkim przelewem \/ karta \/ Blik)<\/span><\/strong><\/p>\n\n\t\t<\/div>\n\t<\/div>\n<div class=\"vc_btn3-container vc_btn3-left vc_do_btn\" ><a onmouseleave=\"this.style.borderColor='#ffffff'; this.style.backgroundColor='transparent'; this.style.color='#ffffff'\" onmouseenter=\"this.style.borderColor='#7db2e6'; this.style.backgroundColor='#7db2e6'; this.style.color='#ffffff';\" style=\"border-color:#ffffff; color:#ffffff;\" class=\"vc_general vc_btn3 vc_btn3-size-lg vc_btn3-shape-square vc_btn3-style-outline-custom vc_btn3-icon-right\" href=\"https:\/\/teneryfka.pl\/en\/koszyk\/?add-to-cart=6543215404\" title=\"\">ZAM\u00d3W TERAZ <i class=\"vc_btn3-icon vc-material vc-material-keyboard_arrow_right\"><\/i><\/a><\/div><\/div><\/div><\/div><\/div><div class=\"vc_row-full-width vc_clearfix\"><\/div><div data-vc-full-width=\"true\" data-vc-full-width-init=\"false\" class=\"vc_row wpb_row vc_row-fluid bg-top-right vc_custom_1753368939626 vc_row-has-fill\"><div class=\"wpb_column vc_column_container vc_col-sm-12\"><div class=\"vc_column-inner\"><div class=\"wpb_wrapper\"><div class=\"vc_row wpb_row vc_inner vc_row-fluid vc_custom_1561457171604\"><div class=\"wpb_column vc_column_container vc_col-sm-12\"><div class=\"vc_column-inner\"><div class=\"wpb_wrapper\"><h2 style=\"font-size: 52px;line-height: 1;text-align: left;font-family:Roboto;font-weight:700;font-style:normal\" class=\"vc_custom_heading vc_do_custom_heading stylised-heading vc_custom_1753382535846\" >CO M\u00d3WI\u0104 CZYTELNICY?<\/h2><\/div><\/div><\/div><\/div><div class=\"vc_row wpb_row vc_inner vc_row-fluid\"><div class=\"wpb_column vc_column_container vc_col-sm-12\"><div class=\"vc_column-inner\"><div class=\"wpb_wrapper\">\n\t<div class=\"wpb_text_column wpb_content_element stylised-text\" >\n\t\t<div class=\"wpb_wrapper\">\n\t\t\t<p>\u201cTo nie jest zwyk\u0142y przewodnik. To jakby przyjaci\u00f3\u0142ka oprowadza\u0142a mnie po wyspie \u2013 z sercem, bez \u015bciemy. Po przeczytaniu wiedzia\u0142am, \u017ce Teneryfa to co\u015b wi\u0119cej.\u201d<\/p>\n<p>\u2014 Karolina W., podr\u00f3\u017cniczka<\/p>\n\n\t\t<\/div>\n\t<\/div>\n\n\t<div class=\"wpb_text_column wpb_content_element stylised-text\" >\n\t\t<div class=\"wpb_wrapper\">\n\t\t\t<p>\u201cWr\u00f3ci\u0142am z wakacji i kupi\u0142am e-booka&#8230; \u017ceby jeszcze raz prze\u017cy\u0107 t\u0119 podr\u00f3\u017c. Ka\u017cde zdanie jest jak poczt\u00f3wka z dusz\u0105.\u201d<\/p>\n<p>\u2014 Joanna K., mama dw\u00f3jki<\/p>\n\n\t\t<\/div>\n\t<\/div>\n<\/div><\/div><\/div><\/div><\/div><\/div><\/div><\/div><div class=\"vc_row-full-width vc_clearfix\"><\/div><div data-vc-full-width=\"true\" data-vc-full-width-init=\"false\" class=\"vc_row wpb_row vc_row-fluid vc_custom_1753368041750 vc_row-has-fill\"><div class=\"wpb_column vc_column_container vc_col-sm-6\"><div class=\"vc_column-inner\"><div class=\"wpb_wrapper\"><h2 style=\"font-size: 52px;color: #ffffff;line-height: 1;text-align: left;font-family:Roboto;font-weight:700;font-style:normal\" class=\"vc_custom_heading vc_do_custom_heading stylised-heading vc_custom_1753397477691\" >BONUS TYLKO DLA CIEBIE<\/h2>\n\t<div class=\"wpb_text_column wpb_content_element\" >\n\t\t<div class=\"wpb_wrapper\">\n\t\t\t<p><span style=\"color: #ffffff;\">Po zakupie e-book\u00f3w otrzymasz moj\u0105 autorsk\u0105 playlist\u0119 na Spotify \u2013 stworzon\u0105 specjalnie z my\u015bl\u0105 o tej podr\u00f3\u017cy.<\/span><\/p>\n<p><span style=\"color: #ffffff;\">Mo\u017cesz jej s\u0142ucha\u0107, czytaj\u0105c e-booka, planuj\u0105c podr\u00f3\u017c albo&#8230; ju\u017c jad\u0105c autem przez wysp\u0119. Doda Ci klimatu, rytmu i emocji \u2013 bo Teneryfa to tak\u017ce d\u017awi\u0119k i serce.<\/span><\/p>\n\n\t\t<\/div>\n\t<\/div>\n\n\t<div  class=\"wpb_single_image wpb_content_element vc_align_left wpb_content_element\">\n\t\t\n\t\t<figure class=\"wpb_wrapper vc_figure\">\n\t\t\t<div class=\"vc_single_image-wrapper   vc_box_border_grey\"><img loading=\"lazy\" decoding=\"async\" width=\"300\" height=\"90\" src=\"https:\/\/teneryfka.pl\/wp-content\/uploads\/2025\/07\/Spotify_Logo_CMYK_Green-300x90.png\" class=\"vc_single_image-img attachment-medium\" alt=\"\" title=\"Spotify_Logo_CMYK_Green\" srcset=\"https:\/\/teneryfka.pl\/wp-content\/uploads\/2025\/07\/Spotify_Logo_CMYK_Green-300x90.png 300w, https:\/\/teneryfka.pl\/wp-content\/uploads\/2025\/07\/Spotify_Logo_CMYK_Green-1024x307.png 1024w, https:\/\/teneryfka.pl\/wp-content\/uploads\/2025\/07\/Spotify_Logo_CMYK_Green-768x231.png 768w, https:\/\/teneryfka.pl\/wp-content\/uploads\/2025\/07\/Spotify_Logo_CMYK_Green-1536x461.png 1536w, https:\/\/teneryfka.pl\/wp-content\/uploads\/2025\/07\/Spotify_Logo_CMYK_Green-2048x615.png 2048w, https:\/\/teneryfka.pl\/wp-content\/uploads\/2025\/07\/Spotify_Logo_CMYK_Green-18x5.png 18w, https:\/\/teneryfka.pl\/wp-content\/uploads\/2025\/07\/Spotify_Logo_CMYK_Green-600x180.png 600w\" sizes=\"auto, (max-width: 300px) 100vw, 300px\" \/><\/div>\n\t\t<\/figure>\n\t<\/div>\n<div class=\"vc_btn3-container vc_btn3-left vc_do_btn\" ><a onmouseleave=\"this.style.borderColor='#ffffff'; this.style.backgroundColor='transparent'; this.style.color='#ffffff'\" onmouseenter=\"this.style.borderColor='#7db2e6'; this.style.backgroundColor='#7db2e6'; this.style.color='#ffffff';\" style=\"border-color:#ffffff; color:#ffffff;\" class=\"vc_general vc_btn3 vc_btn3-size-lg vc_btn3-shape-square vc_btn3-style-outline-custom vc_btn3-icon-right\" href=\"https:\/\/teneryfka.pl\/en\/koszyk\/?add-to-cart=6543215404\" title=\"\">ZAM\u00d3W TERAZ <i class=\"vc_btn3-icon vc-material vc-material-keyboard_arrow_right\"><\/i><\/a><\/div><\/div><\/div><\/div><div data-vc-parallax=\"1.5\" class=\"wpb_column vc_column_container vc_col-sm-6 vc_col-has-fill vc_general vc_parallax vc_parallax-content-moving\"><div class=\"vc_column-inner\"><div class=\"wpb_wrapper\"><\/div><\/div><\/div><\/div><div class=\"vc_row-full-width vc_clearfix\"><\/div>\n<\/div>","protected":false},"excerpt":{"rendered":"PAKIET: TENERYFA, KT\u00d3REJ NIE ZAPOMNISZ Emocje + konkret. Serce + kierownica. Marzenia + mapa. Zabierz ze sob\u0105 dwa e-booki, kt\u00f3re razem tworz\u0105 najpi\u0119kniejsz\u0105 podr\u00f3\u017c Twojego \u017cycia po Teneryfie. Jeden przeprowadzi Ci\u0119 przez dusz\u0119 i smaki wyspy, drugi \u2013 przez najpi\u0119kniejsze trasy, punkty widokowe i sekrety ukryte na zakr\u0119tach. CO DOSTAJESZ W PAKIECIE? cloud_download E-book: Teneryfa, [...]","protected":false},"author":3,"featured_media":0,"parent":0,"menu_order":0,"comment_status":"closed","ping_status":"closed","template":"page-blank.php","meta":{"footnotes":""},"class_list":["post-6543215386","page","type-page","status-publish","hentry"],"yoast_head":"<!-- This site is optimized with the Yoast SEO plugin v25.3.1 - https:\/\/yoast.com\/wordpress\/plugins\/seo\/ -->\n<title>PAKIET: TENERYFA, KT\u00d3REJ NIE ZAPOMNISZ - Tenerife Adventure<\/title>\n<meta name=\"robots\" content=\"index, follow, max-snippet:-1, max-image-preview:large, max-video-preview:-1\" \/>\n<link rel=\"canonical\" href=\"https:\/\/teneryfka.pl\/en\/pakiet-teneryfa-ktorej-nie-zapomnisz\/\" \/>\n<meta property=\"og:locale\" content=\"en_GB\" \/>\n<meta property=\"og:type\" content=\"article\" \/>\n<meta property=\"og:title\" content=\"PAKIET: TENERYFA, KT\u00d3REJ NIE ZAPOMNISZ - Tenerife Adventure\" \/>\n<meta property=\"og:url\" content=\"https:\/\/teneryfka.pl\/en\/pakiet-teneryfa-ktorej-nie-zapomnisz\/\" \/>\n<meta property=\"og:site_name\" content=\"Tenerife Adventure\" \/>\n<meta property=\"article:modified_time\" content=\"2025-07-29T08:46:14+00:00\" \/>\n<meta name=\"twitter:card\" content=\"summary_large_image\" \/>\n<meta name=\"twitter:label1\" content=\"Estimated reading time\" \/>\n\t<meta name=\"twitter:data1\" content=\"5 minutes\" \/>\n<script type=\"application\/ld+json\" class=\"yoast-schema-graph\">{\"@context\":\"https:\/\/schema.org\",\"@graph\":[{\"@type\":\"WebPage\",\"@id\":\"https:\/\/teneryfka.pl\/pakiet-teneryfa-ktorej-nie-zapomnisz\/\",\"url\":\"https:\/\/teneryfka.pl\/pakiet-teneryfa-ktorej-nie-zapomnisz\/\",\"name\":\"PAKIET: TENERYFA, KT\u00d3REJ NIE ZAPOMNISZ - Tenerife Adventure\",\"isPartOf\":{\"@id\":\"https:\/\/teneryfka.pl\/#website\"},\"datePublished\":\"2025-07-24T23:17:21+00:00\",\"dateModified\":\"2025-07-29T08:46:14+00:00\",\"breadcrumb\":{\"@id\":\"https:\/\/teneryfka.pl\/pakiet-teneryfa-ktorej-nie-zapomnisz\/#breadcrumb\"},\"inLanguage\":\"en-GB\",\"potentialAction\":[{\"@type\":\"ReadAction\",\"target\":[\"https:\/\/teneryfka.pl\/pakiet-teneryfa-ktorej-nie-zapomnisz\/\"]}]},{\"@type\":\"BreadcrumbList\",\"@id\":\"https:\/\/teneryfka.pl\/pakiet-teneryfa-ktorej-nie-zapomnisz\/#breadcrumb\",\"itemListElement\":[{\"@type\":\"ListItem\",\"position\":1,\"name\":\"Strona g\u0142\u00f3wna\",\"item\":\"https:\/\/teneryfka.pl\/\"},{\"@type\":\"ListItem\",\"position\":2,\"name\":\"PAKIET: TENERYFA, KT\u00d3REJ NIE ZAPOMNISZ\"}]},{\"@type\":\"WebSite\",\"@id\":\"https:\/\/teneryfka.pl\/#website\",\"url\":\"https:\/\/teneryfka.pl\/\",\"name\":\"Tenerife Adventure\",\"description\":\"\",\"publisher\":{\"@id\":\"https:\/\/teneryfka.pl\/#organization\"},\"potentialAction\":[{\"@type\":\"SearchAction\",\"target\":{\"@type\":\"EntryPoint\",\"urlTemplate\":\"https:\/\/teneryfka.pl\/?s={search_term_string}\"},\"query-input\":{\"@type\":\"PropertyValueSpecification\",\"valueRequired\":true,\"valueName\":\"search_term_string\"}}],\"inLanguage\":\"en-GB\"},{\"@type\":\"Organization\",\"@id\":\"https:\/\/teneryfka.pl\/#organization\",\"name\":\"Tenerife Adventure\",\"url\":\"https:\/\/teneryfka.pl\/\",\"logo\":{\"@type\":\"ImageObject\",\"inLanguage\":\"en-GB\",\"@id\":\"https:\/\/teneryfka.pl\/#\/schema\/logo\/image\/\",\"url\":\"https:\/\/teneryfka.pl\/wp-content\/uploads\/2025\/05\/cropped-cropped-cropped-NOWE-LOGO-TENERIFE-3.png\",\"contentUrl\":\"https:\/\/teneryfka.pl\/wp-content\/uploads\/2025\/05\/cropped-cropped-cropped-NOWE-LOGO-TENERIFE-3.png\",\"width\":203,\"height\":120,\"caption\":\"Tenerife Adventure\"},\"image\":{\"@id\":\"https:\/\/teneryfka.pl\/#\/schema\/logo\/image\/\"}}]}<\/script>\n<!-- \/ Yoast SEO plugin. -->","yoast_head_json":{"title":"PAKIET: TENERYFA, KT\u00d3REJ NIE ZAPOMNISZ - Tenerife Adventure","robots":{"index":"index","follow":"follow","max-snippet":"max-snippet:-1","max-image-preview":"max-image-preview:large","max-video-preview":"max-video-preview:-1"},"canonical":"https:\/\/teneryfka.pl\/en\/pakiet-teneryfa-ktorej-nie-zapomnisz\/","og_locale":"en_GB","og_type":"article","og_title":"PAKIET: TENERYFA, KT\u00d3REJ NIE ZAPOMNISZ - Tenerife Adventure","og_url":"https:\/\/teneryfka.pl\/en\/pakiet-teneryfa-ktorej-nie-zapomnisz\/","og_site_name":"Tenerife Adventure","article_modified_time":"2025-07-29T08:46:14+00:00","twitter_card":"summary_large_image","twitter_misc":{"Estimated reading time":"5 minutes"},"schema":{"@context":"https:\/\/schema.org","@graph":[{"@type":"WebPage","@id":"https:\/\/teneryfka.pl\/pakiet-teneryfa-ktorej-nie-zapomnisz\/","url":"https:\/\/teneryfka.pl\/pakiet-teneryfa-ktorej-nie-zapomnisz\/","name":"PAKIET: TENERYFA, KT\u00d3REJ NIE ZAPOMNISZ - Tenerife Adventure","isPartOf":{"@id":"https:\/\/teneryfka.pl\/#website"},"datePublished":"2025-07-24T23:17:21+00:00","dateModified":"2025-07-29T08:46:14+00:00","breadcrumb":{"@id":"https:\/\/teneryfka.pl\/pakiet-teneryfa-ktorej-nie-zapomnisz\/#breadcrumb"},"inLanguage":"en-GB","potentialAction":[{"@type":"ReadAction","target":["https:\/\/teneryfka.pl\/pakiet-teneryfa-ktorej-nie-zapomnisz\/"]}]},{"@type":"BreadcrumbList","@id":"https:\/\/teneryfka.pl\/pakiet-teneryfa-ktorej-nie-zapomnisz\/#breadcrumb","itemListElement":[{"@type":"ListItem","position":1,"name":"Strona g\u0142\u00f3wna","item":"https:\/\/teneryfka.pl\/"},{"@type":"ListItem","position":2,"name":"PAKIET: TENERYFA, KT\u00d3REJ NIE ZAPOMNISZ"}]},{"@type":"WebSite","@id":"https:\/\/teneryfka.pl\/#website","url":"https:\/\/teneryfka.pl\/","name":"Tenerife Adventure","description":"","publisher":{"@id":"https:\/\/teneryfka.pl\/#organization"},"potentialAction":[{"@type":"SearchAction","target":{"@type":"EntryPoint","urlTemplate":"https:\/\/teneryfka.pl\/?s={search_term_string}"},"query-input":{"@type":"PropertyValueSpecification","valueRequired":true,"valueName":"search_term_string"}}],"inLanguage":"en-GB"},{"@type":"Organization","@id":"https:\/\/teneryfka.pl\/#organization","name":"Tenerife Adventure","url":"https:\/\/teneryfka.pl\/","logo":{"@type":"ImageObject","inLanguage":"en-GB","@id":"https:\/\/teneryfka.pl\/#\/schema\/logo\/image\/","url":"https:\/\/teneryfka.pl\/wp-content\/uploads\/2025\/05\/cropped-cropped-cropped-NOWE-LOGO-TENERIFE-3.png","contentUrl":"https:\/\/teneryfka.pl\/wp-content\/uploads\/2025\/05\/cropped-cropped-cropped-NOWE-LOGO-TENERIFE-3.png","width":203,"height":120,"caption":"Tenerife Adventure"},"image":{"@id":"https:\/\/teneryfka.pl\/#\/schema\/logo\/image\/"}}]}},"_links":{"self":[{"href":"https:\/\/teneryfka.pl\/en\/wp-json\/wp\/v2\/pages\/6543215386","targetHints":{"allow":["GET"]}}],"collection":[{"href":"https:\/\/teneryfka.pl\/en\/wp-json\/wp\/v2\/pages"}],"about":[{"href":"https:\/\/teneryfka.pl\/en\/wp-json\/wp\/v2\/types\/page"}],"author":[{"embeddable":true,"href":"https:\/\/teneryfka.pl\/en\/wp-json\/wp\/v2\/users\/3"}],"replies":[{"embeddable":true,"href":"https:\/\/teneryfka.pl\/en\/wp-json\/wp\/v2\/comments?post=6543215386"}],"version-history":[{"count":18,"href":"https:\/\/teneryfka.pl\/en\/wp-json\/wp\/v2\/pages\/6543215386\/revisions"}],"predecessor-version":[{"id":6543215444,"href":"https:\/\/teneryfka.pl\/en\/wp-json\/wp\/v2\/pages\/6543215386\/revisions\/6543215444"}],"wp:attachment":[{"href":"https:\/\/teneryfka.pl\/en\/wp-json\/wp\/v2\/media?parent=6543215386"}],"curies":[{"name":"wp","href":"https:\/\/api.w.org\/{rel}","templated":true}]}}