{"id":607,"date":"2023-10-17T16:34:29","date_gmt":"2023-10-17T16:34:29","guid":{"rendered":"https:\/\/teneryfka.pl\/?page_id=607"},"modified":"2026-04-28T13:42:38","modified_gmt":"2026-04-28T13:42:38","slug":"polityka-prywatosci","status":"publish","type":"page","link":"https:\/\/teneryfka.pl\/en\/polityka-prywatosci\/","title":{"rendered":"Privacy Policy"},"content":{"rendered":"<p>Data publikacji: 20 kwietnia 2025<br \/>\nObowi\u0105zuje od: 20 kwietnia 2026<\/p>\n<p>&nbsp;<\/p>\n<p>1. INFORMACJE OG\u00d3LNE<\/p>\n<p>Niniejsza Polityka Prywatno\u015bci okre\u015bla zasady przetwarzania danych osobowych w zwi\u0105zku z korzystaniem ze stron internetowych:<\/p>\n<p>www.teneryfka.pl<br \/>\nwww.ebooki.teneryfka.pl<\/p>\n<p>&nbsp;<\/p>\n<p>2. ADMINISTRATOR DANYCH<\/p>\n<p>Administratorem danych osobowych jest:<\/p>\n<p>Teneryfkapl<br \/>\nCalle El Sauce 1 \/ 105<br \/>\n38660 Adeje<br \/>\nSanta Cruz de Tenerife, Hiszpania<br \/>\nNIP: X3088332F<\/p>\n<p>Kontakt:<br \/>\ne-mail: info@teneryfka.pl<br \/>\ntelefon: +34 602 502 431<\/p>\n<p>&nbsp;<\/p>\n<p>3. ZAKRES ZBIERANYCH DANYCH<\/p>\n<p>Administrator mo\u017ce przetwarza\u0107 nast\u0119puj\u0105ce dane:<\/p>\n<p>&#8211; imi\u0119 i nazwisko<br \/>\n&#8211; adres e-mail<br \/>\n&#8211; numer telefonu<br \/>\n&#8211; dane niezb\u0119dne do realizacji zam\u00f3wienia<br \/>\n&#8211; adres IP oraz dane techniczne<\/p>\n<p>&nbsp;<\/p>\n<p>4. CEL PRZETWARZANIA DANYCH<\/p>\n<p>Dane osobowe przetwarzane s\u0105 w celu:<\/p>\n<p>&#8211; realizacji zam\u00f3wie\u0144 (wycieczki, atrakcje, ebooki)<br \/>\n&#8211; kontaktu z klientem<br \/>\n&#8211; obs\u0142ugi zapyta\u0144 i reklamacji<br \/>\n&#8211; prowadzenia analiz i statystyk<\/p>\n<p>&nbsp;<\/p>\n<p>5. PODSTAWA PRAWNA<\/p>\n<p>Dane przetwarzane s\u0105 na podstawie:<\/p>\n<p>&#8211; art. 6 ust. 1 lit. b RODO \u2013 realizacja umowy<br \/>\n&#8211; art. 6 ust. 1 lit. c RODO \u2013 obowi\u0105zek prawny<br \/>\n&#8211; art. 6 ust. 1 lit. f RODO \u2013 uzasadniony interes administratora<\/p>\n<p>&nbsp;<\/p>\n<p>6. ODBIORCY DANYCH<\/p>\n<p>Dane mog\u0105 by\u0107 przekazywane:<\/p>\n<p>&#8211; operatorom p\u0142atno\u015bci<br \/>\n&#8211; firmom ksi\u0119gowym<br \/>\n&#8211; partnerom realizuj\u0105cym us\u0142ugi (wycieczki)<br \/>\n&#8211; dostawcom system\u00f3w IT<\/p>\n<p>Dane nie s\u0105 sprzedawane osobom trzecim.<\/p>\n<p>&nbsp;<\/p>\n<p>7. OKRES PRZECHOWYWANIA<\/p>\n<p>Dane przechowywane s\u0105 przez czas:<\/p>\n<p>&#8211; realizacji umowy<br \/>\n&#8211; wymagany przepisami prawa<\/p>\n<p>&nbsp;<\/p>\n<p>8. PRAWA U\u017bYTKOWNIKA<\/p>\n<p>Ka\u017cdej osobie przys\u0142uguje prawo do:<\/p>\n<p>&#8211; dost\u0119pu do danych<br \/>\n&#8211; sprostowania danych<br \/>\n&#8211; usuni\u0119cia danych<br \/>\n&#8211; ograniczenia przetwarzania<br \/>\n&#8211; sprzeciwu<\/p>\n<p>Masz r\u00f3wnie\u017c prawo wniesienia skargi do organu nadzorczego.<\/p>\n<p>&nbsp;<\/p>\n<p>9. COOKIES<\/p>\n<p>Strona mo\u017ce wykorzystywa\u0107 pliki cookies w celu prawid\u0142owego dzia\u0142ania oraz analizy ruchu.<\/p>\n<p>&nbsp;<\/p>\n<p>10. ZABEZPIECZENIA<\/p>\n<p>Administrator stosuje odpowiednie \u015brodki techniczne i organizacyjne w celu ochrony danych.<\/p>\n<p>&nbsp;<\/p>\n<p>11. ZMIANY POLITYKI<\/p>\n<p>Administrator zastrzega sobie prawo do wprowadzania zmian w niniejszej Polityce Prywatno\u015bci.<\/p>","protected":false},"excerpt":{"rendered":"<p>Data publikacji: 20 kwietnia 2025 Obowi\u0105zuje od: 20 kwietnia 2026 &nbsp; 1. INFORMACJE OG\u00d3LNE Niniejsza Polityka Prywatno\u015bci okre\u015bla zasady przetwarzania danych osobowych w zwi\u0105zku z korzystaniem ze stron internetowych: www.teneryfka.pl www.ebooki.teneryfka.pl &nbsp; 2. ADMINISTRATOR DANYCH Administratorem danych osobowych jest: Teneryfkapl Calle El Sauce 1 \/ 105 38660 Adeje Santa Cruz de Tenerife, Hiszpania NIP: X3088332F [&hellip;]<\/p>","protected":false},"author":1,"featured_media":0,"parent":0,"menu_order":0,"comment_status":"closed","ping_status":"closed","template":"","meta":{"footnotes":""},"class_list":["post-607","page","type-page","status-publish","hentry"],"yoast_head":"<!-- This site is optimized with the Yoast SEO plugin v25.3.1 - https:\/\/yoast.com\/wordpress\/plugins\/seo\/ -->\n<title>Polityka prywatno\u015bci - Tenerife Adventure<\/title>\n<meta name=\"robots\" content=\"index, follow, max-snippet:-1, max-image-preview:large, max-video-preview:-1\" \/>\n<link rel=\"canonical\" href=\"https:\/\/teneryfka.pl\/en\/polityka-prywatosci\/\" \/>\n<meta property=\"og:locale\" content=\"en_GB\" \/>\n<meta property=\"og:type\" content=\"article\" \/>\n<meta property=\"og:title\" content=\"Polityka prywatno\u015bci - Tenerife Adventure\" \/>\n<meta property=\"og:description\" content=\"Data publikacji: 20 kwietnia 2025 Obowi\u0105zuje od: 20 kwietnia 2026 &nbsp; 1. INFORMACJE OG\u00d3LNE Niniejsza Polityka Prywatno\u015bci okre\u015bla zasady przetwarzania danych osobowych w zwi\u0105zku z korzystaniem ze stron internetowych: www.teneryfka.pl www.ebooki.teneryfka.pl &nbsp; 2. ADMINISTRATOR DANYCH Administratorem danych osobowych jest: Teneryfkapl Calle El Sauce 1 \/ 105 38660 Adeje Santa Cruz de Tenerife, Hiszpania NIP: X3088332F [&hellip;]\" \/>\n<meta property=\"og:url\" content=\"https:\/\/teneryfka.pl\/en\/polityka-prywatosci\/\" \/>\n<meta property=\"og:site_name\" content=\"Tenerife Adventure\" \/>\n<meta property=\"article:modified_time\" content=\"2026-04-28T13:42:38+00:00\" \/>\n<meta name=\"twitter:card\" content=\"summary_large_image\" \/>\n<meta name=\"twitter:label1\" content=\"Estimated reading time\" \/>\n\t<meta name=\"twitter:data1\" content=\"2 minutes\" \/>\n<script type=\"application\/ld+json\" class=\"yoast-schema-graph\">{\"@context\":\"https:\/\/schema.org\",\"@graph\":[{\"@type\":\"WebPage\",\"@id\":\"https:\/\/teneryfka.pl\/polityka-prywatosci\/\",\"url\":\"https:\/\/teneryfka.pl\/polityka-prywatosci\/\",\"name\":\"Polityka prywatno\u015bci - Tenerife Adventure\",\"isPartOf\":{\"@id\":\"https:\/\/teneryfka.pl\/#website\"},\"datePublished\":\"2023-10-17T16:34:29+00:00\",\"dateModified\":\"2026-04-28T13:42:38+00:00\",\"breadcrumb\":{\"@id\":\"https:\/\/teneryfka.pl\/polityka-prywatosci\/#breadcrumb\"},\"inLanguage\":\"en-GB\",\"potentialAction\":[{\"@type\":\"ReadAction\",\"target\":[\"https:\/\/teneryfka.pl\/polityka-prywatosci\/\"]}]},{\"@type\":\"BreadcrumbList\",\"@id\":\"https:\/\/teneryfka.pl\/polityka-prywatosci\/#breadcrumb\",\"itemListElement\":[{\"@type\":\"ListItem\",\"position\":1,\"name\":\"Strona g\u0142\u00f3wna\",\"item\":\"https:\/\/teneryfka.pl\/\"},{\"@type\":\"ListItem\",\"position\":2,\"name\":\"Polityka prywatno\u015bci\"}]},{\"@type\":\"WebSite\",\"@id\":\"https:\/\/teneryfka.pl\/#website\",\"url\":\"https:\/\/teneryfka.pl\/\",\"name\":\"Tenerife Adventure\",\"description\":\"\",\"publisher\":{\"@id\":\"https:\/\/teneryfka.pl\/#organization\"},\"potentialAction\":[{\"@type\":\"SearchAction\",\"target\":{\"@type\":\"EntryPoint\",\"urlTemplate\":\"https:\/\/teneryfka.pl\/?s={search_term_string}\"},\"query-input\":{\"@type\":\"PropertyValueSpecification\",\"valueRequired\":true,\"valueName\":\"search_term_string\"}}],\"inLanguage\":\"en-GB\"},{\"@type\":\"Organization\",\"@id\":\"https:\/\/teneryfka.pl\/#organization\",\"name\":\"Tenerife Adventure\",\"url\":\"https:\/\/teneryfka.pl\/\",\"logo\":{\"@type\":\"ImageObject\",\"inLanguage\":\"en-GB\",\"@id\":\"https:\/\/teneryfka.pl\/#\/schema\/logo\/image\/\",\"url\":\"https:\/\/teneryfka.pl\/wp-content\/uploads\/2025\/05\/cropped-cropped-cropped-NOWE-LOGO-TENERIFE-3.png\",\"contentUrl\":\"https:\/\/teneryfka.pl\/wp-content\/uploads\/2025\/05\/cropped-cropped-cropped-NOWE-LOGO-TENERIFE-3.png\",\"width\":203,\"height\":120,\"caption\":\"Tenerife Adventure\"},\"image\":{\"@id\":\"https:\/\/teneryfka.pl\/#\/schema\/logo\/image\/\"}}]}<\/script>\n<!-- \/ Yoast SEO plugin. -->","yoast_head_json":{"title":"Polityka prywatno\u015bci - Tenerife Adventure","robots":{"index":"index","follow":"follow","max-snippet":"max-snippet:-1","max-image-preview":"max-image-preview:large","max-video-preview":"max-video-preview:-1"},"canonical":"https:\/\/teneryfka.pl\/en\/polityka-prywatosci\/","og_locale":"en_GB","og_type":"article","og_title":"Polityka prywatno\u015bci - Tenerife Adventure","og_description":"Data publikacji: 20 kwietnia 2025 Obowi\u0105zuje od: 20 kwietnia 2026 &nbsp; 1. INFORMACJE OG\u00d3LNE Niniejsza Polityka Prywatno\u015bci okre\u015bla zasady przetwarzania danych osobowych w zwi\u0105zku z korzystaniem ze stron internetowych: www.teneryfka.pl www.ebooki.teneryfka.pl &nbsp; 2. ADMINISTRATOR DANYCH Administratorem danych osobowych jest: Teneryfkapl Calle El Sauce 1 \/ 105 38660 Adeje Santa Cruz de Tenerife, Hiszpania NIP: X3088332F [&hellip;]","og_url":"https:\/\/teneryfka.pl\/en\/polityka-prywatosci\/","og_site_name":"Tenerife Adventure","article_modified_time":"2026-04-28T13:42:38+00:00","twitter_card":"summary_large_image","twitter_misc":{"Estimated reading time":"2 minutes"},"schema":{"@context":"https:\/\/schema.org","@graph":[{"@type":"WebPage","@id":"https:\/\/teneryfka.pl\/polityka-prywatosci\/","url":"https:\/\/teneryfka.pl\/polityka-prywatosci\/","name":"Polityka prywatno\u015bci - Tenerife Adventure","isPartOf":{"@id":"https:\/\/teneryfka.pl\/#website"},"datePublished":"2023-10-17T16:34:29+00:00","dateModified":"2026-04-28T13:42:38+00:00","breadcrumb":{"@id":"https:\/\/teneryfka.pl\/polityka-prywatosci\/#breadcrumb"},"inLanguage":"en-GB","potentialAction":[{"@type":"ReadAction","target":["https:\/\/teneryfka.pl\/polityka-prywatosci\/"]}]},{"@type":"BreadcrumbList","@id":"https:\/\/teneryfka.pl\/polityka-prywatosci\/#breadcrumb","itemListElement":[{"@type":"ListItem","position":1,"name":"Strona g\u0142\u00f3wna","item":"https:\/\/teneryfka.pl\/"},{"@type":"ListItem","position":2,"name":"Polityka prywatno\u015bci"}]},{"@type":"WebSite","@id":"https:\/\/teneryfka.pl\/#website","url":"https:\/\/teneryfka.pl\/","name":"Tenerife Adventure","description":"","publisher":{"@id":"https:\/\/teneryfka.pl\/#organization"},"potentialAction":[{"@type":"SearchAction","target":{"@type":"EntryPoint","urlTemplate":"https:\/\/teneryfka.pl\/?s={search_term_string}"},"query-input":{"@type":"PropertyValueSpecification","valueRequired":true,"valueName":"search_term_string"}}],"inLanguage":"en-GB"},{"@type":"Organization","@id":"https:\/\/teneryfka.pl\/#organization","name":"Tenerife Adventure","url":"https:\/\/teneryfka.pl\/","logo":{"@type":"ImageObject","inLanguage":"en-GB","@id":"https:\/\/teneryfka.pl\/#\/schema\/logo\/image\/","url":"https:\/\/teneryfka.pl\/wp-content\/uploads\/2025\/05\/cropped-cropped-cropped-NOWE-LOGO-TENERIFE-3.png","contentUrl":"https:\/\/teneryfka.pl\/wp-content\/uploads\/2025\/05\/cropped-cropped-cropped-NOWE-LOGO-TENERIFE-3.png","width":203,"height":120,"caption":"Tenerife Adventure"},"image":{"@id":"https:\/\/teneryfka.pl\/#\/schema\/logo\/image\/"}}]}},"_links":{"self":[{"href":"https:\/\/teneryfka.pl\/en\/wp-json\/wp\/v2\/pages\/607","targetHints":{"allow":["GET"]}}],"collection":[{"href":"https:\/\/teneryfka.pl\/en\/wp-json\/wp\/v2\/pages"}],"about":[{"href":"https:\/\/teneryfka.pl\/en\/wp-json\/wp\/v2\/types\/page"}],"author":[{"embeddable":true,"href":"https:\/\/teneryfka.pl\/en\/wp-json\/wp\/v2\/users\/1"}],"replies":[{"embeddable":true,"href":"https:\/\/teneryfka.pl\/en\/wp-json\/wp\/v2\/comments?post=607"}],"version-history":[{"count":11,"href":"https:\/\/teneryfka.pl\/en\/wp-json\/wp\/v2\/pages\/607\/revisions"}],"predecessor-version":[{"id":6543215699,"href":"https:\/\/teneryfka.pl\/en\/wp-json\/wp\/v2\/pages\/607\/revisions\/6543215699"}],"wp:attachment":[{"href":"https:\/\/teneryfka.pl\/en\/wp-json\/wp\/v2\/media?parent=607"}],"curies":[{"name":"wp","href":"https:\/\/api.w.org\/{rel}","templated":true}]}}