{"id":6543215300,"date":"2025-07-22T15:08:04","date_gmt":"2025-07-22T15:08:04","guid":{"rendered":"https:\/\/teneryfka.pl\/?post_type=product&#038;p=6543215300"},"modified":"2025-07-29T09:17:09","modified_gmt":"2025-07-29T09:17:09","slug":"teneryfa-autem-bez-tajemnic","status":"publish","type":"product","link":"https:\/\/teneryfka.pl\/de\/produkt\/teneryfa-autem-bez-tajemnic\/","title":{"rendered":"Teneryfa autem bez tajemnic"},"content":{"rendered":"","protected":false},"excerpt":{"rendered":"<h3>150+ stron konkret\u00f3w, lokalnych sekret\u00f3w i\u00a0pi\u0119knych opis\u00f3w<\/h3>\n<p><strong>Spis tre\u015bci m.in.:<\/strong><\/p>\n<ul>\n<li>Przygotowanie do\u00a0podr\u00f3\u017cy: co\u00a0spakowa\u0107, jak je\u017adzi\u0107, gdzie tankowa\u0107<\/li>\n<li>3 dopracowane trasy:1. Wsch\u00f3d \u2013 duchowa Candelaria, kolonialna La\u00a0Laguna, dzika Anaga2. Wulkaniczne serce wyspy \u2013 Teide, Vilaflor, La\u00a0Orotava3. Zach\u00f3d \u2013 klify Los Gigantes, malownicze miasteczka i\u00a0rajskie pla\u017ce<\/li>\n<li>Parkowanie \u2013 mapa i\u00a0porady, gdzie zostawi\u0107 auto<\/li>\n<li>Polecane restauracje i\u00a0ukryte miejsc\u00f3wki<\/li>\n<li>Ciekawostki historyczne i\u00a0kulturowe (np.\u00a0kim byli Guanczowie i\u00a0gdzie s\u0105\u00a0ich \u015blady dzi\u015b)<\/li>\n<\/ul>","protected":false},"featured_media":6543215330,"comment_status":"open","ping_status":"closed","template":"","meta":[],"product_brand":[],"product_cat":[6543211831],"product_tag":[],"class_list":{"0":"post-6543215300","1":"product","2":"type-product","3":"status-publish","4":"has-post-thumbnail","6":"product_cat-e-booki","7":"one-fourth","9":"first","10":"instock","11":"downloadable","12":"virtual","13":"purchasable","14":"product-type-simple"},"yoast_head":"<!-- This site is optimized with the Yoast SEO plugin v25.3.1 - https:\/\/yoast.com\/wordpress\/plugins\/seo\/ -->\n<title>Teneryfa autem bez tajemnic - Tenerife Adventure<\/title>\n<meta name=\"robots\" content=\"index, follow, max-snippet:-1, max-image-preview:large, max-video-preview:-1\" \/>\n<link rel=\"canonical\" href=\"https:\/\/teneryfka.pl\/de\/produkt\/teneryfa-autem-bez-tajemnic\/\" \/>\n<meta property=\"og:locale\" content=\"de_DE\" \/>\n<meta property=\"og:type\" content=\"article\" \/>\n<meta property=\"og:title\" content=\"Teneryfa autem bez tajemnic - Tenerife Adventure\" \/>\n<meta property=\"og:description\" content=\"150+ stron konkret\u00f3w, lokalnych sekret\u00f3w i\u00a0pi\u0119knych opis\u00f3w Spis tre\u015bci m.in.:   Przygotowanie do\u00a0podr\u00f3\u017cy: co\u00a0spakowa\u0107, jak je\u017adzi\u0107, gdzie tankowa\u0107  3 dopracowane trasy:1. Wsch\u00f3d \u2013 duchowa Candelaria, kolonialna La\u00a0Laguna, dzika Anaga2. Wulkaniczne serce wyspy \u2013 Teide, Vilaflor, La\u00a0Orotava3. Zach\u00f3d \u2013 klify Los Gigantes, malownicze miasteczka i\u00a0rajskie pla\u017ce  Parkowanie \u2013 mapa i\u00a0porady, gdzie zostawi\u0107 auto  Polecane restauracje i\u00a0ukryte miejsc\u00f3wki  Ciekawostki historyczne i\u00a0kulturowe (np.\u00a0kim byli Guanczowie i\u00a0gdzie s\u0105\u00a0ich \u015blady dzi\u015b)\" \/>\n<meta property=\"og:url\" content=\"https:\/\/teneryfka.pl\/de\/produkt\/teneryfa-autem-bez-tajemnic\/\" \/>\n<meta property=\"og:site_name\" content=\"Tenerife Adventure\" \/>\n<meta property=\"article:modified_time\" content=\"2025-07-29T09:17:09+00:00\" \/>\n<meta property=\"og:image\" content=\"https:\/\/teneryfka.pl\/wp-content\/uploads\/2025\/07\/teneryfa-ktora-zostaje-w-sercu.png\" \/>\n\t<meta property=\"og:image:width\" content=\"768\" \/>\n\t<meta property=\"og:image:height\" content=\"1200\" \/>\n\t<meta property=\"og:image:type\" content=\"image\/png\" \/>\n<meta name=\"twitter:card\" content=\"summary_large_image\" \/>\n<meta name=\"twitter:label1\" content=\"Gesch\u00e4tzte Lesezeit\" \/>\n\t<meta name=\"twitter:data1\" content=\"1\u00a0Minute\" \/>\n<script type=\"application\/ld+json\" class=\"yoast-schema-graph\">{\"@context\":\"https:\/\/schema.org\",\"@graph\":[{\"@type\":\"WebPage\",\"@id\":\"https:\/\/teneryfka.pl\/produkt\/teneryfa-autem-bez-tajemnic\/\",\"url\":\"https:\/\/teneryfka.pl\/produkt\/teneryfa-autem-bez-tajemnic\/\",\"name\":\"Teneryfa autem bez tajemnic - Tenerife Adventure\",\"isPartOf\":{\"@id\":\"https:\/\/teneryfka.pl\/#website\"},\"primaryImageOfPage\":{\"@id\":\"https:\/\/teneryfka.pl\/produkt\/teneryfa-autem-bez-tajemnic\/#primaryimage\"},\"image\":{\"@id\":\"https:\/\/teneryfka.pl\/produkt\/teneryfa-autem-bez-tajemnic\/#primaryimage\"},\"thumbnailUrl\":\"https:\/\/teneryfka.pl\/wp-content\/uploads\/2025\/07\/teneryfa-ktora-zostaje-w-sercu.png\",\"datePublished\":\"2025-07-22T15:08:04+00:00\",\"dateModified\":\"2025-07-29T09:17:09+00:00\",\"breadcrumb\":{\"@id\":\"https:\/\/teneryfka.pl\/produkt\/teneryfa-autem-bez-tajemnic\/#breadcrumb\"},\"inLanguage\":\"de\",\"potentialAction\":[{\"@type\":\"ReadAction\",\"target\":[\"https:\/\/teneryfka.pl\/produkt\/teneryfa-autem-bez-tajemnic\/\"]}]},{\"@type\":\"ImageObject\",\"inLanguage\":\"de\",\"@id\":\"https:\/\/teneryfka.pl\/produkt\/teneryfa-autem-bez-tajemnic\/#primaryimage\",\"url\":\"https:\/\/teneryfka.pl\/wp-content\/uploads\/2025\/07\/teneryfa-ktora-zostaje-w-sercu.png\",\"contentUrl\":\"https:\/\/teneryfka.pl\/wp-content\/uploads\/2025\/07\/teneryfa-ktora-zostaje-w-sercu.png\",\"width\":768,\"height\":1200},{\"@type\":\"BreadcrumbList\",\"@id\":\"https:\/\/teneryfka.pl\/produkt\/teneryfa-autem-bez-tajemnic\/#breadcrumb\",\"itemListElement\":[{\"@type\":\"ListItem\",\"position\":1,\"name\":\"Strona g\u0142\u00f3wna\",\"item\":\"https:\/\/teneryfka.pl\/\"},{\"@type\":\"ListItem\",\"position\":2,\"name\":\"Sklep\",\"item\":\"https:\/\/teneryfka.pl\/sklep\/\"},{\"@type\":\"ListItem\",\"position\":3,\"name\":\"Teneryfa autem bez tajemnic\"}]},{\"@type\":\"WebSite\",\"@id\":\"https:\/\/teneryfka.pl\/#website\",\"url\":\"https:\/\/teneryfka.pl\/\",\"name\":\"Tenerife Adventure\",\"description\":\"\",\"publisher\":{\"@id\":\"https:\/\/teneryfka.pl\/#organization\"},\"potentialAction\":[{\"@type\":\"SearchAction\",\"target\":{\"@type\":\"EntryPoint\",\"urlTemplate\":\"https:\/\/teneryfka.pl\/?s={search_term_string}\"},\"query-input\":{\"@type\":\"PropertyValueSpecification\",\"valueRequired\":true,\"valueName\":\"search_term_string\"}}],\"inLanguage\":\"de\"},{\"@type\":\"Organization\",\"@id\":\"https:\/\/teneryfka.pl\/#organization\",\"name\":\"Tenerife Adventure\",\"url\":\"https:\/\/teneryfka.pl\/\",\"logo\":{\"@type\":\"ImageObject\",\"inLanguage\":\"de\",\"@id\":\"https:\/\/teneryfka.pl\/#\/schema\/logo\/image\/\",\"url\":\"https:\/\/teneryfka.pl\/wp-content\/uploads\/2025\/05\/cropped-cropped-cropped-NOWE-LOGO-TENERIFE-3.png\",\"contentUrl\":\"https:\/\/teneryfka.pl\/wp-content\/uploads\/2025\/05\/cropped-cropped-cropped-NOWE-LOGO-TENERIFE-3.png\",\"width\":203,\"height\":120,\"caption\":\"Tenerife Adventure\"},\"image\":{\"@id\":\"https:\/\/teneryfka.pl\/#\/schema\/logo\/image\/\"}}]}<\/script>\n<!-- \/ Yoast SEO plugin. -->","yoast_head_json":{"title":"Teneryfa autem bez tajemnic - Tenerife Adventure","robots":{"index":"index","follow":"follow","max-snippet":"max-snippet:-1","max-image-preview":"max-image-preview:large","max-video-preview":"max-video-preview:-1"},"canonical":"https:\/\/teneryfka.pl\/de\/produkt\/teneryfa-autem-bez-tajemnic\/","og_locale":"de_DE","og_type":"article","og_title":"Teneryfa autem bez tajemnic - Tenerife Adventure","og_description":"150+ stron konkret\u00f3w, lokalnych sekret\u00f3w i\u00a0pi\u0119knych opis\u00f3w Spis tre\u015bci m.in.:   Przygotowanie do\u00a0podr\u00f3\u017cy: co\u00a0spakowa\u0107, jak je\u017adzi\u0107, gdzie tankowa\u0107  3 dopracowane trasy:1. Wsch\u00f3d \u2013 duchowa Candelaria, kolonialna La\u00a0Laguna, dzika Anaga2. Wulkaniczne serce wyspy \u2013 Teide, Vilaflor, La\u00a0Orotava3. Zach\u00f3d \u2013 klify Los Gigantes, malownicze miasteczka i\u00a0rajskie pla\u017ce  Parkowanie \u2013 mapa i\u00a0porady, gdzie zostawi\u0107 auto  Polecane restauracje i\u00a0ukryte miejsc\u00f3wki  Ciekawostki historyczne i\u00a0kulturowe (np.\u00a0kim byli Guanczowie i\u00a0gdzie s\u0105\u00a0ich \u015blady dzi\u015b)","og_url":"https:\/\/teneryfka.pl\/de\/produkt\/teneryfa-autem-bez-tajemnic\/","og_site_name":"Tenerife Adventure","article_modified_time":"2025-07-29T09:17:09+00:00","og_image":[{"width":768,"height":1200,"url":"https:\/\/teneryfka.pl\/wp-content\/uploads\/2025\/07\/teneryfa-ktora-zostaje-w-sercu.png","type":"image\/png"}],"twitter_card":"summary_large_image","twitter_misc":{"Gesch\u00e4tzte Lesezeit":"1\u00a0Minute"},"schema":{"@context":"https:\/\/schema.org","@graph":[{"@type":"WebPage","@id":"https:\/\/teneryfka.pl\/produkt\/teneryfa-autem-bez-tajemnic\/","url":"https:\/\/teneryfka.pl\/produkt\/teneryfa-autem-bez-tajemnic\/","name":"Teneryfa autem bez tajemnic - Tenerife Adventure","isPartOf":{"@id":"https:\/\/teneryfka.pl\/#website"},"primaryImageOfPage":{"@id":"https:\/\/teneryfka.pl\/produkt\/teneryfa-autem-bez-tajemnic\/#primaryimage"},"image":{"@id":"https:\/\/teneryfka.pl\/produkt\/teneryfa-autem-bez-tajemnic\/#primaryimage"},"thumbnailUrl":"https:\/\/teneryfka.pl\/wp-content\/uploads\/2025\/07\/teneryfa-ktora-zostaje-w-sercu.png","datePublished":"2025-07-22T15:08:04+00:00","dateModified":"2025-07-29T09:17:09+00:00","breadcrumb":{"@id":"https:\/\/teneryfka.pl\/produkt\/teneryfa-autem-bez-tajemnic\/#breadcrumb"},"inLanguage":"de","potentialAction":[{"@type":"ReadAction","target":["https:\/\/teneryfka.pl\/produkt\/teneryfa-autem-bez-tajemnic\/"]}]},{"@type":"ImageObject","inLanguage":"de","@id":"https:\/\/teneryfka.pl\/produkt\/teneryfa-autem-bez-tajemnic\/#primaryimage","url":"https:\/\/teneryfka.pl\/wp-content\/uploads\/2025\/07\/teneryfa-ktora-zostaje-w-sercu.png","contentUrl":"https:\/\/teneryfka.pl\/wp-content\/uploads\/2025\/07\/teneryfa-ktora-zostaje-w-sercu.png","width":768,"height":1200},{"@type":"BreadcrumbList","@id":"https:\/\/teneryfka.pl\/produkt\/teneryfa-autem-bez-tajemnic\/#breadcrumb","itemListElement":[{"@type":"ListItem","position":1,"name":"Strona g\u0142\u00f3wna","item":"https:\/\/teneryfka.pl\/"},{"@type":"ListItem","position":2,"name":"Sklep","item":"https:\/\/teneryfka.pl\/sklep\/"},{"@type":"ListItem","position":3,"name":"Teneryfa autem bez tajemnic"}]},{"@type":"WebSite","@id":"https:\/\/teneryfka.pl\/#website","url":"https:\/\/teneryfka.pl\/","name":"Tenerife Adventure","description":"","publisher":{"@id":"https:\/\/teneryfka.pl\/#organization"},"potentialAction":[{"@type":"SearchAction","target":{"@type":"EntryPoint","urlTemplate":"https:\/\/teneryfka.pl\/?s={search_term_string}"},"query-input":{"@type":"PropertyValueSpecification","valueRequired":true,"valueName":"search_term_string"}}],"inLanguage":"de"},{"@type":"Organization","@id":"https:\/\/teneryfka.pl\/#organization","name":"Tenerife Adventure","url":"https:\/\/teneryfka.pl\/","logo":{"@type":"ImageObject","inLanguage":"de","@id":"https:\/\/teneryfka.pl\/#\/schema\/logo\/image\/","url":"https:\/\/teneryfka.pl\/wp-content\/uploads\/2025\/05\/cropped-cropped-cropped-NOWE-LOGO-TENERIFE-3.png","contentUrl":"https:\/\/teneryfka.pl\/wp-content\/uploads\/2025\/05\/cropped-cropped-cropped-NOWE-LOGO-TENERIFE-3.png","width":203,"height":120,"caption":"Tenerife Adventure"},"image":{"@id":"https:\/\/teneryfka.pl\/#\/schema\/logo\/image\/"}}]}},"_links":{"self":[{"href":"https:\/\/teneryfka.pl\/de\/wp-json\/wp\/v2\/product\/6543215300","targetHints":{"allow":["GET"]}}],"collection":[{"href":"https:\/\/teneryfka.pl\/de\/wp-json\/wp\/v2\/product"}],"about":[{"href":"https:\/\/teneryfka.pl\/de\/wp-json\/wp\/v2\/types\/product"}],"replies":[{"embeddable":true,"href":"https:\/\/teneryfka.pl\/de\/wp-json\/wp\/v2\/comments?post=6543215300"}],"wp:featuredmedia":[{"embeddable":true,"href":"https:\/\/teneryfka.pl\/de\/wp-json\/wp\/v2\/media\/6543215330"}],"wp:attachment":[{"href":"https:\/\/teneryfka.pl\/de\/wp-json\/wp\/v2\/media?parent=6543215300"}],"wp:term":[{"taxonomy":"product_brand","embeddable":true,"href":"https:\/\/teneryfka.pl\/de\/wp-json\/wp\/v2\/product_brand?post=6543215300"},{"taxonomy":"product_cat","embeddable":true,"href":"https:\/\/teneryfka.pl\/de\/wp-json\/wp\/v2\/product_cat?post=6543215300"},{"taxonomy":"product_tag","embeddable":true,"href":"https:\/\/teneryfka.pl\/de\/wp-json\/wp\/v2\/product_tag?post=6543215300"}],"curies":[{"name":"wp","href":"https:\/\/api.w.org\/{rel}","templated":true}]}}