{"id":678,"date":"2023-11-03T16:21:13","date_gmt":"2023-11-03T16:21:13","guid":{"rendered":"https:\/\/teneryfka.pl\/?page_id=678"},"modified":"2024-01-08T17:25:05","modified_gmt":"2024-01-08T17:25:05","slug":"regulamin","status":"publish","type":"page","link":"https:\/\/teneryfka.pl\/de\/regulamin\/","title":{"rendered":"Allgemeine Gesch\u00e4ftsbedingungen"},"content":{"rendered":"<div class=\"wpb-content-wrapper\"><div class=\"vc_row wpb_row vc_row-fluid\"><div class=\"wpb_column vc_column_container vc_col-sm-12\"><div class=\"vc_column-inner\"><div class=\"wpb_wrapper\">\n\t<div class=\"wpb_text_column wpb_content_element\" >\n\t\t<div class=\"wpb_wrapper\">\n\t\t\t<p><strong>Regulamin zakup\u00f3w w serwisie teneryfka.pl<\/strong><\/p>\n<p><strong>1. Allgemeine Informationen<\/strong><\/p>\n<ul>\n<li>Das Unternehmen ist bei der Consejeria de Turismo, Cultura y Deportes, Direccion General de Ordenacion y Promocion Turistica, eingetragen,<br \/>Gobierno de Canarias;<br \/>NIF: X3088332F.<\/li>\n<li>Warunki sprzeda\u017cy maj\u0105 zastosowanie do zakupu biletu dokonanego w serwisie teneryfka.pl, czyli firmy zarejestrowanej w Hiszpanii pod adresem:<br \/>Avenida Maritima 31, C.C. Playa la Arena, Lokal 25, 38683 Puerto Santiago, Santa Cruz de Tenerife, Spanien.<\/li>\n<\/ul>\n<p><!-- \/wp:post-content --><strong>2. Erwerb\/Kauf\/Ausf\u00fchrung eines Tickets<\/strong><\/p>\n<ul>\n<li>Erwerben d\u00fcrfen es nur Personen, die das 18. Lebensjahr vollendet haben. Beim Kauf muss ein Bestellformular ausgef\u00fcllt und der Gesamtbetrag bezahlt werden.<\/li>\n<li>Das Klicken auf den Button 'Buchen' f\u00fchrt zur Zahlungsseite. Erst nachdem die Zahlung get\u00e4tigt wurde, wird eine Best\u00e4tigungs-E-Mail an Tenerifeadventure.eu gesendet, wodurch die Bestellung f\u00fcr den Dienst abgeschlossen wird.<\/li>\n<li>Die Mindestzeit f\u00fcr den Kauf eines Tickets betr\u00e4gt 24 Stunden vor der Erbringung der Dienstleistung.<\/li>\n<li>Tenerifeadventure.eu beh\u00e4lt sich das Recht vor, eine Kundenbestellung abzulehnen, wenn diese nicht realisierbar ist (z.B. keine freien Pl\u00e4tze, ung\u00fcnstige Wetterbedingungen, zu kurze Zeit f\u00fcr die Bearbeitung des Auftrags). Hat der Kunde bereits bezahlt und seine Bestellung wird abgelehnt, verpflichtet sich Tenerifeadventure.eu zur R\u00fcckerstattung des vollst\u00e4ndig gezahlten Betrags.<\/li>\n<li>Das Ticket kann nur einmal bei der Ausf\u00fchrung der Bestellung bei einem Partner von Tenerifeadventure.eu eingel\u00f6st werden.<\/li>\n<li>Um das Ticket einzul\u00f6sen, muss es innerhalb des G\u00fcltigkeitszeitraums dem Partner vorgelegt werden.<\/li>\n<li>Ein Ticket, das nicht innerhalb seiner G\u00fcltigkeitsdauer eingel\u00f6st wird, verf\u00e4llt automatisch. Eine abgelaufene Bestellung kann nicht erf\u00fcllt werden, und der Ticketinhaber hat keinen Anspruch auf R\u00fcckerstattung oder Entsch\u00e4digung.<\/li>\n<li>Das Ticket kann nur in seiner Gesamtheit eingel\u00f6st werden. Es unterliegt keiner teilweisen oder schrittweisen Erf\u00fcllung.<\/li>\n<li>Wenn der Partner aufgrund unvorhersehbarer Umst\u00e4nde nicht in der Lage ist, den von Tenerifeadventure.eu beschriebenen Service zu erbringen, wird Tenerifeadventure.eu Sie umgehend per E-Mail oder Telefon \u00fcber diesen Sachverhalt informieren. Tenerifeadventure.eu wird Ihnen ein neues Ticket anbieten, das vergleichbare Vorteile bietet (falls verf\u00fcgbar) oder eine vollst\u00e4ndige R\u00fcckerstattung der Ticketkosten.<\/li>\n<li>Wenn der Kunde den Gebrauch der Bestellung storniert hat und die Stornierung innerhalb von 48 Stunden oder weniger vor dem Ausf\u00fchrungsdatum des Dienstes erfolgte, ist er verpflichtet, 50% der Gesamtkosten des Dienstes zu zahlen, gem\u00e4\u00df den Handelsvorschriften der Reiseagenten in Spanien, datiert auf den 25. Februar 1953.<\/li>\n<li>Das Ticket kann ausschlie\u00dflich f\u00fcr den pers\u00f6nlichen, nicht-kommerziellen Gebrauch erworben werden (es kann jedoch an eine andere Person f\u00fcr deren pers\u00f6nlichen, nicht-kommerziellen Gebrauch \u00fcbertragen werden).<\/li>\n<li>Der K\u00e4ufer tr\u00e4gt die alleinige Verantwortung f\u00fcr das Ticket. Weder Tenerifeadventure.eu noch der Partner sind verantwortlich f\u00fcr verlorene oder gestohlene Tickets.<\/li>\n<\/ul>\n<p><!-- \/wp:list-item --><!-- \/wp:list --><\/p>\n<p><!-- wp:paragraph --><strong>3. Der K\u00e4ufer verpflichtet sich, keine falschen Angaben zu machen, einschlie\u00dflich falscher Namen, Adressdaten, Kontaktinformationen oder Zahlungsdetails;<\/strong><br \/>Der K\u00e4ufer verpflichtet sich ebenfalls, keine rechtswidrigen Handlungen bez\u00fcglich des Erwerbs oder der Nutzung des Tickets zu unternehmen, sowie zu verhindern, dass andere Personen solche Handlungen vornehmen.<\/p>\n<p><!-- \/wp:paragraph --><\/p>\n<p><!-- wp:paragraph --><strong>4. Stornierung, R\u00fcckerstattung und Probleme<\/strong><\/p>\n<ul>\n<li>Der Kunde hat das Recht, innerhalb von 14 Kalendertagen ab dem Tag, an dem er die Kaufbest\u00e4tigung per E-Mail erhalten hat, vom Ticketkaufvertrag zur\u00fcckzutreten.<\/li>\n<li>Indem er sich von der Einl\u00f6sung des Gutscheins 48 Stunden oder weniger vor dem geplanten Servicetermin zur\u00fcckzieht, verpflichtet sich der Kunde, 50% des Gesamtpreises des Dienstes zu zahlen, gem\u00e4\u00df den Handelsvorschriften der Reiseagenten in Spanien, datiert auf den 25. Februar 1953.<\/li>\n<li>O odst\u0105pieniu od umowy poinformowa\u0107 mo\u017cna wype\u0142niaj\u0105c i przesy\u0142aj\u0105c formularz na stronie teneryfka.pl, w dziale kontakt poprzez kontakt e-mail lub poprzez kontakt telefoniczny<\/li>\n<li>Alle Angelegenheiten bez\u00fcglich R\u00fcckerstattungen werden direkt mit dem Serviceteam von Tenerifeadventure.eu besprochen.<\/li>\n<li>Der K\u00e4ufer ist sich bewusst, dass es der Partner ist, und nicht Tenerifeadventure.eu, der f\u00fcr den Dienst und dessen Ausf\u00fchrung verantwortlich ist.<\/li>\n<\/ul>\n<p><strong>5. Beschwerde<\/strong><\/p>\n<p>Alle Beschwerden werden direkt mit dem Kunden telefonisch oder im B\u00fcro von Tenerife Adventure besprochen, um die Einzelheiten zu er\u00f6rtern. Falls eine schriftliche Beschwerde erforderlich ist, wird der Kunde informiert. Dies kann in F\u00e4llen vorkommen, in denen eine solche Beschwerde vom Partner verlangt wird, mit dem Tenerife Adventure zusammenarbeitet und der die Dienstleistung erbracht hat. Jede Beschwerde kann vom Kunden schriftlich oder m\u00fcndlich eingereicht werden. Jede\u00a0<strong>beschwerde\u00a0<\/strong>wird gr\u00fcndlich er\u00f6rtert, damit sowohl der Kunde als auch Tenerife Adventure sowie der Partner, mit dem Tenerife Adventure zusammenarbeitet, zufrieden sind. Beschwerden werden umgehend bearbeitet.<\/p>\n\n\t\t<\/div>\n\t<\/div>\n<\/div><\/div><\/div><\/div>\n<\/div>","protected":false},"excerpt":{"rendered":"Regulamin zakup\u00f3w w serwisie teneryfka.pl 1. Informacje og\u00f3lne Firma jest zarejestrowana w Consejeria de Turismo, Cultura y Deportes, Direccion General de Ordenacion y Promocion Turistica,Gobierno de Canarias;NIF: X3088332F. Warunki sprzeda\u017cy maj\u0105 zastosowanie do zakupu biletu dokonanego w serwisie teneryfka.pl, czyli firmy zarejestrowanej w Hiszpanii pod adresem:Avenida Maritima 31, C.C. Playa la Arena lokal 25, 38683 [...]","protected":false},"author":1,"featured_media":0,"parent":0,"menu_order":0,"comment_status":"closed","ping_status":"closed","template":"","meta":{"footnotes":""},"class_list":["post-678","page","type-page","status-publish","hentry"],"yoast_head":"<!-- This site is optimized with the Yoast SEO plugin v25.3.1 - https:\/\/yoast.com\/wordpress\/plugins\/seo\/ -->\n<title>Regulamin - Tenerife Adventure<\/title>\n<meta name=\"robots\" content=\"index, follow, max-snippet:-1, max-image-preview:large, max-video-preview:-1\" \/>\n<link rel=\"canonical\" href=\"https:\/\/teneryfka.pl\/de\/regulamin\/\" \/>\n<meta property=\"og:locale\" content=\"de_DE\" \/>\n<meta property=\"og:type\" content=\"article\" \/>\n<meta property=\"og:title\" content=\"Regulamin - Tenerife Adventure\" \/>\n<meta property=\"og:url\" content=\"https:\/\/teneryfka.pl\/de\/regulamin\/\" \/>\n<meta property=\"og:site_name\" content=\"Tenerife Adventure\" \/>\n<meta property=\"article:modified_time\" content=\"2024-01-08T17:25:05+00:00\" \/>\n<meta name=\"twitter:card\" content=\"summary_large_image\" \/>\n<meta name=\"twitter:label1\" content=\"Gesch\u00e4tzte Lesezeit\" \/>\n\t<meta name=\"twitter:data1\" content=\"4\u00a0Minuten\" \/>\n<script type=\"application\/ld+json\" class=\"yoast-schema-graph\">{\"@context\":\"https:\/\/schema.org\",\"@graph\":[{\"@type\":\"WebPage\",\"@id\":\"https:\/\/teneryfka.pl\/regulamin\/\",\"url\":\"https:\/\/teneryfka.pl\/regulamin\/\",\"name\":\"Regulamin - Tenerife Adventure\",\"isPartOf\":{\"@id\":\"https:\/\/teneryfka.pl\/#website\"},\"datePublished\":\"2023-11-03T16:21:13+00:00\",\"dateModified\":\"2024-01-08T17:25:05+00:00\",\"breadcrumb\":{\"@id\":\"https:\/\/teneryfka.pl\/regulamin\/#breadcrumb\"},\"inLanguage\":\"de\",\"potentialAction\":[{\"@type\":\"ReadAction\",\"target\":[\"https:\/\/teneryfka.pl\/regulamin\/\"]}]},{\"@type\":\"BreadcrumbList\",\"@id\":\"https:\/\/teneryfka.pl\/regulamin\/#breadcrumb\",\"itemListElement\":[{\"@type\":\"ListItem\",\"position\":1,\"name\":\"Strona g\u0142\u00f3wna\",\"item\":\"https:\/\/teneryfka.pl\/\"},{\"@type\":\"ListItem\",\"position\":2,\"name\":\"Regulamin\"}]},{\"@type\":\"WebSite\",\"@id\":\"https:\/\/teneryfka.pl\/#website\",\"url\":\"https:\/\/teneryfka.pl\/\",\"name\":\"Tenerife Adventure\",\"description\":\"\",\"publisher\":{\"@id\":\"https:\/\/teneryfka.pl\/#organization\"},\"potentialAction\":[{\"@type\":\"SearchAction\",\"target\":{\"@type\":\"EntryPoint\",\"urlTemplate\":\"https:\/\/teneryfka.pl\/?s={search_term_string}\"},\"query-input\":{\"@type\":\"PropertyValueSpecification\",\"valueRequired\":true,\"valueName\":\"search_term_string\"}}],\"inLanguage\":\"de\"},{\"@type\":\"Organization\",\"@id\":\"https:\/\/teneryfka.pl\/#organization\",\"name\":\"Tenerife Adventure\",\"url\":\"https:\/\/teneryfka.pl\/\",\"logo\":{\"@type\":\"ImageObject\",\"inLanguage\":\"de\",\"@id\":\"https:\/\/teneryfka.pl\/#\/schema\/logo\/image\/\",\"url\":\"https:\/\/teneryfka.pl\/wp-content\/uploads\/2025\/05\/cropped-cropped-cropped-NOWE-LOGO-TENERIFE-3.png\",\"contentUrl\":\"https:\/\/teneryfka.pl\/wp-content\/uploads\/2025\/05\/cropped-cropped-cropped-NOWE-LOGO-TENERIFE-3.png\",\"width\":203,\"height\":120,\"caption\":\"Tenerife Adventure\"},\"image\":{\"@id\":\"https:\/\/teneryfka.pl\/#\/schema\/logo\/image\/\"}}]}<\/script>\n<!-- \/ Yoast SEO plugin. -->","yoast_head_json":{"title":"Regulamin - Tenerife Adventure","robots":{"index":"index","follow":"follow","max-snippet":"max-snippet:-1","max-image-preview":"max-image-preview:large","max-video-preview":"max-video-preview:-1"},"canonical":"https:\/\/teneryfka.pl\/de\/regulamin\/","og_locale":"de_DE","og_type":"article","og_title":"Regulamin - Tenerife Adventure","og_url":"https:\/\/teneryfka.pl\/de\/regulamin\/","og_site_name":"Tenerife Adventure","article_modified_time":"2024-01-08T17:25:05+00:00","twitter_card":"summary_large_image","twitter_misc":{"Gesch\u00e4tzte Lesezeit":"4\u00a0Minuten"},"schema":{"@context":"https:\/\/schema.org","@graph":[{"@type":"WebPage","@id":"https:\/\/teneryfka.pl\/regulamin\/","url":"https:\/\/teneryfka.pl\/regulamin\/","name":"Regulamin - Tenerife Adventure","isPartOf":{"@id":"https:\/\/teneryfka.pl\/#website"},"datePublished":"2023-11-03T16:21:13+00:00","dateModified":"2024-01-08T17:25:05+00:00","breadcrumb":{"@id":"https:\/\/teneryfka.pl\/regulamin\/#breadcrumb"},"inLanguage":"de","potentialAction":[{"@type":"ReadAction","target":["https:\/\/teneryfka.pl\/regulamin\/"]}]},{"@type":"BreadcrumbList","@id":"https:\/\/teneryfka.pl\/regulamin\/#breadcrumb","itemListElement":[{"@type":"ListItem","position":1,"name":"Strona g\u0142\u00f3wna","item":"https:\/\/teneryfka.pl\/"},{"@type":"ListItem","position":2,"name":"Regulamin"}]},{"@type":"WebSite","@id":"https:\/\/teneryfka.pl\/#website","url":"https:\/\/teneryfka.pl\/","name":"Tenerife Adventure","description":"","publisher":{"@id":"https:\/\/teneryfka.pl\/#organization"},"potentialAction":[{"@type":"SearchAction","target":{"@type":"EntryPoint","urlTemplate":"https:\/\/teneryfka.pl\/?s={search_term_string}"},"query-input":{"@type":"PropertyValueSpecification","valueRequired":true,"valueName":"search_term_string"}}],"inLanguage":"de"},{"@type":"Organization","@id":"https:\/\/teneryfka.pl\/#organization","name":"Tenerife Adventure","url":"https:\/\/teneryfka.pl\/","logo":{"@type":"ImageObject","inLanguage":"de","@id":"https:\/\/teneryfka.pl\/#\/schema\/logo\/image\/","url":"https:\/\/teneryfka.pl\/wp-content\/uploads\/2025\/05\/cropped-cropped-cropped-NOWE-LOGO-TENERIFE-3.png","contentUrl":"https:\/\/teneryfka.pl\/wp-content\/uploads\/2025\/05\/cropped-cropped-cropped-NOWE-LOGO-TENERIFE-3.png","width":203,"height":120,"caption":"Tenerife Adventure"},"image":{"@id":"https:\/\/teneryfka.pl\/#\/schema\/logo\/image\/"}}]}},"_links":{"self":[{"href":"https:\/\/teneryfka.pl\/de\/wp-json\/wp\/v2\/pages\/678","targetHints":{"allow":["GET"]}}],"collection":[{"href":"https:\/\/teneryfka.pl\/de\/wp-json\/wp\/v2\/pages"}],"about":[{"href":"https:\/\/teneryfka.pl\/de\/wp-json\/wp\/v2\/types\/page"}],"author":[{"embeddable":true,"href":"https:\/\/teneryfka.pl\/de\/wp-json\/wp\/v2\/users\/1"}],"replies":[{"embeddable":true,"href":"https:\/\/teneryfka.pl\/de\/wp-json\/wp\/v2\/comments?post=678"}],"version-history":[{"count":5,"href":"https:\/\/teneryfka.pl\/de\/wp-json\/wp\/v2\/pages\/678\/revisions"}],"predecessor-version":[{"id":6543211530,"href":"https:\/\/teneryfka.pl\/de\/wp-json\/wp\/v2\/pages\/678\/revisions\/6543211530"}],"wp:attachment":[{"href":"https:\/\/teneryfka.pl\/de\/wp-json\/wp\/v2\/media?parent=678"}],"curies":[{"name":"wp","href":"https:\/\/api.w.org\/{rel}","templated":true}]}}